{"id":167,"date":"2025-06-19T10:24:12","date_gmt":"2025-06-19T10:24:12","guid":{"rendered":"https:\/\/azorflexwork.com\/?page_id=167"},"modified":"2025-07-11T13:05:38","modified_gmt":"2025-07-11T13:05:38","slug":"werkgevers","status":"publish","type":"page","link":"https:\/\/azorflexwork.com\/pl\/werkgevers\/","title":{"rendered":"Pracodawcy"},"content":{"rendered":"<section class=\"bde-section-167-200 bde-section\">\n              \n  \n  \n\t\n\n  <div class=\"section-background-overlay\"><\/div>\n\n\n<div class=\"section-container\"><h1 class=\"bde-dual-heading-167-201 bde-dual-heading\">\n\n\n            <span data-style=\"primary\" class=\"dual-heading--primary\">Gdzie<\/span>\n\n            <span data-style=\"secondary\" class=\"dual-heading--secondary\">jako\u015b\u0107 i pasja<\/span>\n\n            <span data-style=\"primary\" class=\"dual-heading--primary\">Wsp\u00f3lne d\u0105\u017cenie do wzrostu<\/span>\n\n\n\n<\/h1><\/div>\n<\/section><section class=\"bde-section-167-106 bde-section\">\n  \n  \n\t\n\n\n\n<div class=\"section-container\"><div class=\"bde-columns-167-107 bde-columns\"><div class=\"bde-column-167-108 bde-column\">\n  \n  \n\t\n\n\n\n<h1 class=\"bde-dual-heading-167-109 bde-dual-heading\">\n\n\n            <span data-style=\"primary\" class=\"dual-heading--primary\">Silni talentem razem w <\/span>\n\n            <span data-style=\"secondary\" class=\"dual-heading--secondary\">rynek pracy<\/span>\n\n\n\n<\/h1><div class=\"bde-text-167-110 bde-text\">\nW Azor Flex Work gwarantujemy doskona\u0142o\u015b\u0107 na ka\u017cdym etapie procesu rekrutacji.<br><br>Nasze zaanga\u017cowanie w jako\u015b\u0107, zorientowanie na klienta i innowacyjno\u015b\u0107 czyni nas wyj\u0105tkowymi. Dostosowujemy nasze podej\u015bcie do konkretnych potrzeb Twojej firmy.<br><br>W Azor Flex Work kluczowa jest dog\u0142\u0119bna selekcja; zapewniamy, \u017ce wszyscy kandydaci s\u0105 dok\u0142adnie oceniani pod k\u0105tem ich umiej\u0119tno\u015bci, do\u015bwiadczenia i przydatno\u015bci na dane stanowisko. Dzi\u0119ki temu mo\u017cemy zaoferowa\u0107 zar\u00f3wno pracodawcom, jak i pracownikom najlepsze mo\u017cliwe dopasowanie.\n<\/div><div class=\"bde-div-167-111 bde-div\">\n  \n  \n\t\n\n\n\n<div class=\"bde-button-167-112 bde-button\">\n    \n                                    \n    \n    \n    \n    \n            \n                    \n            \n            \n\n    \n    \n    \n    \n    \n    <a class=\"breakdance-link button-atom button-atom--primary bde-button__button\" href=\"https:\/\/azorflexwork.com\/pl\/contact\/\" target=\"_self\" data-type=\"url\"  >\n\n    \n        <span class=\"button-atom__text\">Znajd\u017a nowego wsp\u00f3\u0142pracownika<\/span>\n\n        \n        \n                <\/a>\n\n    \n\n\n<\/div>\n<\/div>\n<\/div><div class=\"bde-column-167-113 bde-column\">\n  \n  \n\t\n\n\n\n<div class=\"bde-image-167-114 bde-image\">\n<figure class=\"breakdance-image breakdance-image--391\">\n\t<div class=\"breakdance-image-container\">\n\t\t<div class=\"breakdance-image-clip\"><img loading=\"lazy\" decoding=\"async\" class=\"breakdance-image-object\" src=\"https:\/\/azorflexwork.com\/wp-content\/uploads\/2025\/06\/people-taking-care-warehouse-logistics-together-scaled.jpg\" width=\"1709\" height=\"2560\" srcset=\"https:\/\/azorflexwork.com\/wp-content\/uploads\/2025\/06\/people-taking-care-warehouse-logistics-together-scaled.jpg 1709w, https:\/\/azorflexwork.com\/wp-content\/uploads\/2025\/06\/people-taking-care-warehouse-logistics-together-200x300.jpg 200w, https:\/\/azorflexwork.com\/wp-content\/uploads\/2025\/06\/people-taking-care-warehouse-logistics-together-683x1024.jpg 683w, https:\/\/azorflexwork.com\/wp-content\/uploads\/2025\/06\/people-taking-care-warehouse-logistics-together-768x1151.jpg 768w, https:\/\/azorflexwork.com\/wp-content\/uploads\/2025\/06\/people-taking-care-warehouse-logistics-together-1025x1536.jpg 1025w, https:\/\/azorflexwork.com\/wp-content\/uploads\/2025\/06\/people-taking-care-warehouse-logistics-together-1367x2048.jpg 1367w\" sizes=\"auto, (max-width: 1709px) 100vw, 1709px\"><\/div>\n\t<\/div><\/figure>\n\n<\/div><div class=\"bde-image-167-136 bde-image\">\n<figure class=\"breakdance-image breakdance-image--392\">\n\t<div class=\"breakdance-image-container\">\n\t\t<div class=\"breakdance-image-clip\"><img loading=\"lazy\" decoding=\"async\" class=\"breakdance-image-object\" src=\"https:\/\/azorflexwork.com\/wp-content\/uploads\/2025\/06\/person-disinfecting-restricted-area-scaled.jpg\" width=\"1707\" height=\"2560\" srcset=\"https:\/\/azorflexwork.com\/wp-content\/uploads\/2025\/06\/person-disinfecting-restricted-area-scaled.jpg 1707w, https:\/\/azorflexwork.com\/wp-content\/uploads\/2025\/06\/person-disinfecting-restricted-area-200x300.jpg 200w, https:\/\/azorflexwork.com\/wp-content\/uploads\/2025\/06\/person-disinfecting-restricted-area-683x1024.jpg 683w, https:\/\/azorflexwork.com\/wp-content\/uploads\/2025\/06\/person-disinfecting-restricted-area-768x1152.jpg 768w, https:\/\/azorflexwork.com\/wp-content\/uploads\/2025\/06\/person-disinfecting-restricted-area-1024x1536.jpg 1024w, https:\/\/azorflexwork.com\/wp-content\/uploads\/2025\/06\/person-disinfecting-restricted-area-1365x2048.jpg 1365w\" sizes=\"auto, (max-width: 1707px) 100vw, 1707px\"><\/div>\n\t<\/div><\/figure>\n\n<\/div>\n<\/div><\/div><\/div>\n<\/section><section class=\"bde-section-167-119 bde-section\">\n  \n  \n\t\n\n\n\n<div class=\"section-container\"><div class=\"bde-columns-167-120 bde-columns\"><div class=\"bde-column-167-121 bde-column\">\n  \n  \n\t\n\n\n\n<h3 class=\"bde-heading-167-122 bde-heading\">\nMetodologia\n<\/h3><div class=\"bde-text-167-123 bde-text\">\nPodziel si\u0119 swoimi \u017cyczeniami<br>Powiedz nam, czego szukasz\n<\/div><a class=\"bde-container-link-167-124 bde-container-link breakdance-link\" href=\"#\" target=\"_self\">\n  \n  \n\t\n\n\n\n<div class=\"bde-image-167-125 bde-image\">\n<figure class=\"breakdance-image breakdance-image--75\">\n\t<div class=\"breakdance-image-container\">\n\t\t<div class=\"breakdance-image-clip\"><img loading=\"lazy\" decoding=\"async\" class=\"breakdance-image-object\" src=\"https:\/\/azorflexwork.com\/wp-content\/uploads\/2025\/06\/pijl.png\" width=\"375\" height=\"62\" srcset=\"https:\/\/azorflexwork.com\/wp-content\/uploads\/2025\/06\/pijl.png 375w, https:\/\/azorflexwork.com\/wp-content\/uploads\/2025\/06\/pijl-300x50.png 300w\" sizes=\"auto, (max-width: 375px) 100vw, 375px\"><\/div>\n\t<\/div><\/figure>\n\n<\/div>\n\n<\/a>\n<\/div><div class=\"bde-column-167-126 bde-column\">\n  \n  \n\t\n\n\n\n<h3 class=\"bde-heading-167-127 bde-heading\">\nWyszukiwanie\n<\/h3><div class=\"bde-text-167-128 bde-text\">\nOd razu zabieramy si\u0119 do pracy\n<\/div><a class=\"bde-container-link-167-129 bde-container-link breakdance-link\" href=\"#\" target=\"_self\">\n  \n  \n\t\n\n\n\n<div class=\"bde-image-167-130 bde-image\">\n<figure class=\"breakdance-image breakdance-image--75\">\n\t<div class=\"breakdance-image-container\">\n\t\t<div class=\"breakdance-image-clip\"><img loading=\"lazy\" decoding=\"async\" class=\"breakdance-image-object\" src=\"https:\/\/azorflexwork.com\/wp-content\/uploads\/2025\/06\/pijl.png\" width=\"375\" height=\"62\" srcset=\"https:\/\/azorflexwork.com\/wp-content\/uploads\/2025\/06\/pijl.png 375w, https:\/\/azorflexwork.com\/wp-content\/uploads\/2025\/06\/pijl-300x50.png 300w\" sizes=\"auto, (max-width: 375px) 100vw, 375px\"><\/div>\n\t<\/div><\/figure>\n\n<\/div>\n\n<\/a>\n<\/div><div class=\"bde-column-167-131 bde-column\">\n  \n  \n\t\n\n\n\n<h3 class=\"bde-heading-167-132 bde-heading\">\nRunda propozycji\n<\/h3><div class=\"bde-text-167-133 bde-text\">\nCotygodniowe przyjmowanie odpowiednich kandydat\u00f3w\n<\/div><a class=\"bde-container-link-167-134 bde-container-link breakdance-link\" href=\"#\" target=\"_self\">\n  \n  \n\t\n\n\n\n<div class=\"bde-image-167-135 bde-image\">\n<figure class=\"breakdance-image breakdance-image--75\">\n\t<div class=\"breakdance-image-container\">\n\t\t<div class=\"breakdance-image-clip\"><img loading=\"lazy\" decoding=\"async\" class=\"breakdance-image-object\" src=\"https:\/\/azorflexwork.com\/wp-content\/uploads\/2025\/06\/pijl.png\" width=\"375\" height=\"62\" srcset=\"https:\/\/azorflexwork.com\/wp-content\/uploads\/2025\/06\/pijl.png 375w, https:\/\/azorflexwork.com\/wp-content\/uploads\/2025\/06\/pijl-300x50.png 300w\" sizes=\"auto, (max-width: 375px) 100vw, 375px\"><\/div>\n\t<\/div><\/figure>\n\n<\/div>\n\n<\/a>\n<\/div><\/div><\/div>\n<\/section><section class=\"bde-section-167-173 bde-section\">\n  \n  \n\t\n\n\n\n<div class=\"section-container\"><div class=\"bde-columns-167-174 bde-columns\"><div class=\"bde-column-167-175 bde-column\">\n  \n  \n\t\n\n\n\n<div class=\"bde-image-167-176 bde-image\">\n<figure class=\"breakdance-image breakdance-image--428\">\n\t<div class=\"breakdance-image-container\">\n\t\t<div class=\"breakdance-image-clip\"><img loading=\"lazy\" decoding=\"async\" class=\"breakdance-image-object\" src=\"https:\/\/azorflexwork.com\/wp-content\/uploads\/2025\/07\/Logistiek_2492539677.jpg\" width=\"800\" height=\"534\" srcset=\"https:\/\/azorflexwork.com\/wp-content\/uploads\/2025\/07\/Logistiek_2492539677.jpg 800w, https:\/\/azorflexwork.com\/wp-content\/uploads\/2025\/07\/Logistiek_2492539677-300x200.jpg 300w, https:\/\/azorflexwork.com\/wp-content\/uploads\/2025\/07\/Logistiek_2492539677-768x513.jpg 768w\" sizes=\"auto, (max-width: 800px) 100vw, 800px\"><\/div>\n\t<\/div><\/figure>\n\n<\/div><div class=\"bde-image-167-177 bde-image\">\n<figure class=\"breakdance-image breakdance-image--429\">\n\t<div class=\"breakdance-image-container\">\n\t\t<div class=\"breakdance-image-clip\"><img loading=\"lazy\" decoding=\"async\" class=\"breakdance-image-object\" src=\"https:\/\/azorflexwork.com\/wp-content\/uploads\/2025\/07\/Metaalbewerker_2489550561.jpg\" width=\"800\" height=\"533\" srcset=\"https:\/\/azorflexwork.com\/wp-content\/uploads\/2025\/07\/Metaalbewerker_2489550561.jpg 800w, https:\/\/azorflexwork.com\/wp-content\/uploads\/2025\/07\/Metaalbewerker_2489550561-300x200.jpg 300w, https:\/\/azorflexwork.com\/wp-content\/uploads\/2025\/07\/Metaalbewerker_2489550561-768x512.jpg 768w\" sizes=\"auto, (max-width: 800px) 100vw, 800px\"><\/div>\n\t<\/div><\/figure>\n\n<\/div>\n<\/div><div class=\"bde-column-167-178 bde-column\">\n  \n  \n\t\n\n\n\n<div class=\"bde-div-167-179 bde-div\">\n  \n  \n\t\n\n\n\n<h4 class=\"bde-dual-heading-167-180 bde-dual-heading\">\n\n\n            <span data-style=\"primary\" class=\"dual-heading--primary\">Tw\u00f3j sukces jest naszym <\/span>\n\n            <span data-style=\"secondary\" class=\"dual-heading--secondary\">priorytet<\/span>\n\n\n\n<\/h4>\n<\/div><div class=\"bde-icon-box-167-182 bde-icon-box\">\n\n    \n            <div class=\"ee-iconbox-icon breakdance-icon-atom\" >\n    \n                    <svg xmlns=\"http:\/\/www.w3.org\/2000\/svg\" id=\"Laag_1\" version=\"1.1\" viewbox=\"0 0 147.4 147.4\">\r\n  <!-- Generator: Adobe Illustrator 29.5.1, SVG Export Plug-In . SVG Version: 2.1.0 Build 141)  -->\r\n  <defs>\r\n    <style>\r\n      .st0 {\r\n        fill: #5cb45f;\r\n      }\r\n    <\/style>\r\n  <\/defs>\r\n  <path class=\"st0\" d=\"M143.6,49.4c-2.4-13.1-8.7-24-18.6-32.7-10.8-9.5-23.6-14-38-14.1-27.4,0-54.9,0-82.3,0s-.8,0-1,0h-.8v45.5s0,39,0,39c0,3.2.1,6.3.6,9.4,2.2,13.9,8.7,25.5,19.4,34.6,10.8,9.3,23.5,13.7,37.7,13.7h84s0-84.4,0-84.4c0-3.7-.3-7.3-.9-10.9ZM21.1,19.1h66.4c8.9,0,16.9,2.5,24,7.8,9.1,6.8,14.6,15.8,16.3,27.1.3,2.3.4,4.7.4,7,0,21.7,0,43.4,0,65.1s.2,2.2-2.1,2.2h-34.3c-10.5,0-21.1,0-31.6,0-6.1,0-12-1.1-17.5-3.7-12.1-5.9-19.7-15.4-22.7-28.6-.7-2.9-.9-5.9-.9-8.9\"\/>\r\n<\/svg>\n        \n        \n        \n            <\/div>\n    \n\n<div class=\"ee-iconbox-content\">\n      <p class=\"ee-iconbox-title bde-h3\" >Ka\u017cdy dostarczony kandydat zosta\u0142 sprawdzony<\/p>\n      <\/div>\n\n<\/div><div class=\"bde-icon-box-167-199 bde-icon-box\">\n\n    \n            <div class=\"ee-iconbox-icon breakdance-icon-atom\" >\n    \n                    <svg xmlns=\"http:\/\/www.w3.org\/2000\/svg\" id=\"Laag_1\" version=\"1.1\" viewbox=\"0 0 147.4 147.4\">\r\n  <!-- Generator: Adobe Illustrator 29.5.1, SVG Export Plug-In . SVG Version: 2.1.0 Build 141)  -->\r\n  <defs>\r\n    <style>\r\n      .st0 {\r\n        fill: #5cb45f;\r\n      }\r\n    <\/style>\r\n  <\/defs>\r\n  <path class=\"st0\" d=\"M143.6,49.4c-2.4-13.1-8.7-24-18.6-32.7-10.8-9.5-23.6-14-38-14.1-27.4,0-54.9,0-82.3,0s-.8,0-1,0h-.8v45.5s0,39,0,39c0,3.2.1,6.3.6,9.4,2.2,13.9,8.7,25.5,19.4,34.6,10.8,9.3,23.5,13.7,37.7,13.7h84s0-84.4,0-84.4c0-3.7-.3-7.3-.9-10.9ZM21.1,19.1h66.4c8.9,0,16.9,2.5,24,7.8,9.1,6.8,14.6,15.8,16.3,27.1.3,2.3.4,4.7.4,7,0,21.7,0,43.4,0,65.1s.2,2.2-2.1,2.2h-34.3c-10.5,0-21.1,0-31.6,0-6.1,0-12-1.1-17.5-3.7-12.1-5.9-19.7-15.4-22.7-28.6-.7-2.9-.9-5.9-.9-8.9\"\/>\r\n<\/svg>\n        \n        \n        \n            <\/div>\n    \n\n<div class=\"ee-iconbox-content\">\n      <p class=\"ee-iconbox-title bde-h3\" >Mo\u017cemy dostarczy\u0107 du\u017c\u0105 liczb\u0119 wsp\u00f3\u0142pracownik\u00f3w<\/p>\n      <\/div>\n\n<\/div><div class=\"bde-icon-box-167-183 bde-icon-box\">\n\n    \n            <div class=\"ee-iconbox-icon breakdance-icon-atom\" >\n    \n                    <svg xmlns=\"http:\/\/www.w3.org\/2000\/svg\" id=\"Laag_1\" version=\"1.1\" viewbox=\"0 0 147.4 147.4\">\r\n  <!-- Generator: Adobe Illustrator 29.5.1, SVG Export Plug-In . SVG Version: 2.1.0 Build 141)  -->\r\n  <defs>\r\n    <style>\r\n      .st0 {\r\n        fill: #5cb45f;\r\n      }\r\n    <\/style>\r\n  <\/defs>\r\n  <path class=\"st0\" d=\"M143.6,49.4c-2.4-13.1-8.7-24-18.6-32.7-10.8-9.5-23.6-14-38-14.1-27.4,0-54.9,0-82.3,0s-.8,0-1,0h-.8v45.5s0,39,0,39c0,3.2.1,6.3.6,9.4,2.2,13.9,8.7,25.5,19.4,34.6,10.8,9.3,23.5,13.7,37.7,13.7h84s0-84.4,0-84.4c0-3.7-.3-7.3-.9-10.9ZM21.1,19.1h66.4c8.9,0,16.9,2.5,24,7.8,9.1,6.8,14.6,15.8,16.3,27.1.3,2.3.4,4.7.4,7,0,21.7,0,43.4,0,65.1s.2,2.2-2.1,2.2h-34.3c-10.5,0-21.1,0-31.6,0-6.1,0-12-1.1-17.5-3.7-12.1-5.9-19.7-15.4-22.7-28.6-.7-2.9-.9-5.9-.9-8.9\"\/>\r\n<\/svg>\n        \n        \n        \n            <\/div>\n    \n\n<div class=\"ee-iconbox-content\">\n      <p class=\"ee-iconbox-title bde-h3\" > Nasz dzia\u0142 obs\u0142ugi klienta jest dost\u0119pny ka\u017cdego dnia roboczego<\/p>\n      <\/div>\n\n<\/div><div class=\"bde-button-167-192 bde-button\">\n    \n                                    \n    \n    \n    \n    \n            \n                    \n            \n            \n\n    \n    \n    \n    \n    \n    <a class=\"breakdance-link button-atom button-atom--primary bde-button__button\" href=\"https:\/\/azorflexwork.com\/pl\/contact\/\" target=\"_self\" data-type=\"url\"  >\n\n    \n        <span class=\"button-atom__text\">\u017b\u0105danie po\u0142\u0105czenia<\/span>\n\n        \n        \n                <\/a>\n\n    \n\n\n<\/div>\n<\/div><\/div><\/div>\n<\/section>","protected":false},"excerpt":{"rendered":"<p>Waar kwaliteit en passie samen komen voor groei Samen sterk in talent op de arbeidsmarkt Bij Azor Flex Work garanderen wij uitmuntendheid in elke fase van het wervingsproces.Onze toewijding aan kwaliteit, klantgerichtheid en innovatie maakt ons uniek. We passen onze aanpak aan om te voldoen aan de specifieke behoeften van uw bedrijf.Bij Azor Flex Work [&hellip;]<\/p>\n","protected":false},"author":1,"featured_media":0,"parent":0,"menu_order":0,"comment_status":"closed","ping_status":"closed","template":"","meta":{"_breakdance_hide_in_design_set":false,"_breakdance_tags":"","footnotes":""},"class_list":["post-167","page","type-page","status-publish","hentry"],"_links":{"self":[{"href":"https:\/\/azorflexwork.com\/pl\/wp-json\/wp\/v2\/pages\/167","targetHints":{"allow":["GET"]}}],"collection":[{"href":"https:\/\/azorflexwork.com\/pl\/wp-json\/wp\/v2\/pages"}],"about":[{"href":"https:\/\/azorflexwork.com\/pl\/wp-json\/wp\/v2\/types\/page"}],"author":[{"embeddable":true,"href":"https:\/\/azorflexwork.com\/pl\/wp-json\/wp\/v2\/users\/1"}],"replies":[{"embeddable":true,"href":"https:\/\/azorflexwork.com\/pl\/wp-json\/wp\/v2\/comments?post=167"}],"version-history":[{"count":59,"href":"https:\/\/azorflexwork.com\/pl\/wp-json\/wp\/v2\/pages\/167\/revisions"}],"predecessor-version":[{"id":542,"href":"https:\/\/azorflexwork.com\/pl\/wp-json\/wp\/v2\/pages\/167\/revisions\/542"}],"wp:attachment":[{"href":"https:\/\/azorflexwork.com\/pl\/wp-json\/wp\/v2\/media?parent=167"}],"curies":[{"name":"wp","href":"https:\/\/api.w.org\/{rel}","templated":true}]}}