{"id":622,"date":"2026-02-18T08:54:41","date_gmt":"2026-02-18T08:54:41","guid":{"rendered":"https:\/\/azorflexwork.com\/?page_id=622"},"modified":"2026-02-18T08:54:41","modified_gmt":"2026-02-18T08:54:41","slug":"productiemedewerker","status":"publish","type":"page","link":"https:\/\/azorflexwork.com\/pl\/productiemedewerker\/","title":{"rendered":"Productiemedewerker"},"content":{"rendered":"<section class=\"bde-section-622-229 bde-section\">\n  \n  \n\t\n\n\n\n<div class=\"section-container\"><h2 class=\"bde-heading-622-230 bde-heading\">\npracownik produkcji\n<\/h2><\/div>\n<\/section><section class=\"bde-section-622-102 bde-section\">\n  \n  \n\t\n\n\n\n<div class=\"section-container\"><div class=\"bde-columns-622-103 bde-columns\"><div class=\"bde-column-622-104 bde-column\">\n  \n  \n\t\n\n\n\n<h1 class=\"bde-dual-heading-622-224 bde-dual-heading\">\n\n\n            <span data-style=\"secondary\" class=\"dual-heading--secondary\">Berkel en Rodenrijs<\/span>\n\n            <span data-style=\"primary\" class=\"dual-heading--primary\">- Pe\u0142ny etat<\/span>\n\n\n\n<\/h1><div class=\"bde-text-622-106 bde-text\">\nDla naszego klienta w Berkel en Rodenrijs, firmy dzia\u0142aj\u0105cej w bran\u017cy spo\u017cywczej, poszukujemy zmotywowanego pracownika produkcji. B\u0119dziesz pracowa\u0107 w dynamicznym \u015brodowisku produkcyjnym, gdzie kluczowe s\u0105 jako\u015b\u0107, higiena i wsp\u00f3\u0142praca. B\u0119dziesz dba\u0107 o to, aby produkcja przebiega\u0142a sprawnie i zgodnie z wytycznymi.\n<\/div>\n<\/div><div class=\"bde-column-622-136 bde-column\">\n  \n  \n\t\n\n\n\n<div class=\"bde-div-622-137 bde-div\">\n  \n  \n\t\n\n\n\n<h1 class=\"bde-dual-heading-622-228 bde-dual-heading\">\n\n\n            <span data-style=\"secondary\" class=\"dual-heading--secondary\">Co b\u0119dziesz robi\u0107?<\/span>\n\n            <span data-style=\"primary\" class=\"dual-heading--primary\">robi\u0107<\/span>\n\n\n\n<\/h1><ul class=\"bde-basic-list-622-139 bde-basic-list\">\n  <li  >    \n          Wykonywanie prac produkcyjnych w przemy\u015ble spo\u017cywczym.\n      <\/li>\n  <li  >    \n          Kontrolowanie produkt\u00f3w pod k\u0105tem jako\u015bci i higieny.\n      <\/li>\n  <li  >    \n          Pakowanie i przetwarzanie produkt\u00f3w spo\u017cywczych.\n      <\/li>\n  <li  >    \n          Utrzymuj porz\u0105dek w miejscu pracy.\n      <\/li>\n  <li  >    \n          Wsp\u00f3\u0142praca z kolegami w celu osi\u0105gni\u0119cia planu produkcji.\n      <\/li>\n<\/ul>\n<\/div>\n<\/div><\/div><\/div>\n<\/section><section class=\"bde-section-622-126 bde-section\">\n              \n  \n  \n\t\n\n\n\n<div class=\"section-container\"><div class=\"bde-columns-622-127 bde-columns\"><div class=\"bde-column-622-132 bde-column\">\n  \n  \n\t\n\n\n\n<div class=\"bde-div-622-133 bde-div\">\n  \n  \n\t\n\n\n\n<h1 class=\"bde-dual-heading-622-227 bde-dual-heading\">\n\n\n            <span data-style=\"secondary\" class=\"dual-heading--secondary\">Co my<\/span>\n\n            <span data-style=\"primary\" class=\"dual-heading--primary\">Pytania<\/span>\n\n\n\n<\/h1><ul class=\"bde-basic-list-622-135 bde-basic-list\">\n  <li  >    \n          M\u00f3wisz po holendersku lub angielsku.\n      <\/li>\n  <li  >    \n          Do\u015bwiadczenie w produkcji nie jest wymagane, ale mile widziane.\n      <\/li>\n  <li  >    \n          Pracujesz precyzyjnie i higienicznie.\n      <\/li>\n  <li  >    \n          Jeste\u015b godny zaufania i dobrze pracujesz w zespole.\n      <\/li>\n  <li  >    \n          Dost\u0119pne od poniedzia\u0142ku do pi\u0105tku w godzinach 6:00 - 14:30.\n      <\/li>\n  <li  >    \n          Czujesz si\u0119 komfortowo w zespole, kt\u00f3ry obecnie sk\u0142ada si\u0119 g\u0142\u00f3wnie z kobiet.\n      <\/li>\n<\/ul>\n<\/div>\n<\/div><div class=\"bde-column-622-140 bde-column\">\n  \n  \n\t\n\n\n\n<div class=\"bde-div-622-141 bde-div\">\n  \n  \n\t\n\n\n\n<h1 class=\"bde-dual-heading-622-226 bde-dual-heading\">\n\n\n            <span data-style=\"secondary\" class=\"dual-heading--secondary\">Co my<\/span>\n\n            <span data-style=\"primary\" class=\"dual-heading--primary\">Oferta<\/span>\n\n\n\n<\/h1><ul class=\"bde-basic-list-622-143 bde-basic-list\">\n  <li  >    \n          Pe\u0142noetatowe stanowisko w stabilnej firmie.\n      <\/li>\n  <li  >    \n          Rynkowa stawka godzinowa w wysoko\u015bci 15,09 \u20ac.\n      <\/li>\n  <li  >    \n          Elastyczne godziny pracy (8 godzin dziennie).\n      <\/li>\n  <li  >    \n          Przyjemna atmosfera pracy z kole\u017ce\u0144skimi wsp\u00f3\u0142pracownikami.\n      <\/li>\n  <li  >    \n          Mo\u017cliwo\u015b\u0107 zdobycia do\u015bwiadczenia w bran\u017cy spo\u017cywczej.\n      <\/li>\n<\/ul>\n<\/div>\n<\/div><\/div><\/div>\n<\/section><section class=\"bde-section-622-123 bde-section\">\n  \n  \n\t\n\n\n\n<div class=\"section-container\"><div class=\"bde-text-622-124 bde-text\">\nCzy jeste\u015b entuzjastycznym pracownikiem produkcji, kt\u00f3rego szukamy? Wy\u015blij swoje CV i list motywacyjny do agencji pracy tymczasowej lub skontaktuj si\u0119 z nami, aby uzyska\u0107 wi\u0119cej informacji.\n<\/div><div class=\"bde-button-622-125 bde-button\">\n    \n                        \n                        \n    \n    \n    \n    \n            \n                    \n            \n            \n\n    \n    \n    \n    \n    \n    <a class=\"breakdance-link button-atom button-atom--secondary bde-button__button\" href=\"https:\/\/azorflexwork.com\/pl\/werknemers\/\" target=\"_blank\" data-type=\"url\"  >\n\n    \n        <span class=\"button-atom__text\">Aplikuj bezpo\u015brednio<\/span>\n\n        \n        \n                <\/a>\n\n    \n\n\n<\/div><\/div>\n<\/section>","protected":false},"excerpt":{"rendered":"<p>productie medewerker Berkel en Rodenrijs &#8211; Fulltime Voor onze klant in Berkel en Rodenrijs, een bedrijf actief in de voedselindustrie, zijn wij op zoek naar een gemotiveerde productiemedewerker. Je werkt in een dynamische productieomgeving waar kwaliteit, hygi\u00ebne en samenwerking centraal staan. Je zorgt ervoor dat de productie soepel en volgens de richtlijnen verloopt. Wat ga [&hellip;]<\/p>\n","protected":false},"author":1,"featured_media":0,"parent":0,"menu_order":0,"comment_status":"closed","ping_status":"closed","template":"","meta":{"_breakdance_hide_in_design_set":false,"_breakdance_tags":"","footnotes":""},"class_list":["post-622","page","type-page","status-publish","hentry"],"_links":{"self":[{"href":"https:\/\/azorflexwork.com\/pl\/wp-json\/wp\/v2\/pages\/622","targetHints":{"allow":["GET"]}}],"collection":[{"href":"https:\/\/azorflexwork.com\/pl\/wp-json\/wp\/v2\/pages"}],"about":[{"href":"https:\/\/azorflexwork.com\/pl\/wp-json\/wp\/v2\/types\/page"}],"author":[{"embeddable":true,"href":"https:\/\/azorflexwork.com\/pl\/wp-json\/wp\/v2\/users\/1"}],"replies":[{"embeddable":true,"href":"https:\/\/azorflexwork.com\/pl\/wp-json\/wp\/v2\/comments?post=622"}],"version-history":[{"count":13,"href":"https:\/\/azorflexwork.com\/pl\/wp-json\/wp\/v2\/pages\/622\/revisions"}],"predecessor-version":[{"id":658,"href":"https:\/\/azorflexwork.com\/pl\/wp-json\/wp\/v2\/pages\/622\/revisions\/658"}],"wp:attachment":[{"href":"https:\/\/azorflexwork.com\/pl\/wp-json\/wp\/v2\/media?parent=622"}],"curies":[{"name":"wp","href":"https:\/\/api.w.org\/{rel}","templated":true}]}}