{"id":634,"date":"2026-02-18T08:54:13","date_gmt":"2026-02-18T08:54:13","guid":{"rendered":"https:\/\/azorflexwork.com\/?page_id=634"},"modified":"2026-02-18T08:54:13","modified_gmt":"2026-02-18T08:54:13","slug":"cnc-frezer-draaier","status":"publish","type":"page","link":"https:\/\/azorflexwork.com\/pl\/cnc-frezer-draaier\/","title":{"rendered":"Operator frezarki CNC \/ Operator tokarki CNC\u00a0"},"content":{"rendered":"<section class=\"bde-section-634-100 bde-section\">\n  \n  \n\t\n\n\n\n<div class=\"section-container\"><h2 class=\"bde-heading-634-101 bde-heading\">\nOperator frezarki CNC \/ Operator tokarki CNC\n<\/h2><\/div>\n<\/section><section class=\"bde-section-634-102 bde-section\">\n  \n  \n\t\n\n\n\n<div class=\"section-container\"><div class=\"bde-columns-634-103 bde-columns\"><div class=\"bde-column-634-104 bde-column\">\n  \n  \n\t\n\n\n\n<h1 class=\"bde-dual-heading-634-105 bde-dual-heading\">\n\n\n            <span data-style=\"secondary\" class=\"dual-heading--secondary\">Krimpen aan de Lek<\/span>\n\n            <span data-style=\"primary\" class=\"dual-heading--primary\">- Pe\u0142ny etat<\/span>\n\n\n\n<\/h1><div class=\"bde-text-634-106 bde-text\">\nDla naszego klienta w Krimpen aan de Lek poszukujemy do\u015bwiadczonego operatora frezarki\/tokarki CNC. Na tym stanowisku b\u0119dziesz pracowa\u0107 z nowoczesnymi maszynami CNC i odpowiada\u0107 za precyzyjn\u0105 obr\u00f3bk\u0119 metalowych cz\u0119\u015bci zgodnie z rysunkiem i specyfikacjami. Jako\u015b\u0107 i precyzja s\u0105 kluczowe w Twojej pracy.\n<\/div>\n<\/div><div class=\"bde-column-634-107 bde-column\">\n  \n  \n\t\n\n\n\n<div class=\"bde-div-634-108 bde-div\">\n  \n  \n\t\n\n\n\n<h1 class=\"bde-dual-heading-634-109 bde-dual-heading\">\n\n\n            <span data-style=\"secondary\" class=\"dual-heading--secondary\">Co b\u0119dziesz robi\u0107?<\/span>\n\n            <span data-style=\"primary\" class=\"dual-heading--primary\">robi\u0107<\/span>\n\n\n\n<\/h1><ul class=\"bde-basic-list-634-110 bde-basic-list\">\n  <li  >    \n          Konfiguracja i obs\u0142uga frezarek i tokarek CNC.\n      <\/li>\n  <li  >    \n          Czytanie i interpretacja rysunk\u00f3w technicznych.\n      <\/li>\n  <li  >    \n          Weryfikacja produkt\u00f3w pod k\u0105tem rozmiaru i jako\u015bci.\n      <\/li>\n  <li  >    \n          Przeprowadzenie drobnych prac konserwacyjnych przy maszynach.\n      <\/li>\n  <li  >    \n          Zapewnienie schludnego i bezpiecznego miejsca pracy.\n      <\/li>\n<\/ul>\n<\/div>\n<\/div><\/div><\/div>\n<\/section><section class=\"bde-section-634-111 bde-section\">\n              \n  \n  \n\t\n\n\n\n<div class=\"section-container\"><div class=\"bde-columns-634-112 bde-columns\"><div class=\"bde-column-634-113 bde-column\">\n  \n  \n\t\n\n\n\n<div class=\"bde-div-634-114 bde-div\">\n  \n  \n\t\n\n\n\n<h1 class=\"bde-dual-heading-634-115 bde-dual-heading\">\n\n\n            <span data-style=\"secondary\" class=\"dual-heading--secondary\">Co my<\/span>\n\n            <span data-style=\"primary\" class=\"dual-heading--primary\">Pytania<\/span>\n\n\n\n<\/h1><ul class=\"bde-basic-list-634-116 bde-basic-list\">\n  <li  >    \n          M\u00f3wisz po holendersku.\n      <\/li>\n  <li  >    \n          Udowodnione do\u015bwiadczenie jako operator frezarki CNC i\/lub tokarki.\n      <\/li>\n  <li  >    \n          Rozumiesz rysunek techniczny.\n      <\/li>\n  <li  >    \n          Pracujesz dok\u0142adnie i jeste\u015b zorientowany na jako\u015b\u0107.\n      <\/li>\n  <li  >    \n          Dost\u0119pne od poniedzia\u0142ku do pi\u0105tku w godzinach 07:00 \u2013 16:00.\n      <\/li>\n  <li  >    \n          Do\u0142\u0105czasz swoje CV do aplikacji.\n      <\/li>\n<\/ul>\n<\/div>\n<\/div><div class=\"bde-column-634-117 bde-column\">\n  \n  \n\t\n\n\n\n<div class=\"bde-div-634-118 bde-div\">\n  \n  \n\t\n\n\n\n<h1 class=\"bde-dual-heading-634-119 bde-dual-heading\">\n\n\n            <span data-style=\"secondary\" class=\"dual-heading--secondary\">Co my<\/span>\n\n            <span data-style=\"primary\" class=\"dual-heading--primary\">Oferta<\/span>\n\n\n\n<\/h1><ul class=\"bde-basic-list-634-120 bde-basic-list\">\n  <li  >    \n          Pe\u0142noetatowa posada w profesjonalnej firmie.\n      <\/li>\n  <li  >    \n          Wynagrodzenie do negocjacji, w zale\u017cno\u015bci od do\u015bwiadczenia.\n      <\/li>\n  <li  >    \n          Elastyczne godziny pracy (8 godzin dziennie).\n      <\/li>\n  <li  >    \n          Przyjemna atmosfera w zespole technicznym.\n      <\/li>\n  <li  >    \n          Mo\u017cliwo\u015bci dalszego rozwoju.\n      <\/li>\n<\/ul>\n<\/div>\n<\/div><\/div><\/div>\n<\/section><section class=\"bde-section-634-121 bde-section\">\n  \n  \n\t\n\n\n\n<div class=\"section-container\"><div class=\"bde-text-634-122 bde-text\">\nCzy jeste\u015b do\u015bwiadczonym frezerem\/tokarzem CNC, kt\u00f3rego szukamy? Prze\u015blij swoje CV do agencji rekrutacyjnej lub skontaktuj si\u0119 z nami, aby uzyska\u0107 wi\u0119cej informacji.\n<\/div><div class=\"bde-button-634-123 bde-button\">\n    \n                        \n                        \n    \n    \n    \n    \n            \n                    \n            \n            \n\n    \n    \n    \n    \n    \n    <a class=\"breakdance-link button-atom button-atom--secondary bde-button__button\" href=\"https:\/\/azorflexwork.com\/pl\/werknemers\/\" target=\"_blank\" data-type=\"url\"  >\n\n    \n        <span class=\"button-atom__text\">Aplikuj bezpo\u015brednio<\/span>\n\n        \n        \n                <\/a>\n\n    \n\n\n<\/div><\/div>\n<\/section>","protected":false},"excerpt":{"rendered":"<p>CNC Frezer\/Draaier Krimpen aan de Lek &#8211; Fulltime Voor onze klant in Krimpen aan de Lek zijn wij op zoek naar een ervaren CNC frezer\/draaier. In deze functie werk je met moderne CNC-machines en ben je verantwoordelijk voor het nauwkeurig bewerken van metalen onderdelen volgens tekening en specificaties. Kwaliteit en precisie staan centraal in jouw [&hellip;]<\/p>\n","protected":false},"author":1,"featured_media":0,"parent":0,"menu_order":0,"comment_status":"closed","ping_status":"closed","template":"","meta":{"_breakdance_hide_in_design_set":false,"_breakdance_tags":"","footnotes":""},"class_list":["post-634","page","type-page","status-publish","hentry"],"_links":{"self":[{"href":"https:\/\/azorflexwork.com\/pl\/wp-json\/wp\/v2\/pages\/634","targetHints":{"allow":["GET"]}}],"collection":[{"href":"https:\/\/azorflexwork.com\/pl\/wp-json\/wp\/v2\/pages"}],"about":[{"href":"https:\/\/azorflexwork.com\/pl\/wp-json\/wp\/v2\/types\/page"}],"author":[{"embeddable":true,"href":"https:\/\/azorflexwork.com\/pl\/wp-json\/wp\/v2\/users\/1"}],"replies":[{"embeddable":true,"href":"https:\/\/azorflexwork.com\/pl\/wp-json\/wp\/v2\/comments?post=634"}],"version-history":[{"count":9,"href":"https:\/\/azorflexwork.com\/pl\/wp-json\/wp\/v2\/pages\/634\/revisions"}],"predecessor-version":[{"id":664,"href":"https:\/\/azorflexwork.com\/pl\/wp-json\/wp\/v2\/pages\/634\/revisions\/664"}],"wp:attachment":[{"href":"https:\/\/azorflexwork.com\/pl\/wp-json\/wp\/v2\/media?parent=634"}],"curies":[{"name":"wp","href":"https:\/\/api.w.org\/{rel}","templated":true}]}}