{"id":647,"date":"2026-02-18T08:54:02","date_gmt":"2026-02-18T08:54:02","guid":{"rendered":"https:\/\/azorflexwork.com\/?page_id=647"},"modified":"2026-02-18T08:54:02","modified_gmt":"2026-02-18T08:54:02","slug":"carrosseriebouwer","status":"publish","type":"page","link":"https:\/\/azorflexwork.com\/pl\/carrosseriebouwer\/","title":{"rendered":"Carrosseriebouwer"},"content":{"rendered":"<section class=\"bde-section-647-126 bde-section\">\n  \n  \n\t\n\n\n\n<div class=\"section-container\"><h2 class=\"bde-heading-647-127 bde-heading\">\nKulturysta\n<\/h2><\/div>\n<\/section><section class=\"bde-section-647-102 bde-section\">\n  \n  \n\t\n\n\n\n<div class=\"section-container\"><div class=\"bde-columns-647-103 bde-columns\"><div class=\"bde-column-647-104 bde-column\">\n  \n  \n\t\n\n\n\n<h1 class=\"bde-dual-heading-647-105 bde-dual-heading\">\n\n\n            <span data-style=\"secondary\" class=\"dual-heading--secondary\">Koudekerk<\/span>\n\n            <span data-style=\"primary\" class=\"dual-heading--primary\">- Pe\u0142ny etat<\/span>\n\n\n\n<\/h1><div class=\"bde-text-647-106 bde-text\">\nDla naszego klienta w Koudekerk poszukujemy zmotywowanego konstruktora nadwozi. Na tym stanowisku b\u0119dziesz pracowa\u0107 przy budowie, monta\u017cu i wyka\u0144czaniu nadwozi. Zdolno\u015bci techniczne i praktyczne podej\u015bcie s\u0105 wa\u017cniejsze ni\u017c do\u015bwiadczenie - masz szans\u0119 nauczy\u0107 si\u0119 zawodu w praktyce.\n<\/div>\n<\/div><div class=\"bde-column-647-107 bde-column\">\n  \n  \n\t\n\n\n\n<div class=\"bde-div-647-108 bde-div\">\n  \n  \n\t\n\n\n\n<h1 class=\"bde-dual-heading-647-109 bde-dual-heading\">\n\n\n            <span data-style=\"secondary\" class=\"dual-heading--secondary\">Co b\u0119dziesz robi\u0107?<\/span>\n\n            <span data-style=\"primary\" class=\"dual-heading--primary\">robi\u0107<\/span>\n\n\n\n<\/h1><ul class=\"bde-basic-list-647-110 bde-basic-list\">\n  <li  >    \n          Budowa i monta\u017c karoserii.\n      <\/li>\n  <li  >    \n          Obr\u00f3bka i monta\u017c cz\u0119\u015bci.\n      <\/li>\n  <li  >    \n          Praca z narz\u0119dziami r\u0119cznymi i maszynami.\n      <\/li>\n  <li  >    \n          Kontrola jako\u015bci produktu ko\u0144cowego.\n      <\/li>\n  <li  >    \n          Zapewnienie schludnego i bezpiecznego miejsca pracy.\n      <\/li>\n<\/ul>\n<\/div>\n<\/div><\/div><\/div>\n<\/section><section class=\"bde-section-647-111 bde-section\">\n              \n  \n  \n\t\n\n\n\n<div class=\"section-container\"><div class=\"bde-columns-647-112 bde-columns\"><div class=\"bde-column-647-113 bde-column\">\n  \n  \n\t\n\n\n\n<div class=\"bde-div-647-114 bde-div\">\n  \n  \n\t\n\n\n\n<h1 class=\"bde-dual-heading-647-115 bde-dual-heading\">\n\n\n            <span data-style=\"secondary\" class=\"dual-heading--secondary\">Co my<\/span>\n\n            <span data-style=\"primary\" class=\"dual-heading--primary\">Pytania<\/span>\n\n\n\n<\/h1><ul class=\"bde-basic-list-647-116 bde-basic-list\">\n  <li  >    \n          M\u00f3wisz po holendersku lub angielsku.\n      <\/li>\n  <li  >    \n          Techniczne umiej\u0119tno\u015bci i ch\u0119\u0107 uczenia si\u0119.\n      <\/li>\n  <li  >    \n          Do\u015bwiadczenie nie jest wymagane.\n      <\/li>\n  <li  >    \n          Pracujesz sumiennie i zmotywowany.\n      <\/li>\n  <li  >    \n          Jeste\u015b dost\u0119pny od poniedzia\u0142ku do pi\u0105tku.\n      <\/li>\n<\/ul>\n<\/div>\n<\/div><div class=\"bde-column-647-117 bde-column\">\n  \n  \n\t\n\n\n\n<div class=\"bde-div-647-118 bde-div\">\n  \n  \n\t\n\n\n\n<h1 class=\"bde-dual-heading-647-119 bde-dual-heading\">\n\n\n            <span data-style=\"secondary\" class=\"dual-heading--secondary\">Co my<\/span>\n\n            <span data-style=\"primary\" class=\"dual-heading--primary\">Oferta<\/span>\n\n\n\n<\/h1><ul class=\"bde-basic-list-647-120 bde-basic-list\">\n  <li  >    \n          Pe\u0142noetatowe stanowisko z mo\u017cliwo\u015bciami rozwoju.\n      <\/li>\n  <li  >    \n          Wynagrodzenie w wysoko\u015bci 14,71 euro za godzin\u0119.\n      <\/li>\n  <li  >    \n          Szanasa nauki zawodu technicznego w praktyce.\n      <\/li>\n  <li  >    \n          Przyjemna atmosfera pracy w kole\u017ce\u0144skim zespole.\n      <\/li>\n  <li  >    \n          Godziny pracy ustalane s\u0105 w drodze porozumienia.\n      <\/li>\n<\/ul>\n<\/div>\n<\/div><\/div><\/div>\n<\/section><section class=\"bde-section-647-121 bde-section\">\n  \n  \n\t\n\n\n\n<div class=\"section-container\"><div class=\"bde-text-647-122 bde-text\">\nCzy jeste\u015b blacharzem, kt\u00f3rego szukamy? Wy\u015blij swoje CV i list motywacyjny do agencji rekrutacyjnej lub skontaktuj si\u0119 z nami, aby uzyska\u0107 wi\u0119cej informacji.\n<\/div><div class=\"bde-button-647-123 bde-button\">\n    \n                        \n                        \n    \n    \n    \n    \n            \n                    \n            \n            \n\n    \n    \n    \n    \n    \n    <a class=\"breakdance-link button-atom button-atom--secondary bde-button__button\" href=\"https:\/\/azorflexwork.com\/pl\/werknemers\/\" target=\"_blank\" data-type=\"url\"  >\n\n    \n        <span class=\"button-atom__text\">Aplikuj bezpo\u015brednio<\/span>\n\n        \n        \n                <\/a>\n\n    \n\n\n<\/div><\/div>\n<\/section>","protected":false},"excerpt":{"rendered":"<p>Carrosserie bouwer Koudekerk &#8211; Fulltime Voor onze klant in Koudekerk zijn wij op zoek naar een gemotiveerde carrosseriebouwer. In deze functie werk je aan het opbouwen, monteren en afwerken van carrosserie\u00ebn. Technisch inzicht en een praktische instelling zijn belangrijker dan ervaring \u2014 je krijgt de kans om het vak in de praktijk te leren. Wat [&hellip;]<\/p>\n","protected":false},"author":1,"featured_media":0,"parent":0,"menu_order":0,"comment_status":"closed","ping_status":"closed","template":"","meta":{"_breakdance_hide_in_design_set":false,"_breakdance_tags":"","footnotes":""},"class_list":["post-647","page","type-page","status-publish","hentry"],"_links":{"self":[{"href":"https:\/\/azorflexwork.com\/pl\/wp-json\/wp\/v2\/pages\/647","targetHints":{"allow":["GET"]}}],"collection":[{"href":"https:\/\/azorflexwork.com\/pl\/wp-json\/wp\/v2\/pages"}],"about":[{"href":"https:\/\/azorflexwork.com\/pl\/wp-json\/wp\/v2\/types\/page"}],"author":[{"embeddable":true,"href":"https:\/\/azorflexwork.com\/pl\/wp-json\/wp\/v2\/users\/1"}],"replies":[{"embeddable":true,"href":"https:\/\/azorflexwork.com\/pl\/wp-json\/wp\/v2\/comments?post=647"}],"version-history":[{"count":5,"href":"https:\/\/azorflexwork.com\/pl\/wp-json\/wp\/v2\/pages\/647\/revisions"}],"predecessor-version":[{"id":660,"href":"https:\/\/azorflexwork.com\/pl\/wp-json\/wp\/v2\/pages\/647\/revisions\/660"}],"wp:attachment":[{"href":"https:\/\/azorflexwork.com\/pl\/wp-json\/wp\/v2\/media?parent=647"}],"curies":[{"name":"wp","href":"https:\/\/api.w.org\/{rel}","templated":true}]}}