{"id":661,"date":"2026-02-18T08:54:56","date_gmt":"2026-02-18T08:54:56","guid":{"rendered":"https:\/\/azorflexwork.com\/?page_id=661"},"modified":"2026-02-18T08:54:56","modified_gmt":"2026-02-18T08:54:56","slug":"schilder","status":"publish","type":"page","link":"https:\/\/azorflexwork.com\/pl\/schilder\/","title":{"rendered":"Malarz"},"content":{"rendered":"<section class=\"bde-section-661-100 bde-section\">\n  \n  \n\t\n\n\n\n<div class=\"section-container\"><h2 class=\"bde-heading-661-101 bde-heading\">\nMalarz\n<\/h2><\/div>\n<\/section><section class=\"bde-section-661-102 bde-section\">\n  \n  \n\t\n\n\n\n<div class=\"section-container\"><div class=\"bde-columns-661-103 bde-columns\"><div class=\"bde-column-661-104 bde-column\">\n  \n  \n\t\n\n\n\n<h1 class=\"bde-dual-heading-661-105 bde-dual-heading\">\n\n\n            <span data-style=\"secondary\" class=\"dual-heading--secondary\">\u2019s-Gravenzande<\/span>\n\n            <span data-style=\"primary\" class=\"dual-heading--primary\">- Pe\u0142ny etat<\/span>\n\n\n\n<\/h1><div class=\"bde-text-661-106 bde-text\">\nDla naszego klienta w \u2019s-Gravenzande poszukujemy do\u015bwiadczonych malarzy. B\u0119dziesz wykonywa\u0107 prace malarskie zar\u00f3wno w nowych budynkach, jak i projektach renowacyjnych. B\u0119dziesz pracowa\u0107 samodzielnie lub w zespole i zapewnia\u0107 wysokiej jako\u015bci efekt ko\u0144cowy.\n<\/div>\n<\/div><div class=\"bde-column-661-107 bde-column\">\n  \n  \n\t\n\n\n\n<div class=\"bde-div-661-108 bde-div\">\n  \n  \n\t\n\n\n\n<h1 class=\"bde-dual-heading-661-109 bde-dual-heading\">\n\n\n            <span data-style=\"secondary\" class=\"dual-heading--secondary\">Co b\u0119dziesz robi\u0107?<\/span>\n\n            <span data-style=\"primary\" class=\"dual-heading--primary\">robi\u0107<\/span>\n\n\n\n<\/h1><ul class=\"bde-basic-list-661-110 bde-basic-list\">\n  <li  >    \n          Malowanie wewn\u0119trzne i zewn\u0119trzne.\n      <\/li>\n  <li  >    \n          Przygotowanie powierzchni, takie jak szlifowanie i czyszczenie.\n      <\/li>\n  <li  >    \n          Nak\u0142adanie farby, lakieru lub bejcy zgodnie z wytycznymi.\n      <\/li>\n  <li  >    \n          Sprawdzanie jako\u015bci i czysto\u015bci pracy.\n      <\/li>\n  <li  >    \n          Wsp\u00f3\u0142praca ze wsp\u00f3\u0142pracownikami w celu terminowej realizacji projekt\u00f3w.\n      <\/li>\n<\/ul>\n<\/div>\n<\/div><\/div><\/div>\n<\/section><section class=\"bde-section-661-111 bde-section\">\n              \n  \n  \n\t\n\n\n\n<div class=\"section-container\"><div class=\"bde-columns-661-112 bde-columns\"><div class=\"bde-column-661-113 bde-column\">\n  \n  \n\t\n\n\n\n<div class=\"bde-div-661-114 bde-div\">\n  \n  \n\t\n\n\n\n<h1 class=\"bde-dual-heading-661-115 bde-dual-heading\">\n\n\n            <span data-style=\"secondary\" class=\"dual-heading--secondary\">Co my<\/span>\n\n            <span data-style=\"primary\" class=\"dual-heading--primary\">Pytania<\/span>\n\n\n\n<\/h1><ul class=\"bde-basic-list-661-116 bde-basic-list\">\n  <li  >    \n          M\u00f3wisz po holendersku.\n      <\/li>\n  <li  >    \n          Udokumentowane do\u015bwiadczenie jako malarz.\n      <\/li>\n  <li  >    \n          Pracujesz dok\u0142adnie i jeste\u015b zorientowany na jako\u015b\u0107.\n      <\/li>\n  <li  >    \n          Jeste\u015b dost\u0119pny dla r\u00f3\u017cnych projekt\u00f3w i godzin pracy.\n      <\/li>\n  <li  >    \n          Potrafisz pracowa\u0107 samodzielnie i masz proaktywn\u0105 postaw\u0119.\n      <\/li>\n<\/ul>\n<\/div>\n<\/div><div class=\"bde-column-661-117 bde-column\">\n  \n  \n\t\n\n\n\n<div class=\"bde-div-661-118 bde-div\">\n  \n  \n\t\n\n\n\n<h1 class=\"bde-dual-heading-661-119 bde-dual-heading\">\n\n\n            <span data-style=\"secondary\" class=\"dual-heading--secondary\">Co my<\/span>\n\n            <span data-style=\"primary\" class=\"dual-heading--primary\">Oferta<\/span>\n\n\n\n<\/h1><ul class=\"bde-basic-list-661-120 bde-basic-list\">\n  <li  >    \n          Mo\u017cliwo\u015b\u0107 pracy przy r\u00f3\u017cnych projektach malarskich.\n      <\/li>\n  <li  >    \n          Wynagrodzenie rynkowe (do negocjacji).\n      <\/li>\n  <li  >    \n          Przyjemna atmosfera pracy z kolegami i kole\u017cankami.\n      <\/li>\n  <li  >    \n          Elastyczno\u015b\u0107 w zakresie godzin pracy i projekt\u00f3w.\n      <\/li>\n<\/ul>\n<\/div>\n<\/div><\/div><\/div>\n<\/section><section class=\"bde-section-661-121 bde-section\">\n  \n  \n\t\n\n\n\n<div class=\"section-container\"><div class=\"bde-text-661-122 bde-text\">\nCzy jeste\u015b do\u015bwiadczonym malarzem, kt\u00f3rego szukamy? Wy\u015blij swoje CV i motywacj\u0119 do agencji pracy lub skontaktuj si\u0119 z nami, aby uzyska\u0107 wi\u0119cej informacji.\n<\/div><div class=\"bde-button-661-123 bde-button\">\n    \n                        \n                        \n    \n    \n    \n    \n            \n                    \n            \n            \n\n    \n    \n    \n    \n    \n    <a class=\"breakdance-link button-atom button-atom--secondary bde-button__button\" href=\"https:\/\/azorflexwork.com\/pl\/werknemers\/\" target=\"_blank\" data-type=\"url\"  >\n\n    \n        <span class=\"button-atom__text\">Aplikuj bezpo\u015brednio<\/span>\n\n        \n        \n                <\/a>\n\n    \n\n\n<\/div><\/div>\n<\/section>","protected":false},"excerpt":{"rendered":"<p>Schilder \u2019s-Gravenzande &#8211; Fulltime Voor onze klant in \u2019s-Gravenzande zijn wij op zoek naar ervaren schilders. Je voert schilderwerkzaamheden uit bij zowel nieuwbouw- als renovatieprojecten. Je werkt zelfstandig of in teamverband en zorgt voor een kwalitatief hoogwaardig eindresultaat. Wat ga je doen Schilderen van binnen- en buitenschilderwerk. Voorbereiden van oppervlakken zoals schuren en reinigen. Aanbrengen [&hellip;]<\/p>\n","protected":false},"author":1,"featured_media":0,"parent":0,"menu_order":0,"comment_status":"closed","ping_status":"closed","template":"","meta":{"_breakdance_hide_in_design_set":false,"_breakdance_tags":"","footnotes":""},"class_list":["post-661","page","type-page","status-publish","hentry"],"_links":{"self":[{"href":"https:\/\/azorflexwork.com\/pl\/wp-json\/wp\/v2\/pages\/661","targetHints":{"allow":["GET"]}}],"collection":[{"href":"https:\/\/azorflexwork.com\/pl\/wp-json\/wp\/v2\/pages"}],"about":[{"href":"https:\/\/azorflexwork.com\/pl\/wp-json\/wp\/v2\/types\/page"}],"author":[{"embeddable":true,"href":"https:\/\/azorflexwork.com\/pl\/wp-json\/wp\/v2\/users\/1"}],"replies":[{"embeddable":true,"href":"https:\/\/azorflexwork.com\/pl\/wp-json\/wp\/v2\/comments?post=661"}],"version-history":[{"count":4,"href":"https:\/\/azorflexwork.com\/pl\/wp-json\/wp\/v2\/pages\/661\/revisions"}],"predecessor-version":[{"id":666,"href":"https:\/\/azorflexwork.com\/pl\/wp-json\/wp\/v2\/pages\/661\/revisions\/666"}],"wp:attachment":[{"href":"https:\/\/azorflexwork.com\/pl\/wp-json\/wp\/v2\/media?parent=661"}],"curies":[{"name":"wp","href":"https:\/\/api.w.org\/{rel}","templated":true}]}}