{"id":667,"date":"2026-02-18T08:55:20","date_gmt":"2026-02-18T08:55:20","guid":{"rendered":"https:\/\/azorflexwork.com\/?page_id=667"},"modified":"2026-02-18T08:55:20","modified_gmt":"2026-02-18T08:55:20","slug":"truck-en-trailermonteur","status":"publish","type":"page","link":"https:\/\/azorflexwork.com\/pl\/truck-en-trailermonteur\/","title":{"rendered":"Mechanik ci\u0119\u017car\u00f3wek i przyczep"},"content":{"rendered":"<section class=\"bde-section-667-100 bde-section\">\n  \n  \n\t\n\n\n\n<div class=\"section-container\"><h2 class=\"bde-heading-667-101 bde-heading\">\nMechanik ci\u0119\u017car\u00f3wek i przyczep\n<\/h2><\/div>\n<\/section><section class=\"bde-section-667-102 bde-section\">\n  \n  \n\t\n\n\n\n<div class=\"section-container\"><div class=\"bde-columns-667-103 bde-columns\"><div class=\"bde-column-667-104 bde-column\">\n  \n  \n\t\n\n\n\n<h1 class=\"bde-dual-heading-667-105 bde-dual-heading\">\n\n\n            <span data-style=\"secondary\" class=\"dual-heading--secondary\">Heerhugowaard<\/span>\n\n            <span data-style=\"primary\" class=\"dual-heading--primary\">- Pe\u0142ny etat<\/span>\n\n\n\n<\/h1><div class=\"bde-text-667-106 bde-text\">\nDla naszego klienta w Heerhugowaard poszukujemy zmotywowanych mechanik\u00f3w samochod\u00f3w ci\u0119\u017carowych i przyczep. Zajmowa\u0107 si\u0119 b\u0119dziesz konserwacj\u0105, napraw\u0105 i przegl\u0105dami samochod\u00f3w ci\u0119\u017carowych i przyczep. Kluczowe s\u0105 tu zrozumienie techniczne i praktyczne podej\u015bcie do pracy.\n<\/div>\n<\/div><div class=\"bde-column-667-107 bde-column\">\n  \n  \n\t\n\n\n\n<div class=\"bde-div-667-108 bde-div\">\n  \n  \n\t\n\n\n\n<h1 class=\"bde-dual-heading-667-109 bde-dual-heading\">\n\n\n            <span data-style=\"secondary\" class=\"dual-heading--secondary\">Co b\u0119dziesz robi\u0107?<\/span>\n\n            <span data-style=\"primary\" class=\"dual-heading--primary\">robi\u0107<\/span>\n\n\n\n<\/h1><ul class=\"bde-basic-list-667-110 bde-basic-list\">\n  <li  >    \n          Konserwacja i naprawa ci\u0119\u017car\u00f3wek i przyczep.\n      <\/li>\n  <li  >    \n          Przeprowadzanie diagnoz i drobnych napraw.\n      <\/li>\n  <li  >    \n          Kontrola pojazd\u00f3w pod k\u0105tem bezpiecze\u0144stwa i jako\u015bci.\n      <\/li>\n  <li  >    \n          Praca wed\u0142ug zlece\u0144 pracy i przepis\u00f3w bezpiecze\u0144stwa.\n      <\/li>\n  <li  >    \n          Wsp\u00f3\u0142praca ze wsp\u00f3\u0142pracownikami w celu efektywnego wykonywania pracy.\n      <\/li>\n<\/ul>\n<\/div>\n<\/div><\/div><\/div>\n<\/section><section class=\"bde-section-667-111 bde-section\">\n              \n  \n  \n\t\n\n\n\n<div class=\"section-container\"><div class=\"bde-columns-667-112 bde-columns\"><div class=\"bde-column-667-113 bde-column\">\n  \n  \n\t\n\n\n\n<div class=\"bde-div-667-114 bde-div\">\n  \n  \n\t\n\n\n\n<h1 class=\"bde-dual-heading-667-115 bde-dual-heading\">\n\n\n            <span data-style=\"secondary\" class=\"dual-heading--secondary\">Co my<\/span>\n\n            <span data-style=\"primary\" class=\"dual-heading--primary\">Pytania<\/span>\n\n\n\n<\/h1><ul class=\"bde-basic-list-667-116 bde-basic-list\">\n  <li  >    \n          M\u00f3wisz po holendersku.\n      <\/li>\n  <li  >    \n          Wiedza techniczna i praktyczne podej\u015bcie.\n      <\/li>\n  <li  >    \n          Do\u015bwiadczenie jest mile widziane, ale zach\u0119camy r\u00f3wnie\u017c kandydat\u00f3w o ch\u0119ci uczenia si\u0119.\n      <\/li>\n  <li  >    \n          Pracujesz dok\u0142adnie i zorientowany na rozwi\u0105zywanie problem\u00f3w.\n      <\/li>\n  <li  >    \n          Dost\u0119pne od poniedzia\u0142ku do pi\u0105tku.\n      <\/li>\n<\/ul>\n<\/div>\n<\/div><div class=\"bde-column-667-117 bde-column\">\n  \n  \n\t\n\n\n\n<div class=\"bde-div-667-118 bde-div\">\n  \n  \n\t\n\n\n\n<h1 class=\"bde-dual-heading-667-119 bde-dual-heading\">\n\n\n            <span data-style=\"secondary\" class=\"dual-heading--secondary\">Co my<\/span>\n\n            <span data-style=\"primary\" class=\"dual-heading--primary\">Oferta<\/span>\n\n\n\n<\/h1><ul class=\"bde-basic-list-667-120 bde-basic-list\">\n  <li  >    \n          Praca w pe\u0142nym wymiarze godzin w zespole technicznym.\n      <\/li>\n  <li  >    \n          Wynagrodzenie rynkowe (do negocjacji).\n      <\/li>\n  <li  >    \n          Mo\u017cliwo\u015b\u0107 zdobycia do\u015bwiadczenia i poszerzenia wiedzy technicznej.\n      <\/li>\n  <li  >    \n          Przyjemna atmosfera pracy z kolegami i kole\u017cankami.\n      <\/li>\n<\/ul>\n<\/div>\n<\/div><\/div><\/div>\n<\/section><section class=\"bde-section-667-121 bde-section\">\n  \n  \n\t\n\n\n\n<div class=\"section-container\"><div class=\"bde-text-667-122 bde-text\">\nCzy jeste\u015b mechanikiem samochod\u00f3w ci\u0119\u017carowych i przyczep, kt\u00f3rego szukamy? Wy\u015blij swoje CV i list motywacyjny do agencji pracy tymczasowej lub skontaktuj si\u0119 z nami, aby uzyska\u0107 wi\u0119cej informacji.\n<\/div><div class=\"bde-button-667-123 bde-button\">\n    \n                        \n                        \n    \n    \n    \n    \n            \n                    \n            \n            \n\n    \n    \n    \n    \n    \n    <a class=\"breakdance-link button-atom button-atom--secondary bde-button__button\" href=\"https:\/\/azorflexwork.com\/pl\/werknemers\/\" target=\"_blank\" data-type=\"url\"  >\n\n    \n        <span class=\"button-atom__text\">Aplikuj bezpo\u015brednio<\/span>\n\n        \n        \n                <\/a>\n\n    \n\n\n<\/div><\/div>\n<\/section>","protected":false},"excerpt":{"rendered":"<p>Truck- en trailermonteur Heerhugowaard &#8211; Fulltime Voor onze klant in Heerhugowaard zijn wij op zoek naar gemotiveerde truck- en trailermonteurs. Je houdt je bezig met het onderhouden, repareren en controleren van trucks en trailers. Technisch inzicht en een hands-on mentaliteit zijn hierbij essentieel. Wat ga je doen Onderhouden en repareren van trucks en trailers. Uitvoeren [&hellip;]<\/p>\n","protected":false},"author":1,"featured_media":0,"parent":0,"menu_order":0,"comment_status":"closed","ping_status":"closed","template":"","meta":{"_breakdance_hide_in_design_set":false,"_breakdance_tags":"","footnotes":""},"class_list":["post-667","page","type-page","status-publish","hentry"],"_links":{"self":[{"href":"https:\/\/azorflexwork.com\/pl\/wp-json\/wp\/v2\/pages\/667","targetHints":{"allow":["GET"]}}],"collection":[{"href":"https:\/\/azorflexwork.com\/pl\/wp-json\/wp\/v2\/pages"}],"about":[{"href":"https:\/\/azorflexwork.com\/pl\/wp-json\/wp\/v2\/types\/page"}],"author":[{"embeddable":true,"href":"https:\/\/azorflexwork.com\/pl\/wp-json\/wp\/v2\/users\/1"}],"replies":[{"embeddable":true,"href":"https:\/\/azorflexwork.com\/pl\/wp-json\/wp\/v2\/comments?post=667"}],"version-history":[{"count":2,"href":"https:\/\/azorflexwork.com\/pl\/wp-json\/wp\/v2\/pages\/667\/revisions"}],"predecessor-version":[{"id":669,"href":"https:\/\/azorflexwork.com\/pl\/wp-json\/wp\/v2\/pages\/667\/revisions\/669"}],"wp:attachment":[{"href":"https:\/\/azorflexwork.com\/pl\/wp-json\/wp\/v2\/media?parent=667"}],"curies":[{"name":"wp","href":"https:\/\/api.w.org\/{rel}","templated":true}]}}