{"id":670,"date":"2026-02-18T08:54:30","date_gmt":"2026-02-18T08:54:30","guid":{"rendered":"https:\/\/azorflexwork.com\/?page_id=670"},"modified":"2026-02-18T08:54:30","modified_gmt":"2026-02-18T08:54:30","slug":"magazijnmedewerker-sorteerder","status":"publish","type":"page","link":"https:\/\/azorflexwork.com\/pl\/magazijnmedewerker-sorteerder\/","title":{"rendered":"Magazijnmedewerker \/ Sorteerder"},"content":{"rendered":"<section class=\"bde-section-670-100 bde-section\">\n  \n  \n\t\n\n\n\n<div class=\"section-container\"><h2 class=\"bde-heading-670-101 bde-heading\">\nPracownik magazynu \/ Sortowacz\n<\/h2><\/div>\n<\/section><section class=\"bde-section-670-102 bde-section\">\n  \n  \n\t\n\n\n\n<div class=\"section-container\"><div class=\"bde-columns-670-103 bde-columns\"><div class=\"bde-column-670-104 bde-column\">\n  \n  \n\t\n\n\n\n<h1 class=\"bde-dual-heading-670-105 bde-dual-heading\">\n\n\n            <span data-style=\"secondary\" class=\"dual-heading--secondary\">Waddinxveen<\/span>\n\n            <span data-style=\"primary\" class=\"dual-heading--primary\">Niepe\u0142ny etat<\/span>\n\n\n\n<\/h1><div class=\"bde-text-670-106 bde-text\">\nDla naszego klienta w Waddinxveen poszukujemy entuzjastycznego pracownika magazynu\/sortowni. B\u0119dziesz wspiera\u0107 zesp\u00f3\u0142 magazynowy w przyjmowaniu, sortowaniu i przygotowywaniu towar\u00f3w do wysy\u0142ki. Do\u015bwiadczenie nie jest wymagane; wa\u017cna jest motywacja i dok\u0142adno\u015b\u0107.\n<\/div>\n<\/div><div class=\"bde-column-670-107 bde-column\">\n  \n  \n\t\n\n\n\n<div class=\"bde-div-670-108 bde-div\">\n  \n  \n\t\n\n\n\n<h1 class=\"bde-dual-heading-670-109 bde-dual-heading\">\n\n\n            <span data-style=\"secondary\" class=\"dual-heading--secondary\">Co b\u0119dziesz robi\u0107?<\/span>\n\n            <span data-style=\"primary\" class=\"dual-heading--primary\">robi\u0107<\/span>\n\n\n\n<\/h1><ul class=\"bde-basic-list-670-110 bde-basic-list\">\n  <li  >    \n          Odbi\u00f3r, kontrola i sortowanie towar\u00f3w przychodz\u0105cych.\n      <\/li>\n  <li  >    \n          Przygotowywanie zam\u00f3wie\u0144 do wysy\u0142ki.\n      <\/li>\n  <li  >    \n          Dbanie o schludne i zorganizowane miejsce pracy.\n      <\/li>\n  <li  >    \n          Wsp\u00f3\u0142praca z kolegami w celu zapewnienia sprawnego przebiegu codziennych zada\u0144.\n      <\/li>\n  <li  >    \n          Ewentualne drobne prace administracyjne.\n      <\/li>\n<\/ul>\n<\/div>\n<\/div><\/div><\/div>\n<\/section><section class=\"bde-section-670-111 bde-section\">\n              \n  \n  \n\t\n\n\n\n<div class=\"section-container\"><div class=\"bde-columns-670-112 bde-columns\"><div class=\"bde-column-670-113 bde-column\">\n  \n  \n\t\n\n\n\n<div class=\"bde-div-670-114 bde-div\">\n  \n  \n\t\n\n\n\n<h1 class=\"bde-dual-heading-670-115 bde-dual-heading\">\n\n\n            <span data-style=\"secondary\" class=\"dual-heading--secondary\">Co my<\/span>\n\n            <span data-style=\"primary\" class=\"dual-heading--primary\">Pytania<\/span>\n\n\n\n<\/h1><ul class=\"bde-basic-list-670-116 bde-basic-list\">\n  <li  >    \n          M\u00f3wisz po holendersku lub angielsku.\n      <\/li>\n  <li  >    \n          Jeste\u015b dost\u0119pny 3 dni w tygodniu.\n      <\/li>\n  <li  >    \n          Do\u015bwiadczenie w pracy magazynowej nie jest wymagane.\n      <\/li>\n  <li  >    \n          Pracowa\u0107 dok\u0142adnie, rzetelnie i samodzielnie.\n      <\/li>\n  <li  >    \n          Gracz zespo\u0142owy z proaktywn\u0105 postaw\u0105.\n      <\/li>\n<\/ul>\n<\/div>\n<\/div><div class=\"bde-column-670-117 bde-column\">\n  \n  \n\t\n\n\n\n<div class=\"bde-div-670-118 bde-div\">\n  \n  \n\t\n\n\n\n<h1 class=\"bde-dual-heading-670-119 bde-dual-heading\">\n\n\n            <span data-style=\"secondary\" class=\"dual-heading--secondary\">Co my<\/span>\n\n            <span data-style=\"primary\" class=\"dual-heading--primary\">Oferta<\/span>\n\n\n\n<\/h1><ul class=\"bde-basic-list-670-120 bde-basic-list\">\n  <li  >    \n          Praca w niepe\u0142nym wymiarze godzin z ustalonymi godzinami pracy od 8:30 do 17:00.\n      <\/li>\n  <li  >    \n          Mo\u017cliwo\u015b\u0107 zdobycia do\u015bwiadczenia zawodowego w \u015brodowisku magazynowym.\n      <\/li>\n  <li  >    \n          Przyjemna atmosfera pracy i kole\u017ce\u0144ski zesp\u00f3\u0142.\n      <\/li>\n  <li  >    \n          Wynagrodzenie rynkowe (do negocjacji).\n      <\/li>\n<\/ul>\n<\/div>\n<\/div><\/div><\/div>\n<\/section><section class=\"bde-section-670-121 bde-section\">\n  \n  \n\t\n\n\n\n<div class=\"section-container\"><div class=\"bde-text-670-122 bde-text\">\nCzy jeste\u015b pracownikiem magazynu\/sortownikiem, kt\u00f3rego szukamy? Prze\u015blij swoje CV i list motywacyjny do agencji pracy tymczasowej lub skontaktuj si\u0119 z nami, aby uzyska\u0107 wi\u0119cej informacji.\n<\/div><div class=\"bde-button-670-123 bde-button\">\n    \n                        \n                        \n    \n    \n    \n    \n            \n                    \n            \n            \n\n    \n    \n    \n    \n    \n    <a class=\"breakdance-link button-atom button-atom--secondary bde-button__button\" href=\"https:\/\/azorflexwork.com\/pl\/werknemers\/\" target=\"_blank\" data-type=\"url\"  >\n\n    \n        <span class=\"button-atom__text\">Aplikuj bezpo\u015brednio<\/span>\n\n        \n        \n                <\/a>\n\n    \n\n\n<\/div><\/div>\n<\/section>","protected":false},"excerpt":{"rendered":"<p>Magazijn medewerker \/ Sorteerder Waddinxveen &#8211; Parttime Voor onze klant in Waddinxveen zijn wij op zoek naar een enthousiaste magazijnmedewerker\/sorteerder. Je ondersteunt het magazijnteam bij het ontvangen, sorteren en verzendklaar maken van goederen. Ervaring is niet vereist; motivatie en nauwkeurigheid zijn belangrijk. Wat ga je doen Ontvangen, controleren en sorteren van inkomende goederen. Klaarzetten van [&hellip;]<\/p>\n","protected":false},"author":1,"featured_media":0,"parent":0,"menu_order":0,"comment_status":"closed","ping_status":"closed","template":"","meta":{"_breakdance_hide_in_design_set":false,"_breakdance_tags":"","footnotes":""},"class_list":["post-670","page","type-page","status-publish","hentry"],"_links":{"self":[{"href":"https:\/\/azorflexwork.com\/pl\/wp-json\/wp\/v2\/pages\/670","targetHints":{"allow":["GET"]}}],"collection":[{"href":"https:\/\/azorflexwork.com\/pl\/wp-json\/wp\/v2\/pages"}],"about":[{"href":"https:\/\/azorflexwork.com\/pl\/wp-json\/wp\/v2\/types\/page"}],"author":[{"embeddable":true,"href":"https:\/\/azorflexwork.com\/pl\/wp-json\/wp\/v2\/users\/1"}],"replies":[{"embeddable":true,"href":"https:\/\/azorflexwork.com\/pl\/wp-json\/wp\/v2\/comments?post=670"}],"version-history":[{"count":2,"href":"https:\/\/azorflexwork.com\/pl\/wp-json\/wp\/v2\/pages\/670\/revisions"}],"predecessor-version":[{"id":672,"href":"https:\/\/azorflexwork.com\/pl\/wp-json\/wp\/v2\/pages\/670\/revisions\/672"}],"wp:attachment":[{"href":"https:\/\/azorflexwork.com\/pl\/wp-json\/wp\/v2\/media?parent=670"}],"curies":[{"name":"wp","href":"https:\/\/api.w.org\/{rel}","templated":true}]}}