{"id":673,"date":"2026-02-18T08:55:09","date_gmt":"2026-02-18T08:55:09","guid":{"rendered":"https:\/\/azorflexwork.com\/?page_id=673"},"modified":"2026-02-18T08:55:09","modified_gmt":"2026-02-18T08:55:09","slug":"sleutelaar","status":"publish","type":"page","link":"https:\/\/azorflexwork.com\/pl\/sleutelaar\/","title":{"rendered":"Tinker"},"content":{"rendered":"<section class=\"bde-section-673-100 bde-section\">\n  \n  \n\t\n\n\n\n<div class=\"section-container\"><h2 class=\"bde-heading-673-101 bde-heading\">\nTinker\n<\/h2><\/div>\n<\/section><section class=\"bde-section-673-102 bde-section\">\n  \n  \n\t\n\n\n\n<div class=\"section-container\"><div class=\"bde-columns-673-103 bde-columns\"><div class=\"bde-column-673-104 bde-column\">\n  \n  \n\t\n\n\n\n<h1 class=\"bde-dual-heading-673-105 bde-dual-heading\">\n\n\n            <span data-style=\"secondary\" class=\"dual-heading--secondary\">Heerhugowaard<\/span>\n\n            <span data-style=\"primary\" class=\"dual-heading--primary\">- Pe\u0142ny etat<\/span>\n\n\n\n<\/h1><div class=\"bde-text-673-106 bde-text\">\nDla naszego klienta w Rotterdam Botlek poszukujemy zmotywowanych \u015blusarzy. Na tym stanowisku b\u0119dziesz zajmowa\u0107 si\u0119 konserwacj\u0105, napraw\u0105 i monta\u017cem cz\u0119\u015bci i maszyn. Wiedza techniczna i praktyczne podej\u015bcie s\u0105 wa\u017cniejsze ni\u017c do\u015bwiadczenie, dzi\u0119ki czemu stanowisko to jest odpowiednie dla pocz\u0105tkuj\u0105cych z zainteresowaniami technicznymi.\n<\/div>\n<\/div><div class=\"bde-column-673-107 bde-column\">\n  \n  \n\t\n\n\n\n<div class=\"bde-div-673-108 bde-div\">\n  \n  \n\t\n\n\n\n<h1 class=\"bde-dual-heading-673-109 bde-dual-heading\">\n\n\n            <span data-style=\"secondary\" class=\"dual-heading--secondary\">Co b\u0119dziesz robi\u0107?<\/span>\n\n            <span data-style=\"primary\" class=\"dual-heading--primary\">robi\u0107<\/span>\n\n\n\n<\/h1><ul class=\"bde-basic-list-673-110 bde-basic-list\">\n  <li  >    \n          Konserwacja, naprawa i monta\u017c cz\u0119\u015bci i maszyn.\n      <\/li>\n  <li  >    \n          Wykonywanie lekkich prac technicznych zgodnie z instrukcjami.\n      <\/li>\n  <li  >    \n          Sprawdzanie cz\u0119\u015bci pod k\u0105tem jako\u015bci i funkcjonalno\u015bci.\n      <\/li>\n  <li  >    \n          Zapewnienie schludnego i bezpiecznego miejsca pracy.\n      <\/li>\n  <li  >    \n          Wsp\u00f3\u0142praca ze wsp\u00f3\u0142pracownikami w celu efektywnego wykonywania pracy.\n      <\/li>\n<\/ul>\n<\/div>\n<\/div><\/div><\/div>\n<\/section><section class=\"bde-section-673-111 bde-section\">\n              \n  \n  \n\t\n\n\n\n<div class=\"section-container\"><div class=\"bde-columns-673-112 bde-columns\"><div class=\"bde-column-673-113 bde-column\">\n  \n  \n\t\n\n\n\n<div class=\"bde-div-673-114 bde-div\">\n  \n  \n\t\n\n\n\n<h1 class=\"bde-dual-heading-673-115 bde-dual-heading\">\n\n\n            <span data-style=\"secondary\" class=\"dual-heading--secondary\">Co my<\/span>\n\n            <span data-style=\"primary\" class=\"dual-heading--primary\">Pytania<\/span>\n\n\n\n<\/h1><ul class=\"bde-basic-list-673-116 bde-basic-list\">\n  <li  >    \n          M\u00f3wisz po holendersku lub angielsku.\n      <\/li>\n  <li  >    \n          Zrozumienie techniczne i praktyczne podej\u015bcie.\n      <\/li>\n  <li  >    \n          Do\u015bwiadczenie nie jest wymagane, mile widziani s\u0105 ch\u0119tni do nauki kandydaci.\n      <\/li>\n  <li  >    \n          Dok\u0142adny, niezawodny i zmotywowany.\n      <\/li>\n  <li  >    \n          Praca od poniedzia\u0142ku do pi\u0105tku w elastycznych godzinach.\n      <\/li>\n<\/ul>\n<\/div>\n<\/div><div class=\"bde-column-673-117 bde-column\">\n  \n  \n\t\n\n\n\n<div class=\"bde-div-673-118 bde-div\">\n  \n  \n\t\n\n\n\n<h1 class=\"bde-dual-heading-673-119 bde-dual-heading\">\n\n\n            <span data-style=\"secondary\" class=\"dual-heading--secondary\">Co my<\/span>\n\n            <span data-style=\"primary\" class=\"dual-heading--primary\">Oferta<\/span>\n\n\n\n<\/h1><ul class=\"bde-basic-list-673-120 bde-basic-list\">\n  <li  >    \n          Praca w pe\u0142nym wymiarze godzin w zespole technicznym.\n      <\/li>\n  <li  >    \n          Mo\u017cliwo\u015b\u0107 rozwijania umiej\u0119tno\u015bci technicznych.\n      <\/li>\n  <li  >    \n          Przyjemna atmosfera pracy i kole\u017ce\u0144scy wsp\u00f3\u0142pracownicy.\n      <\/li>\n  <li  >    \n          Wynagrodzenie rynkowe (do negocjacji).\n      <\/li>\n<\/ul>\n<\/div>\n<\/div><\/div><\/div>\n<\/section><section class=\"bde-section-673-121 bde-section\">\n  \n  \n\t\n\n\n\n<div class=\"section-container\"><div class=\"bde-text-673-122 bde-text\">\nCzy jeste\u015b majsterkowiczem, kt\u00f3rego szukamy? Wy\u015blij swoje CV i motywacj\u0119 do agencji pracy lub skontaktuj si\u0119 z nami, aby uzyska\u0107 wi\u0119cej informacji.\n<\/div><div class=\"bde-button-673-123 bde-button\">\n    \n                        \n                        \n    \n    \n    \n    \n            \n                    \n            \n            \n\n    \n    \n    \n    \n    \n    <a class=\"breakdance-link button-atom button-atom--secondary bde-button__button\" href=\"https:\/\/azorflexwork.com\/pl\/werknemers\/\" target=\"_blank\" data-type=\"url\"  >\n\n    \n        <span class=\"button-atom__text\">Aplikuj bezpo\u015brednio<\/span>\n\n        \n        \n                <\/a>\n\n    \n\n\n<\/div><\/div>\n<\/section>","protected":false},"excerpt":{"rendered":"<p>Sleutelaar Heerhugowaard &#8211; Fulltime Voor onze klant in Rotterdam Botlek zijn wij op zoek naar gemotiveerde sleutelaars. In deze functie houd je je bezig met het onderhouden, repareren en assembleren van onderdelen en machines. Technisch inzicht en een praktische instelling zijn belangrijker dan ervaring, waardoor deze functie geschikt is voor starters met technische interesse. Wat [&hellip;]<\/p>\n","protected":false},"author":1,"featured_media":0,"parent":0,"menu_order":0,"comment_status":"closed","ping_status":"closed","template":"","meta":{"_breakdance_hide_in_design_set":false,"_breakdance_tags":"","footnotes":""},"class_list":["post-673","page","type-page","status-publish","hentry"],"_links":{"self":[{"href":"https:\/\/azorflexwork.com\/pl\/wp-json\/wp\/v2\/pages\/673","targetHints":{"allow":["GET"]}}],"collection":[{"href":"https:\/\/azorflexwork.com\/pl\/wp-json\/wp\/v2\/pages"}],"about":[{"href":"https:\/\/azorflexwork.com\/pl\/wp-json\/wp\/v2\/types\/page"}],"author":[{"embeddable":true,"href":"https:\/\/azorflexwork.com\/pl\/wp-json\/wp\/v2\/users\/1"}],"replies":[{"embeddable":true,"href":"https:\/\/azorflexwork.com\/pl\/wp-json\/wp\/v2\/comments?post=673"}],"version-history":[{"count":2,"href":"https:\/\/azorflexwork.com\/pl\/wp-json\/wp\/v2\/pages\/673\/revisions"}],"predecessor-version":[{"id":675,"href":"https:\/\/azorflexwork.com\/pl\/wp-json\/wp\/v2\/pages\/673\/revisions\/675"}],"wp:attachment":[{"href":"https:\/\/azorflexwork.com\/pl\/wp-json\/wp\/v2\/media?parent=673"}],"curies":[{"name":"wp","href":"https:\/\/api.w.org\/{rel}","templated":true}]}}