{"id":676,"date":"2026-02-18T08:55:02","date_gmt":"2026-02-18T08:55:02","guid":{"rendered":"https:\/\/azorflexwork.com\/?page_id=676"},"modified":"2026-02-18T08:55:02","modified_gmt":"2026-02-18T08:55:02","slug":"schoonmaker","status":"publish","type":"page","link":"https:\/\/azorflexwork.com\/pl\/schoonmaker\/","title":{"rendered":"\u015arodek czyszcz\u0105cy"},"content":{"rendered":"<section class=\"bde-section-676-100 bde-section\">\n  \n  \n\t\n\n\n\n<div class=\"section-container\"><h2 class=\"bde-heading-676-101 bde-heading\">\n\u015arodek czyszcz\u0105cy\n<\/h2><\/div>\n<\/section><section class=\"bde-section-676-102 bde-section\">\n  \n  \n\t\n\n\n\n<div class=\"section-container\"><div class=\"bde-columns-676-103 bde-columns\"><div class=\"bde-column-676-104 bde-column\">\n  \n  \n\t\n\n\n\n<h1 class=\"bde-dual-heading-676-105 bde-dual-heading\">\n\n\n            <span data-style=\"secondary\" class=\"dual-heading--secondary\">Europoort, Rotterdam<\/span>\n\n            <span data-style=\"primary\" class=\"dual-heading--primary\">- Pe\u0142ny etat<\/span>\n\n\n\n<\/h1><div class=\"bde-text-676-106 bde-text\">\nDla naszego klienta w Europoort w Rotterdam szukamy do\u015bwiadczonego pracownika sprz\u0105taj\u0105cego. B\u0119dziesz odpowiedzialny za utrzymanie czysto\u015bci i porz\u0105dku w miejscach pracy i \u015brodowiskach produkcyjnych. Bezpiecze\u0144stwo i jako\u015b\u0107 s\u0105 tu priorytetem, dlatego wymagane jest posiadanie certyfikatu VCA.\n<\/div>\n<\/div><div class=\"bde-column-676-107 bde-column\">\n  \n  \n\t\n\n\n\n<div class=\"bde-div-676-108 bde-div\">\n  \n  \n\t\n\n\n\n<h1 class=\"bde-dual-heading-676-109 bde-dual-heading\">\n\n\n            <span data-style=\"secondary\" class=\"dual-heading--secondary\">Co b\u0119dziesz robi\u0107?<\/span>\n\n            <span data-style=\"primary\" class=\"dual-heading--primary\">robi\u0107<\/span>\n\n\n\n<\/h1><ul class=\"bde-basic-list-676-110 bde-basic-list\">\n  <li  >    \n          Sprz\u0105tanie biur, warsztat\u00f3w i hal produkcyjnych.\n      <\/li>\n  <li  >    \n          Kontrola materia\u0142\u00f3w i narz\u0119dzi do czyszczenia.\n      <\/li>\n  <li  >    \n          Praca zgodnie z przepisami bezpiecze\u0144stwa i higieny.\n      <\/li>\n  <li  >    \n          Sygnalizowanie ewentualnych problem\u00f3w z konserwacj\u0105 lub bezpiecze\u0144stwem.\n      <\/li>\n  <li  >    \n          Wsp\u00f3\u0142praca z kolegami w celu zapewnienia czystego i bezpiecznego \u015brodowiska pracy.\n      <\/li>\n<\/ul>\n<\/div>\n<\/div><\/div><\/div>\n<\/section><section class=\"bde-section-676-111 bde-section\">\n              \n  \n  \n\t\n\n\n\n<div class=\"section-container\"><div class=\"bde-columns-676-112 bde-columns\"><div class=\"bde-column-676-113 bde-column\">\n  \n  \n\t\n\n\n\n<div class=\"bde-div-676-114 bde-div\">\n  \n  \n\t\n\n\n\n<h1 class=\"bde-dual-heading-676-115 bde-dual-heading\">\n\n\n            <span data-style=\"secondary\" class=\"dual-heading--secondary\">Co my<\/span>\n\n            <span data-style=\"primary\" class=\"dual-heading--primary\">Pytania<\/span>\n\n\n\n<\/h1><ul class=\"bde-basic-list-676-116 bde-basic-list\">\n  <li  >    \n          M\u00f3wisz po holendersku lub angielsku.\n      <\/li>\n  <li  >    \n          Udowodnione do\u015bwiadczenie w pracach porz\u0105dkowych.\n      <\/li>\n  <li  >    \n          Posiadanie wa\u017cnego certyfikatu VCA.\n      <\/li>\n  <li  >    \n          Dok\u0142adny, niezawodny i zorientowany na jako\u015b\u0107.\n      <\/li>\n  <li  >    \n          Dost\u0119pne od poniedzia\u0142ku do pi\u0105tku w godzinach 07:00 \u2013 16:00.\n      <\/li>\n<\/ul>\n<\/div>\n<\/div><div class=\"bde-column-676-117 bde-column\">\n  \n  \n\t\n\n\n\n<div class=\"bde-div-676-118 bde-div\">\n  \n  \n\t\n\n\n\n<h1 class=\"bde-dual-heading-676-119 bde-dual-heading\">\n\n\n            <span data-style=\"secondary\" class=\"dual-heading--secondary\">Co my<\/span>\n\n            <span data-style=\"primary\" class=\"dual-heading--primary\">Oferta<\/span>\n\n\n\n<\/h1><ul class=\"bde-basic-list-676-120 bde-basic-list\">\n  <li  >    \n          Pe\u0142noetatowa posada w profesjonalnej firmie.\n      <\/li>\n  <li  >    \n          Stawka 15,52 \u20ac za godzin\u0119.\n      <\/li>\n  <li  >    \n          Przyjemna atmosfera pracy i kole\u017ce\u0144scy wsp\u00f3\u0142pracownicy.\n      <\/li>\n  <li  >    \n          Mo\u017cliwo\u015b\u0107 pracy w bezpiecznym i ustrukturyzowanym \u015brodowisku.\n      <\/li>\n<\/ul>\n<\/div>\n<\/div><\/div><\/div>\n<\/section><section class=\"bde-section-676-121 bde-section\">\n  \n  \n\t\n\n\n\n<div class=\"section-container\"><div class=\"bde-text-676-122 bde-text\">\nCzy jeste\u015b sprz\u0105taczem, kt\u00f3rego szukamy? Wy\u015blij swoje CV i list motywacyjny do agencji rekrutacyjnej lub skontaktuj si\u0119 z nami, aby uzyska\u0107 wi\u0119cej informacji.\n<\/div><div class=\"bde-button-676-123 bde-button\">\n    \n                        \n                        \n    \n    \n    \n    \n            \n                    \n            \n            \n\n    \n    \n    \n    \n    \n    <a class=\"breakdance-link button-atom button-atom--secondary bde-button__button\" href=\"https:\/\/azorflexwork.com\/pl\/werknemers\/\" target=\"_blank\" data-type=\"url\"  >\n\n    \n        <span class=\"button-atom__text\">Aplikuj bezpo\u015brednio<\/span>\n\n        \n        \n                <\/a>\n\n    \n\n\n<\/div><\/div>\n<\/section>","protected":false},"excerpt":{"rendered":"<p>Schoonmaker Europoort, Rotterdam &#8211; Fulltime Voor onze klant in de Europoort Rotterdam zijn wij op zoek naar een ervaren schoonmaker. Je bent verantwoordelijk voor het schoon en netjes houden van de werkruimtes en productieomgevingen. Veiligheid en kwaliteit staan hierbij voorop, daarom is een VCA-certificaat vereist. Wat ga je doen Schoonmaken van kantoren, werkplaatsen en productiegebieden. [&hellip;]<\/p>\n","protected":false},"author":1,"featured_media":0,"parent":0,"menu_order":0,"comment_status":"closed","ping_status":"closed","template":"","meta":{"_breakdance_hide_in_design_set":false,"_breakdance_tags":"","footnotes":""},"class_list":["post-676","page","type-page","status-publish","hentry"],"_links":{"self":[{"href":"https:\/\/azorflexwork.com\/pl\/wp-json\/wp\/v2\/pages\/676","targetHints":{"allow":["GET"]}}],"collection":[{"href":"https:\/\/azorflexwork.com\/pl\/wp-json\/wp\/v2\/pages"}],"about":[{"href":"https:\/\/azorflexwork.com\/pl\/wp-json\/wp\/v2\/types\/page"}],"author":[{"embeddable":true,"href":"https:\/\/azorflexwork.com\/pl\/wp-json\/wp\/v2\/users\/1"}],"replies":[{"embeddable":true,"href":"https:\/\/azorflexwork.com\/pl\/wp-json\/wp\/v2\/comments?post=676"}],"version-history":[{"count":2,"href":"https:\/\/azorflexwork.com\/pl\/wp-json\/wp\/v2\/pages\/676\/revisions"}],"predecessor-version":[{"id":678,"href":"https:\/\/azorflexwork.com\/pl\/wp-json\/wp\/v2\/pages\/676\/revisions\/678"}],"wp:attachment":[{"href":"https:\/\/azorflexwork.com\/pl\/wp-json\/wp\/v2\/media?parent=676"}],"curies":[{"name":"wp","href":"https:\/\/api.w.org\/{rel}","templated":true}]}}