{"id":679,"date":"2026-02-18T08:55:14","date_gmt":"2026-02-18T08:55:14","guid":{"rendered":"https:\/\/azorflexwork.com\/?page_id=679"},"modified":"2026-02-18T08:55:14","modified_gmt":"2026-02-18T08:55:14","slug":"timmerman","status":"publish","type":"page","link":"https:\/\/azorflexwork.com\/pl\/timmerman\/","title":{"rendered":"Carpenter"},"content":{"rendered":"<section class=\"bde-section-679-100 bde-section\">\n  \n  \n\t\n\n\n\n<div class=\"section-container\"><h2 class=\"bde-heading-679-101 bde-heading\">\nCarpenter\n<\/h2><\/div>\n<\/section><section class=\"bde-section-679-102 bde-section\">\n  \n  \n\t\n\n\n\n<div class=\"section-container\"><div class=\"bde-columns-679-103 bde-columns\"><div class=\"bde-column-679-104 bde-column\">\n  \n  \n\t\n\n\n\n<h1 class=\"bde-dual-heading-679-105 bde-dual-heading\">\n\n\n            <span data-style=\"secondary\" class=\"dual-heading--secondary\">Zoeterwoude<\/span>\n\n            <span data-style=\"primary\" class=\"dual-heading--primary\">- Pe\u0142ny etat<\/span>\n\n\n\n<\/h1><div class=\"bde-text-679-106 bde-text\">\nDla naszego klienta w Zoeterwoude poszukujemy do\u015bwiadczonych stolarzy. Na tym stanowisku b\u0119dziesz pracowa\u0107 przy r\u00f3\u017cnorodnych projektach budowlanych i renowacyjnych. B\u0119dziesz wykonywa\u0107 prace stolarskie, montowa\u0107 konstrukcje i zapewnia\u0107 wysok\u0105 jako\u015b\u0107 ko\u0144cowego produktu.\n<\/div>\n<\/div><div class=\"bde-column-679-107 bde-column\">\n  \n  \n\t\n\n\n\n<div class=\"bde-div-679-108 bde-div\">\n  \n  \n\t\n\n\n\n<h1 class=\"bde-dual-heading-679-109 bde-dual-heading\">\n\n\n            <span data-style=\"secondary\" class=\"dual-heading--secondary\">Co b\u0119dziesz robi\u0107?<\/span>\n\n            <span data-style=\"primary\" class=\"dual-heading--primary\">robi\u0107<\/span>\n\n\n\n<\/h1><ul class=\"bde-basic-list-679-110 bde-basic-list\">\n  <li  >    \n          Wykonywanie prac stolarskich przy budowach nowych i remontach.\n      <\/li>\n  <li  >    \n          Monta\u017c drewnianych konstrukcji i element\u00f3w.\n      <\/li>\n  <li  >    \n          Czytanie i interpretacja rysunk\u00f3w technicznych.\n      <\/li>\n  <li  >    \n          Kontrola w\u0142asnej pracy pod k\u0105tem jako\u015bci i dok\u0142adno\u015bci.\n      <\/li>\n  <li  >    \n          Wsp\u00f3\u0142praca z kolegami w celu terminowego i prawid\u0142owego uko\u0144czenia projekt\u00f3w.\n      <\/li>\n<\/ul>\n<\/div>\n<\/div><\/div><\/div>\n<\/section><section class=\"bde-section-679-111 bde-section\">\n              \n  \n  \n\t\n\n\n\n<div class=\"section-container\"><div class=\"bde-columns-679-112 bde-columns\"><div class=\"bde-column-679-113 bde-column\">\n  \n  \n\t\n\n\n\n<div class=\"bde-div-679-114 bde-div\">\n  \n  \n\t\n\n\n\n<h1 class=\"bde-dual-heading-679-115 bde-dual-heading\">\n\n\n            <span data-style=\"secondary\" class=\"dual-heading--secondary\">Co my<\/span>\n\n            <span data-style=\"primary\" class=\"dual-heading--primary\">Pytania<\/span>\n\n\n\n<\/h1><ul class=\"bde-basic-list-679-116 bde-basic-list\">\n  <li  >    \n          M\u00f3wisz po holendersku.\n      <\/li>\n  <li  >    \n          Udowodnione do\u015bwiadczenie jako stolarz.\n      <\/li>\n  <li  >    \n          Praca dok\u0142adna i zorientowana na jako\u015b\u0107.\n      <\/li>\n  <li  >    \n          Praca samodzielna i w zespole.\n      <\/li>\n  <li  >    \n          Dost\u0119pne od poniedzia\u0142ku do pi\u0105tku.\n      <\/li>\n<\/ul>\n<\/div>\n<\/div><div class=\"bde-column-679-117 bde-column\">\n  \n  \n\t\n\n\n\n<div class=\"bde-div-679-118 bde-div\">\n  \n  \n\t\n\n\n\n<h1 class=\"bde-dual-heading-679-119 bde-dual-heading\">\n\n\n            <span data-style=\"secondary\" class=\"dual-heading--secondary\">Co my<\/span>\n\n            <span data-style=\"primary\" class=\"dual-heading--primary\">Oferta<\/span>\n\n\n\n<\/h1><ul class=\"bde-basic-list-679-120 bde-basic-list\">\n  <li  >    \n          Pe\u0142ny etat ze sta\u0142ymi godzinami pracy (do uzgodnienia).\n      <\/li>\n  <li  >    \n          Wynagrodzenie od 15,56 \u20ac za godzin\u0119, w zale\u017cno\u015bci od do\u015bwiadczenia i umiej\u0119tno\u015bci.\n      <\/li>\n  <li  >    \n          Praca nad r\u00f3\u017cnorodnymi i wymagaj\u0105cymi projektami stolarskimi.\n      <\/li>\n  <li  >    \n          Przyjemna atmosfera pracy w kole\u017ce\u0144skim zespole.\n      <\/li>\n<\/ul>\n<\/div>\n<\/div><\/div><\/div>\n<\/section><section class=\"bde-section-679-121 bde-section\">\n  \n  \n\t\n\n\n\n<div class=\"section-container\"><div class=\"bde-text-679-122 bde-text\">\nCzy jeste\u015b stolarzem, kt\u00f3rego szukamy? Prze\u015blij swoje CV i list motywacyjny do agencji pracy tymczasowej lub skontaktuj si\u0119 z nami, aby uzyska\u0107 wi\u0119cej informacji.\n<\/div><div class=\"bde-button-679-123 bde-button\">\n    \n                        \n                        \n    \n    \n    \n    \n            \n                    \n            \n            \n\n    \n    \n    \n    \n    \n    <a class=\"breakdance-link button-atom button-atom--secondary bde-button__button\" href=\"https:\/\/azorflexwork.com\/pl\/werknemers\/\" target=\"_blank\" data-type=\"url\"  >\n\n    \n        <span class=\"button-atom__text\">Aplikuj bezpo\u015brednio<\/span>\n\n        \n        \n                <\/a>\n\n    \n\n\n<\/div><\/div>\n<\/section>","protected":false},"excerpt":{"rendered":"<p>Timmerman Zoeterwoude &#8211; Fulltime Voor onze klant in Zoeterwoude zijn wij op zoek naar ervaren timmermannen. In deze functie werk je aan diverse bouw- en renovatieprojecten. Je voert houtbewerkingen uit, monteert constructies en zorgt voor een kwalitatief hoogwaardig eindresultaat. Wat ga je doen Uitvoeren van timmerwerkzaamheden op nieuwbouw- en renovatieprojecten. Monteren van houten constructies en [&hellip;]<\/p>\n","protected":false},"author":1,"featured_media":0,"parent":0,"menu_order":0,"comment_status":"closed","ping_status":"closed","template":"","meta":{"_breakdance_hide_in_design_set":false,"_breakdance_tags":"","footnotes":""},"class_list":["post-679","page","type-page","status-publish","hentry"],"_links":{"self":[{"href":"https:\/\/azorflexwork.com\/pl\/wp-json\/wp\/v2\/pages\/679","targetHints":{"allow":["GET"]}}],"collection":[{"href":"https:\/\/azorflexwork.com\/pl\/wp-json\/wp\/v2\/pages"}],"about":[{"href":"https:\/\/azorflexwork.com\/pl\/wp-json\/wp\/v2\/types\/page"}],"author":[{"embeddable":true,"href":"https:\/\/azorflexwork.com\/pl\/wp-json\/wp\/v2\/users\/1"}],"replies":[{"embeddable":true,"href":"https:\/\/azorflexwork.com\/pl\/wp-json\/wp\/v2\/comments?post=679"}],"version-history":[{"count":2,"href":"https:\/\/azorflexwork.com\/pl\/wp-json\/wp\/v2\/pages\/679\/revisions"}],"predecessor-version":[{"id":681,"href":"https:\/\/azorflexwork.com\/pl\/wp-json\/wp\/v2\/pages\/679\/revisions\/681"}],"wp:attachment":[{"href":"https:\/\/azorflexwork.com\/pl\/wp-json\/wp\/v2\/media?parent=679"}],"curies":[{"name":"wp","href":"https:\/\/api.w.org\/{rel}","templated":true}]}}