{"id":682,"date":"2026-02-18T08:54:24","date_gmt":"2026-02-18T08:54:24","guid":{"rendered":"https:\/\/azorflexwork.com\/?page_id=682"},"modified":"2026-02-18T08:54:24","modified_gmt":"2026-02-18T08:54:24","slug":"kabeltrekker","status":"publish","type":"page","link":"https:\/\/azorflexwork.com\/pl\/kabeltrekker\/","title":{"rendered":"\u015aci\u0105gacz do kabli"},"content":{"rendered":"<section class=\"bde-section-682-100 bde-section\">\n  \n  \n\t\n\n\n\n<div class=\"section-container\"><h2 class=\"bde-heading-682-101 bde-heading\">\n\u015aci\u0105gacz do kabli\n<\/h2><\/div>\n<\/section><section class=\"bde-section-682-102 bde-section\">\n  \n  \n\t\n\n\n\n<div class=\"section-container\"><div class=\"bde-columns-682-103 bde-columns\"><div class=\"bde-column-682-104 bde-column\">\n  \n  \n\t\n\n\n\n<h1 class=\"bde-dual-heading-682-105 bde-dual-heading\">\n\n\n            <span data-style=\"secondary\" class=\"dual-heading--secondary\">Zoeterwoude<\/span>\n\n            <span data-style=\"primary\" class=\"dual-heading--primary\">- Pe\u0142ny etat<\/span>\n\n\n\n<\/h1><div class=\"bde-text-682-106 bde-text\">\nDla naszego klienta w Hardinxveld-Giessendam poszukujemy entuzjastycznych monter\u00f3w kabli. Na tym stanowisku nauczysz si\u0119 zawodu montera kabli w praktyce. B\u0119dziesz odpowiedzialny za uk\u0142adanie i przeci\u0105ganie kabli w ramach r\u00f3\u017cnych projekt\u00f3w, pod nadzorem do\u015bwiadczonych koleg\u00f3w.\n<\/div>\n<\/div><div class=\"bde-column-682-107 bde-column\">\n  \n  \n\t\n\n\n\n<div class=\"bde-div-682-108 bde-div\">\n  \n  \n\t\n\n\n\n<h1 class=\"bde-dual-heading-682-109 bde-dual-heading\">\n\n\n            <span data-style=\"secondary\" class=\"dual-heading--secondary\">Co b\u0119dziesz robi\u0107?<\/span>\n\n            <span data-style=\"primary\" class=\"dual-heading--primary\">robi\u0107<\/span>\n\n\n\n<\/h1><ul class=\"bde-basic-list-682-110 bde-basic-list\">\n  <li  >    \n          Uk\u0142adanie i przeci\u0105ganie kabli zgodnie z instrukcj\u0105.\n      <\/li>\n  <li  >    \n          Wsp\u00f3\u0142praca z kolegami przy r\u00f3\u017cnych projektach.\n      <\/li>\n  <li  >    \n          Praca zgodnie z przepisami i wytycznymi dotycz\u0105cymi bezpiecze\u0144stwa.\n      <\/li>\n  <li  >    \n          Kontrola jako\u015bci i czysto\u015bci kabli i instalacji.\n      <\/li>\n  <li  >    \n          Konserwacja narz\u0119dzi i materia\u0142\u00f3w.\n      <\/li>\n<\/ul>\n<\/div>\n<\/div><\/div><\/div>\n<\/section><section class=\"bde-section-682-111 bde-section\">\n              \n  \n  \n\t\n\n\n\n<div class=\"section-container\"><div class=\"bde-columns-682-112 bde-columns\"><div class=\"bde-column-682-113 bde-column\">\n  \n  \n\t\n\n\n\n<div class=\"bde-div-682-114 bde-div\">\n  \n  \n\t\n\n\n\n<h1 class=\"bde-dual-heading-682-115 bde-dual-heading\">\n\n\n            <span data-style=\"secondary\" class=\"dual-heading--secondary\">Co my<\/span>\n\n            <span data-style=\"primary\" class=\"dual-heading--primary\">Pytania<\/span>\n\n\n\n<\/h1><ul class=\"bde-basic-list-682-120 bde-basic-list\">\n  <li  >    \n          M\u00f3wisz po holendersku.\n      <\/li>\n  <li  >    \n          Nie jest wymagane do\u015bwiadczenie; zawodu nauczysz si\u0119 w praktyce.\n      <\/li>\n  <li  >    \n          Dok\u0142adny, niezawodny i ch\u0119tny do nauki.\n      <\/li>\n  <li  >    \n          Gracz zespo\u0142owy, kt\u00f3ry jest elastyczny.\n      <\/li>\n  <li  >    \n          Dost\u0119pne od poniedzia\u0142ku do pi\u0105tku.\n      <\/li>\n<\/ul>\n<\/div>\n<\/div><div class=\"bde-column-682-117 bde-column\">\n  \n  \n\t\n\n\n\n<div class=\"bde-div-682-118 bde-div\">\n  \n  \n\t\n\n\n\n<h1 class=\"bde-dual-heading-682-119 bde-dual-heading\">\n\n\n            <span data-style=\"secondary\" class=\"dual-heading--secondary\">Co my<\/span>\n\n            <span data-style=\"primary\" class=\"dual-heading--primary\">Oferta<\/span>\n\n\n\n<\/h1><ul class=\"bde-basic-list-682-116 bde-basic-list\">\n  <li  >    \n          Praca w pe\u0142nym wymiarze godzin w profesjonalnym zespole.\n      <\/li>\n  <li  >    \n          Wynagrodzenie od 14,71 euro za godzin\u0119.\n      <\/li>\n  <li  >    \n          Mo\u017cliwo\u015b\u0107 nauki zawodu kablowego i zdobycia do\u015bwiadczenia.\n      <\/li>\n  <li  >    \n          Przyjemna atmosfera pracy z kolegami i kole\u017cankami.\n      <\/li>\n<\/ul>\n<\/div>\n<\/div><\/div><\/div>\n<\/section><section class=\"bde-section-682-121 bde-section\">\n  \n  \n\t\n\n\n\n<div class=\"section-container\"><div class=\"bde-text-682-122 bde-text\">\nCzy jeste\u015b kierownikiem ds. ci\u0105gni\u0119cia kabli, kt\u00f3rego szukamy? Wy\u015blij swoje CV i list motywacyjny do agencji rekrutacyjnej lub skontaktuj si\u0119 z nami, aby uzyska\u0107 wi\u0119cej informacji.\n<\/div><div class=\"bde-button-682-123 bde-button\">\n    \n                        \n                        \n    \n    \n    \n    \n            \n                    \n            \n            \n\n    \n    \n    \n    \n    \n    <a class=\"breakdance-link button-atom button-atom--secondary bde-button__button\" href=\"https:\/\/azorflexwork.com\/pl\/werknemers\/\" target=\"_blank\" data-type=\"url\"  >\n\n    \n        <span class=\"button-atom__text\">Aplikuj bezpo\u015brednio<\/span>\n\n        \n        \n                <\/a>\n\n    \n\n\n<\/div><\/div>\n<\/section>","protected":false},"excerpt":{"rendered":"<p>Kabeltrekker Zoeterwoude &#8211; Fulltime Voor onze klant in Hardinxveld-Giessendam zijn wij op zoek naar enthousiaste kabeltrekkers. In deze functie leer je het vak van kabeltrekker in de praktijk. Je bent verantwoordelijk voor het leggen en trekken van kabels bij verschillende projecten, onder begeleiding van ervaren collega\u2019s. Wat ga je doen Kabels leggen en trekken volgens [&hellip;]<\/p>\n","protected":false},"author":1,"featured_media":0,"parent":0,"menu_order":0,"comment_status":"closed","ping_status":"closed","template":"","meta":{"_breakdance_hide_in_design_set":false,"_breakdance_tags":"","footnotes":""},"class_list":["post-682","page","type-page","status-publish","hentry"],"_links":{"self":[{"href":"https:\/\/azorflexwork.com\/pl\/wp-json\/wp\/v2\/pages\/682","targetHints":{"allow":["GET"]}}],"collection":[{"href":"https:\/\/azorflexwork.com\/pl\/wp-json\/wp\/v2\/pages"}],"about":[{"href":"https:\/\/azorflexwork.com\/pl\/wp-json\/wp\/v2\/types\/page"}],"author":[{"embeddable":true,"href":"https:\/\/azorflexwork.com\/pl\/wp-json\/wp\/v2\/users\/1"}],"replies":[{"embeddable":true,"href":"https:\/\/azorflexwork.com\/pl\/wp-json\/wp\/v2\/comments?post=682"}],"version-history":[{"count":3,"href":"https:\/\/azorflexwork.com\/pl\/wp-json\/wp\/v2\/pages\/682\/revisions"}],"predecessor-version":[{"id":685,"href":"https:\/\/azorflexwork.com\/pl\/wp-json\/wp\/v2\/pages\/682\/revisions\/685"}],"wp:attachment":[{"href":"https:\/\/azorflexwork.com\/pl\/wp-json\/wp\/v2\/media?parent=682"}],"curies":[{"name":"wp","href":"https:\/\/api.w.org\/{rel}","templated":true}]}}