{"id":686,"date":"2026-02-18T08:54:07","date_gmt":"2026-02-18T08:54:07","guid":{"rendered":"https:\/\/azorflexwork.com\/?page_id=686"},"modified":"2026-02-18T08:54:07","modified_gmt":"2026-02-18T08:54:07","slug":"cnc-draaier-zwijndrecht","status":"publish","type":"page","link":"https:\/\/azorflexwork.com\/pl\/cnc-draaier-zwijndrecht\/","title":{"rendered":"CNC Draaier zwijndrecht\u00a0"},"content":{"rendered":"<section class=\"bde-section-686-100 bde-section\">\n  \n  \n\t\n\n\n\n<div class=\"section-container\"><h2 class=\"bde-heading-686-101 bde-heading\">\nOperator frezarki CNC \/ Operator tokarki CNC\n<\/h2><\/div>\n<\/section><section class=\"bde-section-686-102 bde-section\">\n  \n  \n\t\n\n\n\n<div class=\"section-container\"><div class=\"bde-columns-686-103 bde-columns\"><div class=\"bde-column-686-104 bde-column\">\n  \n  \n\t\n\n\n\n<h1 class=\"bde-dual-heading-686-105 bde-dual-heading\">\n\n\n            <span data-style=\"secondary\" class=\"dual-heading--secondary\">Zwijndrecht<\/span>\n\n            <span data-style=\"primary\" class=\"dual-heading--primary\">- Pe\u0142ny etat<\/span>\n\n\n\n<\/h1><div class=\"bde-text-686-106 bde-text\">\nDla naszego klienta w Zwijndrecht szukamy do\u015bwiadczonego operatora CNC tokarki\/frezarki. B\u0119dziesz pracowa\u0107 z nowoczesnymi maszynami CNC i b\u0119dziesz odpowiedzialny za precyzyjn\u0105 obr\u00f3bk\u0119 metalowych cz\u0119\u015bci zgodnie ze specyfikacjami i rysunkami technicznymi.\n<\/div>\n<\/div><div class=\"bde-column-686-107 bde-column\">\n  \n  \n\t\n\n\n\n<div class=\"bde-div-686-108 bde-div\">\n  \n  \n\t\n\n\n\n<h1 class=\"bde-dual-heading-686-109 bde-dual-heading\">\n\n\n            <span data-style=\"secondary\" class=\"dual-heading--secondary\">Co b\u0119dziesz robi\u0107?<\/span>\n\n            <span data-style=\"primary\" class=\"dual-heading--primary\">robi\u0107<\/span>\n\n\n\n<\/h1><ul class=\"bde-basic-list-686-110 bde-basic-list\">\n  <li  >    \n          Konfiguracja i obs\u0142uga frezarek i tokarek CNC.\n      <\/li>\n  <li  >    \n          Czytanie i interpretacja rysunk\u00f3w technicznych.\n      <\/li>\n  <li  >    \n          Weryfikacja produkt\u00f3w pod k\u0105tem rozmiaru i jako\u015bci.\n      <\/li>\n  <li  >    \n          Przeprowadzenie drobnych prac konserwacyjnych przy maszynach.\n      <\/li>\n  <li  >    \n          Zapewnienie schludnego i bezpiecznego miejsca pracy.\n      <\/li>\n<\/ul>\n<\/div>\n<\/div><\/div><\/div>\n<\/section><section class=\"bde-section-686-111 bde-section\">\n              \n  \n  \n\t\n\n\n\n<div class=\"section-container\"><div class=\"bde-columns-686-112 bde-columns\"><div class=\"bde-column-686-113 bde-column\">\n  \n  \n\t\n\n\n\n<div class=\"bde-div-686-114 bde-div\">\n  \n  \n\t\n\n\n\n<h1 class=\"bde-dual-heading-686-115 bde-dual-heading\">\n\n\n            <span data-style=\"secondary\" class=\"dual-heading--secondary\">Co my<\/span>\n\n            <span data-style=\"primary\" class=\"dual-heading--primary\">Pytania<\/span>\n\n\n\n<\/h1><ul class=\"bde-basic-list-686-116 bde-basic-list\">\n  <li  >    \n          M\u00f3wisz po polsku lub po niderlandzku.\n      <\/li>\n  <li  >    \n          Udowodnione do\u015bwiadczenie jako tokarz i\/lub frezer CNC.\n      <\/li>\n  <li  >    \n          Praca dok\u0142adna i zorientowana na jako\u015b\u0107.\n      <\/li>\n  <li  >    \n          Praca samodzielna i w zespole.\n      <\/li>\n  <li  >    \n          Dost\u0119pne od poniedzia\u0142ku do pi\u0105tku.\n      <\/li>\n<\/ul>\n<\/div>\n<\/div><div class=\"bde-column-686-117 bde-column\">\n  \n  \n\t\n\n\n\n<div class=\"bde-div-686-118 bde-div\">\n  \n  \n\t\n\n\n\n<h1 class=\"bde-dual-heading-686-119 bde-dual-heading\">\n\n\n            <span data-style=\"secondary\" class=\"dual-heading--secondary\">Co my<\/span>\n\n            <span data-style=\"primary\" class=\"dual-heading--primary\">Oferta<\/span>\n\n\n\n<\/h1><ul class=\"bde-basic-list-686-120 bde-basic-list\">\n  <li  >    \n          Praca w pe\u0142nym wymiarze godzin w profesjonalnym zespole.\n      <\/li>\n  <li  >    \n          Wynagrodzenie od 14,71 \u20ac za godzin\u0119, w zale\u017cno\u015bci od do\u015bwiadczenia i umiej\u0119tno\u015bci.\n      <\/li>\n  <li  >    \n          Praca z nowoczesnymi maszynami i technikami.\n      <\/li>\n  <li  >    \n          Przyjemna atmosfera pracy i kole\u017ce\u0144scy wsp\u00f3\u0142pracownicy.\n      <\/li>\n<\/ul>\n<\/div>\n<\/div><\/div><\/div>\n<\/section><section class=\"bde-section-686-121 bde-section\">\n  \n  \n\t\n\n\n\n<div class=\"section-container\"><div class=\"bde-text-686-122 bde-text\">\nCzy jeste\u015b operatorem tokarki\/frezarki CNC, kt\u00f3rego szukamy? Prze\u015blij swoje CV i list motywacyjny do agencji pracy tymczasowej lub skontaktuj si\u0119 z nami, aby uzyska\u0107 wi\u0119cej informacji.\n<\/div><div class=\"bde-button-686-123 bde-button\">\n    \n                        \n                        \n    \n    \n    \n    \n            \n                    \n            \n            \n\n    \n    \n    \n    \n    \n    <a class=\"breakdance-link button-atom button-atom--secondary bde-button__button\" href=\"https:\/\/azorflexwork.com\/pl\/werknemers\/\" target=\"_blank\" data-type=\"url\"  >\n\n    \n        <span class=\"button-atom__text\">Aplikuj bezpo\u015brednio<\/span>\n\n        \n        \n                <\/a>\n\n    \n\n\n<\/div><\/div>\n<\/section>","protected":false},"excerpt":{"rendered":"<p>CNC Frezer\/Draaier Zwijndrecht &#8211; Fulltime Voor onze klant in Zwijndrecht zijn wij op zoek naar een ervaren CNC draaier\/frezer. Je werkt met moderne CNC-machines en bent verantwoordelijk voor het nauwkeurig bewerken van metalen onderdelen volgens specificaties en tekeningen. Wat ga je doen Instellen en bedienen van CNC frees- en draaibanken. Lezen en interpreteren van technische [&hellip;]<\/p>\n","protected":false},"author":1,"featured_media":0,"parent":0,"menu_order":0,"comment_status":"closed","ping_status":"closed","template":"","meta":{"_breakdance_hide_in_design_set":false,"_breakdance_tags":"","footnotes":""},"class_list":["post-686","page","type-page","status-publish","hentry"],"_links":{"self":[{"href":"https:\/\/azorflexwork.com\/pl\/wp-json\/wp\/v2\/pages\/686","targetHints":{"allow":["GET"]}}],"collection":[{"href":"https:\/\/azorflexwork.com\/pl\/wp-json\/wp\/v2\/pages"}],"about":[{"href":"https:\/\/azorflexwork.com\/pl\/wp-json\/wp\/v2\/types\/page"}],"author":[{"embeddable":true,"href":"https:\/\/azorflexwork.com\/pl\/wp-json\/wp\/v2\/users\/1"}],"replies":[{"embeddable":true,"href":"https:\/\/azorflexwork.com\/pl\/wp-json\/wp\/v2\/comments?post=686"}],"version-history":[{"count":3,"href":"https:\/\/azorflexwork.com\/pl\/wp-json\/wp\/v2\/pages\/686\/revisions"}],"predecessor-version":[{"id":692,"href":"https:\/\/azorflexwork.com\/pl\/wp-json\/wp\/v2\/pages\/686\/revisions\/692"}],"wp:attachment":[{"href":"https:\/\/azorflexwork.com\/pl\/wp-json\/wp\/v2\/media?parent=686"}],"curies":[{"name":"wp","href":"https:\/\/api.w.org\/{rel}","templated":true}]}}