{"id":689,"date":"2026-02-18T08:54:48","date_gmt":"2026-02-18T08:54:48","guid":{"rendered":"https:\/\/azorflexwork.com\/?page_id=689"},"modified":"2026-02-18T08:54:48","modified_gmt":"2026-02-18T08:54:48","slug":"productiemedewerker-albasserdam","status":"publish","type":"page","link":"https:\/\/azorflexwork.com\/pl\/productiemedewerker-albasserdam\/","title":{"rendered":"Productiemedewerker\u00a0Albasserdam"},"content":{"rendered":"<section class=\"bde-section-689-100 bde-section\">\n  \n  \n\t\n\n\n\n<div class=\"section-container\"><h2 class=\"bde-heading-689-101 bde-heading\">\nPracownik produkcji (obs\u0142uga maszyn)\n<\/h2><\/div>\n<\/section><section class=\"bde-section-689-102 bde-section\">\n  \n  \n\t\n\n\n\n<div class=\"section-container\"><div class=\"bde-columns-689-103 bde-columns\"><div class=\"bde-column-689-104 bde-column\">\n  \n  \n\t\n\n\n\n<h1 class=\"bde-dual-heading-689-105 bde-dual-heading\">\n\n\n            <span data-style=\"secondary\" class=\"dual-heading--secondary\">Alblasserdam<\/span>\n\n            <span data-style=\"primary\" class=\"dual-heading--primary\">- Pe\u0142ny etat<\/span>\n\n\n\n<\/h1><div class=\"bde-text-689-106 bde-text\">\nDla naszego klienta w Alblasserdam poszukujemy pracownika produkcji (obs\u0142uga maszyn). B\u0119dziesz obs\u0142ugiwa\u0107 i kontrolowa\u0107 maszyny w procesie produkcji, zapewniaj\u0105c jego p\u0142ynny i efektywny przebieg. Wa\u017cne s\u0105 zdolno\u015bci techniczne, kt\u00f3re pozwol\u0105 Ci pracowa\u0107 bezpiecznie i dok\u0142adnie.\n<\/div>\n<\/div><div class=\"bde-column-689-107 bde-column\">\n  \n  \n\t\n\n\n\n<div class=\"bde-div-689-108 bde-div\">\n  \n  \n\t\n\n\n\n<h1 class=\"bde-dual-heading-689-109 bde-dual-heading\">\n\n\n            <span data-style=\"secondary\" class=\"dual-heading--secondary\">Co b\u0119dziesz robi\u0107?<\/span>\n\n            <span data-style=\"primary\" class=\"dual-heading--primary\">robi\u0107<\/span>\n\n\n\n<\/h1><ul class=\"bde-basic-list-689-110 bde-basic-list\">\n  <li  >    \n          Obs\u0142uga i kontrola maszyn produkcyjnych i pakuj\u0105cych.\n      <\/li>\n  <li  >    \n          Kontrola produkt\u00f3w pod k\u0105tem jako\u015bci i specyfikacji.\n      <\/li>\n  <li  >    \n          Konserwacja maszyn i utrzymanie czysto\u015bci w miejscu pracy.\n      <\/li>\n  <li  >    \n          Wsp\u00f3\u0142praca z kolegami w celu osi\u0105gni\u0119cia planu produkcji.\n      <\/li>\n  <li  >    \n          Wykrywanie i zg\u0142aszanie nieprawid\u0142owo\u015bci lub usterek.\n      <\/li>\n<\/ul>\n<\/div>\n<\/div><\/div><\/div>\n<\/section><section class=\"bde-section-689-111 bde-section\">\n              \n  \n  \n\t\n\n\n\n<div class=\"section-container\"><div class=\"bde-columns-689-112 bde-columns\"><div class=\"bde-column-689-113 bde-column\">\n  \n  \n\t\n\n\n\n<div class=\"bde-div-689-114 bde-div\">\n  \n  \n\t\n\n\n\n<h1 class=\"bde-dual-heading-689-115 bde-dual-heading\">\n\n\n            <span data-style=\"secondary\" class=\"dual-heading--secondary\">Co my<\/span>\n\n            <span data-style=\"primary\" class=\"dual-heading--primary\">Pytania<\/span>\n\n\n\n<\/h1><ul class=\"bde-basic-list-689-116 bde-basic-list\">\n  <li  >    \n          M\u00f3wisz po holendersku lub angielsku.\n      <\/li>\n  <li  >    \n          Zrozumienie techniczne i praktyczne podej\u015bcie.\n      <\/li>\n  <li  >    \n          Do\u015bwiadczenie jest mile widziane, ale nie jest wymagane.\n      <\/li>\n  <li  >    \n          Dok\u0142adny, niezawodny i zorientowany na jako\u015b\u0107.\n      <\/li>\n  <li  >    \n          Dost\u0119pne od poniedzia\u0142ku do pi\u0105tku.\n      <\/li>\n<\/ul>\n<\/div>\n<\/div><div class=\"bde-column-689-117 bde-column\">\n  \n  \n\t\n\n\n\n<div class=\"bde-div-689-118 bde-div\">\n  \n  \n\t\n\n\n\n<h1 class=\"bde-dual-heading-689-119 bde-dual-heading\">\n\n\n            <span data-style=\"secondary\" class=\"dual-heading--secondary\">Co my<\/span>\n\n            <span data-style=\"primary\" class=\"dual-heading--primary\">Oferta<\/span>\n\n\n\n<\/h1><ul class=\"bde-basic-list-689-120 bde-basic-list\">\n  <li  >    \n          Pe\u0142ny etat ze sta\u0142ymi dniami pracy.\n      <\/li>\n  <li  >    \n          Wynagrodzenie od 14,71 euro za godzin\u0119.\n      <\/li>\n  <li  >    \n          Mo\u017cliwo\u015b\u0107 zdobycia do\u015bwiadczenia technicznego w produkcji.\n      <\/li>\n  <li  >    \n          Przyjemna atmosfera pracy w kole\u017ce\u0144skim zespole.\n      <\/li>\n  <li  >    \n          Mo\u017cliwo\u015b\u0107 zdobycia do\u015bwiadczenia w bran\u017cy spo\u017cywczej.\n      <\/li>\n<\/ul>\n<\/div>\n<\/div><\/div><\/div>\n<\/section><section class=\"bde-section-689-121 bde-section\">\n  \n  \n\t\n\n\n\n<div class=\"section-container\"><div class=\"bde-text-689-122 bde-text\">\nCzy jeste\u015b pracownikiem produkcji, kt\u00f3rego szukamy? Wy\u015blij CV i list motywacyjny do agencji pracy tymczasowej lub skontaktuj si\u0119 z nami, aby uzyska\u0107 wi\u0119cej informacji.\n<\/div><div class=\"bde-button-689-123 bde-button\">\n    \n                        \n                        \n    \n    \n    \n    \n            \n                    \n            \n            \n\n    \n    \n    \n    \n    \n    <a class=\"breakdance-link button-atom button-atom--secondary bde-button__button\" href=\"https:\/\/azorflexwork.com\/pl\/werknemers\/\" target=\"_blank\" data-type=\"url\"  >\n\n    \n        <span class=\"button-atom__text\">Aplikuj bezpo\u015brednio<\/span>\n\n        \n        \n                <\/a>\n\n    \n\n\n<\/div><\/div>\n<\/section>","protected":false},"excerpt":{"rendered":"<p>productie medewerker (machinaal) Alblasserdam &#8211; Fulltime Voor onze klant in Alblasserdam zijn wij op zoek naar een productiemedewerker (machinaal). Je bedient en controleert machines in de productie en zorgt dat het productieproces soepel en effici\u00ebnt verloopt. Technisch inzicht is belangrijk, zodat je veilig en nauwkeurig kunt werken. Wat ga je doen Bedienen en controleren van [&hellip;]<\/p>\n","protected":false},"author":1,"featured_media":0,"parent":0,"menu_order":0,"comment_status":"closed","ping_status":"closed","template":"","meta":{"_breakdance_hide_in_design_set":false,"_breakdance_tags":"","footnotes":""},"class_list":["post-689","page","type-page","status-publish","hentry"],"_links":{"self":[{"href":"https:\/\/azorflexwork.com\/pl\/wp-json\/wp\/v2\/pages\/689","targetHints":{"allow":["GET"]}}],"collection":[{"href":"https:\/\/azorflexwork.com\/pl\/wp-json\/wp\/v2\/pages"}],"about":[{"href":"https:\/\/azorflexwork.com\/pl\/wp-json\/wp\/v2\/types\/page"}],"author":[{"embeddable":true,"href":"https:\/\/azorflexwork.com\/pl\/wp-json\/wp\/v2\/users\/1"}],"replies":[{"embeddable":true,"href":"https:\/\/azorflexwork.com\/pl\/wp-json\/wp\/v2\/comments?post=689"}],"version-history":[{"count":3,"href":"https:\/\/azorflexwork.com\/pl\/wp-json\/wp\/v2\/pages\/689\/revisions"}],"predecessor-version":[{"id":693,"href":"https:\/\/azorflexwork.com\/pl\/wp-json\/wp\/v2\/pages\/689\/revisions\/693"}],"wp:attachment":[{"href":"https:\/\/azorflexwork.com\/pl\/wp-json\/wp\/v2\/media?parent=689"}],"curies":[{"name":"wp","href":"https:\/\/api.w.org\/{rel}","templated":true}]}}