{"id":694,"date":"2026-02-18T08:54:18","date_gmt":"2026-02-18T08:54:18","guid":{"rendered":"https:\/\/azorflexwork.com\/?page_id=694"},"modified":"2026-02-18T08:54:18","modified_gmt":"2026-02-18T08:54:18","slug":"constructie-en-schilder","status":"publish","type":"page","link":"https:\/\/azorflexwork.com\/pl\/constructie-en-schilder\/","title":{"rendered":"Constructie en schilder\u00a0"},"content":{"rendered":"<section class=\"bde-section-694-100 bde-section\">\n  \n  \n\t\n\n\n\n<div class=\"section-container\"><h2 class=\"bde-heading-694-101 bde-heading\">\nBrygadzista budowlany i malarz drewna\n<\/h2><\/div>\n<\/section><section class=\"bde-section-694-102 bde-section\">\n  \n  \n\t\n\n\n\n<div class=\"section-container\"><div class=\"bde-columns-694-103 bde-columns\"><div class=\"bde-column-694-104 bde-column\">\n  \n  \n\t\n\n\n\n<h1 class=\"bde-dual-heading-694-105 bde-dual-heading\">\n\n\n            <span data-style=\"secondary\" class=\"dual-heading--secondary\">R\u00f3\u017cne lokalizacje<\/span>\n\n            <span data-style=\"primary\" class=\"dual-heading--primary\">- Pe\u0142ny etat<\/span>\n\n\n\n<\/h1><div class=\"bde-text-694-106 bde-text\">\nDla naszego klienta poszukujemy do\u015bwiadczonego brygadzisty budowlanego i malarza drewna. B\u0119dziesz nadzorowa\u0107 zesp\u00f3\u0142 na miejscu, aktywnie uczestniczy\u0107 i zapewnia\u0107, \u017ce projekty s\u0105 realizowane zgodnie z planem i wymogami jako\u015bci. B\u0119dziesz punktem kontaktowym dla wsp\u00f3\u0142pracownik\u00f3w i klient\u00f3w oraz po\u0142\u0105czysz przyw\u00f3dztwo z praktyczn\u0105 prac\u0105.<br><br>R\u00f3\u017cne lokalizacje - elastyczne wdra\u017canie<br>(Den Helder, Rotterdam, Gouda, Botlek itp.). \n<\/div>\n<\/div><div class=\"bde-column-694-107 bde-column\">\n  \n  \n\t\n\n\n\n<div class=\"bde-div-694-108 bde-div\">\n  \n  \n\t\n\n\n\n<h1 class=\"bde-dual-heading-694-109 bde-dual-heading\">\n\n\n            <span data-style=\"secondary\" class=\"dual-heading--secondary\">Co b\u0119dziesz robi\u0107?<\/span>\n\n            <span data-style=\"primary\" class=\"dual-heading--primary\">robi\u0107<\/span>\n\n\n\n<\/h1><ul class=\"bde-basic-list-694-110 bde-basic-list\">\n  <li  >    \n          Kierowanie i wspieranie zespo\u0142u malarskiego i budowlanego na miejscu.\n      <\/li>\n  <li  >    \n          Wykonywanie malowania drewna i konstrukcji.\n      <\/li>\n  <li  >    \n          Sprawdzanie jako\u015bci i bezpiecze\u0144stwa pracy.\n      <\/li>\n  <li  >    \n          Planowanie pracy i koordynacja z klientami i wsp\u00f3\u0142pracownikami.\n      <\/li>\n  <li  >    \n          Konserwacja materia\u0142\u00f3w i narz\u0119dzi.\n      <\/li>\n<\/ul>\n<\/div>\n<\/div><\/div><\/div>\n<\/section><section class=\"bde-section-694-111 bde-section\">\n              \n  \n  \n\t\n\n\n\n<div class=\"section-container\"><div class=\"bde-columns-694-112 bde-columns\"><div class=\"bde-column-694-113 bde-column\">\n  \n  \n\t\n\n\n\n<div class=\"bde-div-694-114 bde-div\">\n  \n  \n\t\n\n\n\n<h1 class=\"bde-dual-heading-694-115 bde-dual-heading\">\n\n\n            <span data-style=\"secondary\" class=\"dual-heading--secondary\">Co my<\/span>\n\n            <span data-style=\"primary\" class=\"dual-heading--primary\">Pytania<\/span>\n\n\n\n<\/h1><ul class=\"bde-basic-list-694-116 bde-basic-list\">\n  <li  >    \n          M\u00f3wisz po holendersku lub angielsku.\n      <\/li>\n  <li  >    \n          Udokumentowane do\u015bwiadczenie w malowaniu drewna i budownictwie.\n      <\/li>\n  <li  >    \n          Umiej\u0119tno\u015bci przyw\u00f3dcze i umiej\u0119tno\u015b\u0107 pracy w zespole.\n      <\/li>\n  <li  >    \n          Dok\u0142adny, zorientowany na jako\u015b\u0107 i rozwi\u0105zania.\n      <\/li>\n  <li  >    \n          Mo\u017cliwo\u015b\u0107 elastycznego wdra\u017cania w r\u00f3\u017cnych lokalizacjach.\n      <\/li>\n  <li  >    \n          Dost\u0119pne od poniedzia\u0142ku do pi\u0105tku.\n      <\/li>\n<\/ul>\n<\/div>\n<\/div><div class=\"bde-column-694-117 bde-column\">\n  \n  \n\t\n\n\n\n<div class=\"bde-div-694-118 bde-div\">\n  \n  \n\t\n\n\n\n<h1 class=\"bde-dual-heading-694-119 bde-dual-heading\">\n\n\n            <span data-style=\"secondary\" class=\"dual-heading--secondary\">Co my<\/span>\n\n            <span data-style=\"primary\" class=\"dual-heading--primary\">Oferta<\/span>\n\n\n\n<\/h1><ul class=\"bde-basic-list-694-120 bde-basic-list\">\n  <li  >    \n          Praca w pe\u0142nym wymiarze godzin w r\u00f3\u017cnych lokalizacjach i projektach.\n      <\/li>\n  <li  >    \n          Wynagrodzenie zale\u017cne od do\u015bwiadczenia i umiej\u0119tno\u015bci.\n      <\/li>\n  <li  >    \n          Mo\u017cliwo\u015b\u0107 po\u0142\u0105czenia do\u015bwiadczenia mened\u017cerskiego z prac\u0105 praktyczn\u0105.\n      <\/li>\n  <li  >    \n          Przyjemna atmosfera pracy i kole\u017ce\u0144ski zesp\u00f3\u0142.\n      <\/li>\n<\/ul>\n<\/div>\n<\/div><\/div><\/div>\n<\/section><section class=\"bde-section-694-121 bde-section\">\n  \n  \n\t\n\n\n\n<div class=\"section-container\"><div class=\"bde-text-694-122 bde-text\">\nCzy jeste\u015b wsp\u00f3\u0142pracuj\u0105cym brygadzist\u0105 budowlanym i malarzem drewna, kt\u00f3rego szukamy? Wy\u015blij swoje CV i motywacj\u0119 do agencji pracy lub skontaktuj si\u0119 z nami, aby uzyska\u0107 wi\u0119cej informacji.\n<\/div><div class=\"bde-button-694-123 bde-button\">\n    \n                        \n                        \n    \n    \n    \n    \n            \n                    \n            \n            \n\n    \n    \n    \n    \n    \n    <a class=\"breakdance-link button-atom button-atom--secondary bde-button__button\" href=\"https:\/\/azorflexwork.com\/pl\/werknemers\/\" target=\"_blank\" data-type=\"url\"  >\n\n    \n        <span class=\"button-atom__text\">Aplikuj bezpo\u015brednio<\/span>\n\n        \n        \n                <\/a>\n\n    \n\n\n<\/div><\/div>\n<\/section>","protected":false},"excerpt":{"rendered":"<p>Meewerkend Voorman Constructie en Houtschilder Diverse locaties &#8211; Fulltime Voor onze klant zijn wij op zoek naar een ervaren meewerkend voorman constructie en houtschilder. Je begeleidt het team op locatie, werkt actief mee en zorgt dat projecten volgens planning en kwaliteitseisen worden uitgevoerd. Je bent het aanspreekpunt voor collega\u2019s en klanten en combineert leidinggeven met [&hellip;]<\/p>\n","protected":false},"author":1,"featured_media":0,"parent":0,"menu_order":0,"comment_status":"closed","ping_status":"closed","template":"","meta":{"_breakdance_hide_in_design_set":false,"_breakdance_tags":"","footnotes":""},"class_list":["post-694","page","type-page","status-publish","hentry"],"_links":{"self":[{"href":"https:\/\/azorflexwork.com\/pl\/wp-json\/wp\/v2\/pages\/694","targetHints":{"allow":["GET"]}}],"collection":[{"href":"https:\/\/azorflexwork.com\/pl\/wp-json\/wp\/v2\/pages"}],"about":[{"href":"https:\/\/azorflexwork.com\/pl\/wp-json\/wp\/v2\/types\/page"}],"author":[{"embeddable":true,"href":"https:\/\/azorflexwork.com\/pl\/wp-json\/wp\/v2\/users\/1"}],"replies":[{"embeddable":true,"href":"https:\/\/azorflexwork.com\/pl\/wp-json\/wp\/v2\/comments?post=694"}],"version-history":[{"count":2,"href":"https:\/\/azorflexwork.com\/pl\/wp-json\/wp\/v2\/pages\/694\/revisions"}],"predecessor-version":[{"id":699,"href":"https:\/\/azorflexwork.com\/pl\/wp-json\/wp\/v2\/pages\/694\/revisions\/699"}],"wp:attachment":[{"href":"https:\/\/azorflexwork.com\/pl\/wp-json\/wp\/v2\/media?parent=694"}],"curies":[{"name":"wp","href":"https:\/\/api.w.org\/{rel}","templated":true}]}}