{"id":696,"date":"2026-02-18T08:55:29","date_gmt":"2026-02-18T08:55:29","guid":{"rendered":"https:\/\/azorflexwork.com\/?page_id=696"},"modified":"2026-02-18T08:55:29","modified_gmt":"2026-02-18T08:55:29","slug":"verwarmingsmonteur","status":"publish","type":"page","link":"https:\/\/azorflexwork.com\/pl\/verwarmingsmonteur\/","title":{"rendered":"In\u017cynier ogrzewania"},"content":{"rendered":"<section class=\"bde-section-696-100 bde-section\">\n  \n  \n\t\n\n\n\n<div class=\"section-container\"><h2 class=\"bde-heading-696-101 bde-heading\">\nIn\u017cynier ogrzewania\n<\/h2><\/div>\n<\/section><section class=\"bde-section-696-102 bde-section\">\n  \n  \n\t\n\n\n\n<div class=\"section-container\"><div class=\"bde-columns-696-103 bde-columns\"><div class=\"bde-column-696-104 bde-column\">\n  \n  \n\t\n\n\n\n<h1 class=\"bde-dual-heading-696-105 bde-dual-heading\">\n\n\n            <span data-style=\"secondary\" class=\"dual-heading--secondary\">Naaldwijk<\/span>\n\n            <span data-style=\"primary\" class=\"dual-heading--primary\">- Pe\u0142ny etat<\/span>\n\n\n\n<\/h1><div class=\"bde-text-696-106 bde-text\">\nDla naszego klienta w Naaldwijk poszukujemy entuzjastycznego in\u017cyniera ds. ogrzewania. Do\u015bwiadczenie nie jest wymagane; wa\u017cne jest, aby\u015b mia\u0142 wgl\u0105d techniczny i potrafi\u0142 czyta\u0107 proste rysunki techniczne. B\u0119dziesz pomaga\u0107 w instalacji, konserwacji i sprawdzaniu system\u00f3w grzewczych.\n<\/div>\n<\/div><div class=\"bde-column-696-107 bde-column\">\n  \n  \n\t\n\n\n\n<div class=\"bde-div-696-108 bde-div\">\n  \n  \n\t\n\n\n\n<h1 class=\"bde-dual-heading-696-109 bde-dual-heading\">\n\n\n            <span data-style=\"secondary\" class=\"dual-heading--secondary\">Co b\u0119dziesz robi\u0107?<\/span>\n\n            <span data-style=\"primary\" class=\"dual-heading--primary\">robi\u0107<\/span>\n\n\n\n<\/h1><ul class=\"bde-basic-list-696-110 bde-basic-list\">\n  <li  >    \n          Instalacja i konserwacja system\u00f3w grzewczych.\n      <\/li>\n  <li  >    \n          Czytanie i \u015bledzenie prostych rysunk\u00f3w technicznych.\n      <\/li>\n  <li  >    \n          Sprawdzanie instalacji pod k\u0105tem dzia\u0142ania i bezpiecze\u0144stwa.\n      <\/li>\n  <li  >    \n          Wsp\u00f3\u0142praca ze wsp\u00f3\u0142pracownikami w celu efektywnego wykonywania pracy.\n      <\/li>\n  <li  >    \n          Zapewnienie schludnego i bezpiecznego miejsca pracy.\n      <\/li>\n<\/ul>\n<\/div>\n<\/div><\/div><\/div>\n<\/section><section class=\"bde-section-696-111 bde-section\">\n              \n  \n  \n\t\n\n\n\n<div class=\"section-container\"><div class=\"bde-columns-696-112 bde-columns\"><div class=\"bde-column-696-113 bde-column\">\n  \n  \n\t\n\n\n\n<div class=\"bde-div-696-114 bde-div\">\n  \n  \n\t\n\n\n\n<h1 class=\"bde-dual-heading-696-115 bde-dual-heading\">\n\n\n            <span data-style=\"secondary\" class=\"dual-heading--secondary\">Co my<\/span>\n\n            <span data-style=\"primary\" class=\"dual-heading--primary\">Pytania<\/span>\n\n\n\n<\/h1><ul class=\"bde-basic-list-696-116 bde-basic-list\">\n  <li  >    \n          M\u00f3wisz po holendersku lub angielsku.\n      <\/li>\n  <li  >    \n          Zrozumienie techniczne i praktyczne podej\u015bcie.\n      <\/li>\n  <li  >    \n          Do\u015bwiadczenie nie jest wymagane; mile widziani s\u0105 dociekliwi kandydaci.\n      <\/li>\n  <li  >    \n          Dok\u0142adny, niezawodny i zorientowany na rozwi\u0105zania.\n      <\/li>\n  <li  >    \n          Dost\u0119pne od poniedzia\u0142ku do pi\u0105tku.\n      <\/li>\n<\/ul>\n<\/div>\n<\/div><div class=\"bde-column-696-117 bde-column\">\n  \n  \n\t\n\n\n\n<div class=\"bde-div-696-118 bde-div\">\n  \n  \n\t\n\n\n\n<h1 class=\"bde-dual-heading-696-119 bde-dual-heading\">\n\n\n            <span data-style=\"secondary\" class=\"dual-heading--secondary\">Co my<\/span>\n\n            <span data-style=\"primary\" class=\"dual-heading--primary\">Oferta<\/span>\n\n\n\n<\/h1><ul class=\"bde-basic-list-696-120 bde-basic-list\">\n  <li  >    \n          Praca w pe\u0142nym wymiarze godzin w profesjonalnym zespole.\n      <\/li>\n  <li  >    \n          Wynagrodzenie od 14,71 euro za godzin\u0119.\n      <\/li>\n  <li  >    \n          Mo\u017cliwo\u015b\u0107 nauki zawodu in\u017cyniera ogrzewania.\n      <\/li>\n  <li  >    \n          Przyjemna atmosfera pracy z kolegami i kole\u017cankami.\n      <\/li>\n<\/ul>\n<\/div>\n<\/div><\/div><\/div>\n<\/section><section class=\"bde-section-696-121 bde-section\">\n  \n  \n\t\n\n\n\n<div class=\"section-container\"><div class=\"bde-text-696-122 bde-text\">\nCzy jeste\u015b in\u017cynierem ogrzewania, kt\u00f3rego szukamy? Wy\u015blij swoje CV i motywacj\u0119 do agencji pracy lub skontaktuj si\u0119 z nami, aby uzyska\u0107 wi\u0119cej informacji.\n<\/div><div class=\"bde-button-696-123 bde-button\">\n    \n                        \n                        \n    \n    \n    \n    \n            \n                    \n            \n            \n\n    \n    \n    \n    \n    \n    <a class=\"breakdance-link button-atom button-atom--secondary bde-button__button\" href=\"https:\/\/azorflexwork.com\/pl\/werknemers\/\" target=\"_blank\" data-type=\"url\"  >\n\n    \n        <span class=\"button-atom__text\">Aplikuj bezpo\u015brednio<\/span>\n\n        \n        \n                <\/a>\n\n    \n\n\n<\/div><\/div>\n<\/section>","protected":false},"excerpt":{"rendered":"<p>Verwarmingsmonteur Naaldwijk &#8211; Fulltime Voor onze klant in Naaldwijk zijn wij op zoek naar een enthousiaste verwarmingsmonteur. Ervaring is niet vereist; belangrijk is dat je technisch inzicht hebt en eenvoudige technische tekeningen kunt lezen. Je ondersteunt bij het installeren, onderhouden en controleren van verwarmingssystemen. Wat ga je doen Installeren en onderhouden van verwarmingssystemen. Lezen en [&hellip;]<\/p>\n","protected":false},"author":1,"featured_media":0,"parent":0,"menu_order":0,"comment_status":"closed","ping_status":"closed","template":"","meta":{"_breakdance_hide_in_design_set":false,"_breakdance_tags":"","footnotes":""},"class_list":["post-696","page","type-page","status-publish","hentry"],"_links":{"self":[{"href":"https:\/\/azorflexwork.com\/pl\/wp-json\/wp\/v2\/pages\/696","targetHints":{"allow":["GET"]}}],"collection":[{"href":"https:\/\/azorflexwork.com\/pl\/wp-json\/wp\/v2\/pages"}],"about":[{"href":"https:\/\/azorflexwork.com\/pl\/wp-json\/wp\/v2\/types\/page"}],"author":[{"embeddable":true,"href":"https:\/\/azorflexwork.com\/pl\/wp-json\/wp\/v2\/users\/1"}],"replies":[{"embeddable":true,"href":"https:\/\/azorflexwork.com\/pl\/wp-json\/wp\/v2\/comments?post=696"}],"version-history":[{"count":2,"href":"https:\/\/azorflexwork.com\/pl\/wp-json\/wp\/v2\/pages\/696\/revisions"}],"predecessor-version":[{"id":698,"href":"https:\/\/azorflexwork.com\/pl\/wp-json\/wp\/v2\/pages\/696\/revisions\/698"}],"wp:attachment":[{"href":"https:\/\/azorflexwork.com\/pl\/wp-json\/wp\/v2\/media?parent=696"}],"curies":[{"name":"wp","href":"https:\/\/api.w.org\/{rel}","templated":true}]}}