{"id":607,"date":"2026-02-17T11:24:02","date_gmt":"2026-02-17T11:24:02","guid":{"rendered":"https:\/\/azorflexwork.com\/?page_id=607"},"modified":"2026-02-18T09:57:54","modified_gmt":"2026-02-18T09:57:54","slug":"vrachtwagenchauffeur","status":"publish","type":"page","link":"https:\/\/azorflexwork.com\/ro\/vrachtwagenchauffeur\/","title":{"rendered":"\u0218ofer de camion"},"content":{"rendered":"<section class=\"bde-section-607-219 bde-section\">\n  \n  \n\t\n\n\n\n<div class=\"section-container\"><h2 class=\"bde-heading-607-220 bde-heading\">\n\u0218ofer de camion\n<\/h2><\/div>\n<\/section><section class=\"bde-section-607-195 bde-section\">\n  \n  \n\t\n\n\n\n<div class=\"section-container\"><div class=\"bde-columns-607-196 bde-columns\"><div class=\"bde-column-607-197 bde-column\">\n  \n  \n\t\n\n\n\n<h1 class=\"bde-dual-heading-607-198 bde-dual-heading\">\n\n\n            <span data-style=\"secondary\" class=\"dual-heading--secondary\">Gouda <\/span>\n\n            <span data-style=\"primary\" class=\"dual-heading--primary\">- Cu norm\u0103 \u00eentreag\u0103<\/span>\n\n\n\n<\/h1><div class=\"bde-text-607-199 bde-text\">\nPentru clientul nostru din Gouda, o companie activ\u0103 \u00een sectorul betonului \u0219i construc\u021biilor, c\u0103ut\u0103m un \u0219ofer de camion cu experien\u021b\u0103. Ve\u021bi fi responsabil de transportul betonului \u00een siguran\u021b\u0103 \u0219i la timp c\u0103tre diverse \u0219antiere de construc\u021bii. Sunte\u021bi cartea de vizit\u0103 a companiei \u0219i oferi\u021bi clien\u021bilor un serviciu profesionist \u0219i prietenos.\n<\/div>\n<\/div><div class=\"bde-column-607-200 bde-column\">\n  \n  \n\t\n\n\n\n<div class=\"bde-div-607-201 bde-div\">\n  \n  \n\t\n\n\n\n<h1 class=\"bde-dual-heading-607-202 bde-dual-heading\">\n\n\n            <span data-style=\"secondary\" class=\"dual-heading--secondary\">Ce ve\u021bi<\/span>\n\n            <span data-style=\"primary\" class=\"dual-heading--primary\">face\u021bi<\/span>\n\n\n\n<\/h1><ul class=\"bde-basic-list-607-203 bde-basic-list\">\n  <li  >    \n          Conducerea camioanelor de beton la o varietate de proiecte de construc\u021bii.\n      <\/li>\n  <li  >    \n          \u00cenc\u0103rcarea, desc\u0103rcarea \u0219i func\u021bionarea betonierei.\n      <\/li>\n  <li  >    \n          \u00centre\u021binerea \u0219i cur\u0103\u021barea vehiculului.\n      <\/li>\n  <li  >    \n          Comunica\u021bi cu colegii \u0219i clien\u021bii \u00eentr-o manier\u0103 adecvat\u0103.\n      <\/li>\n<\/ul>\n<\/div>\n<\/div><\/div><\/div>\n<\/section><section class=\"bde-section-607-207 bde-section\">\n              \n  \n  \n\t\n\n\n\n<div class=\"section-container\"><div class=\"bde-columns-607-208 bde-columns\"><div class=\"bde-column-607-209 bde-column\">\n  \n  \n\t\n\n\n\n<div class=\"bde-div-607-210 bde-div\">\n  \n  \n\t\n\n\n\n<h1 class=\"bde-dual-heading-607-211 bde-dual-heading\">\n\n\n            <span data-style=\"secondary\" class=\"dual-heading--secondary\">Ce ne<\/span>\n\n            <span data-style=\"primary\" class=\"dual-heading--primary\">\u00centreb\u0103ri<\/span>\n\n\n\n<\/h1><ul class=\"bde-basic-list-607-212 bde-basic-list\">\n  <li  >    \n          \u00cen posesia permisului de conducere C sau CE + cod 95.\n      <\/li>\n  <li  >    \n          Experien\u021b\u0103 \u00een conducerea unui camion, de preferin\u021b\u0103 \u00een industria betonului sau a construc\u021biilor.\n      <\/li>\n  <li  >    \n          Lucra\u021bi \u00een siguran\u021b\u0103 \u0219i cu aten\u021bie, av\u00e2nd \u00een vedere calitatea \u0219i satisfac\u021bia clien\u021bilor.\n      <\/li>\n  <li  >    \n          Mobilitate flexibil\u0103, dispus s\u0103 conduc\u0103 ocazional la ore nestandard.\n      <\/li>\n  <li  >    \n          Spirit de echip\u0103 cu o atitudine proactiv\u0103 \u0219i profesional\u0103.\n      <\/li>\n<\/ul>\n<\/div>\n<\/div><div class=\"bde-column-607-213 bde-column\">\n  \n  \n\t\n\n\n\n<div class=\"bde-div-607-214 bde-div\">\n  \n  \n\t\n\n\n\n<h1 class=\"bde-dual-heading-607-215 bde-dual-heading\">\n\n\n            <span data-style=\"secondary\" class=\"dual-heading--secondary\">Ce ne<\/span>\n\n            <span data-style=\"primary\" class=\"dual-heading--primary\">Ofert\u0103<\/span>\n\n\n\n<\/h1><ul class=\"bde-basic-list-607-216 bde-basic-list\">\n  <li  >    \n          Post variat \u00een cadrul unei companii stabile \u0219i \u00een cre\u0219tere.\n      <\/li>\n  <li  >    \n          Salariu bazat pe pia\u021b\u0103 \u0219i beneficii extrasalariale bune. +\/- \u20ac17.25\n      <\/li>\n  <li  >    \n          Oportunit\u0103\u021bi de formare \u0219i cursuri.\n      <\/li>\n  <li  >    \n          Atmosfer\u0103 de lucru pl\u0103cut\u0103 \u0219i echip\u0103 colegial\u0103.\n      <\/li>\n  <li  >    \n          Locul de munc\u0103 central \u00een Gouda, cu c\u0103l\u0103torii \u00een principal \u00een regiune.\n      <\/li>\n<\/ul>\n<\/div>\n<\/div><\/div><\/div>\n<\/section><section class=\"bde-section-607-204 bde-section\">\n  \n  \n\t\n\n\n\n<div class=\"section-container\"><div class=\"bde-text-607-205 bde-text\">\nSunte\u021bi \u0219oferul de camion entuziast pe care \u00eel c\u0103ut\u0103m? Trimite CV-ul \u0219i motiva\u021bia ta la agen\u021bia de ocupare a for\u021bei de munc\u0103 sau contacteaz\u0103-ne pentru mai multe informa\u021bii.\n<\/div><div class=\"bde-button-607-206 bde-button\">\n    \n                        \n                        \n    \n    \n    \n    \n            \n                    \n            \n            \n\n    \n    \n    \n    \n    \n    <a class=\"breakdance-link button-atom button-atom--secondary bde-button__button\" href=\"https:\/\/azorflexwork.com\/ro\/werknemers\/\" target=\"_blank\" data-type=\"url\"  >\n\n    \n        <span class=\"button-atom__text\">Aplica\u021bi direct<\/span>\n\n        \n        \n                <\/a>\n\n    \n\n\n<\/div><\/div>\n<\/section>","protected":false},"excerpt":{"rendered":"<p>Vrachtwagen Chauffeur Gouda &#8211; Fulltime Voor onze klant in Gouda, een bedrijf actief in de beton- en bouwsector, zijn wij op zoek naar een ervaren vrachtwagenchauffeur. Je bent verantwoordelijk voor het veilig en op tijd vervoeren van beton naar verschillende bouwlocaties. Je bent het visitekaartje van het bedrijf en zorgt voor een professionele en vriendelijke [&hellip;]<\/p>\n","protected":false},"author":1,"featured_media":0,"parent":0,"menu_order":0,"comment_status":"closed","ping_status":"closed","template":"","meta":{"_breakdance_hide_in_design_set":false,"_breakdance_tags":"","footnotes":""},"class_list":["post-607","page","type-page","status-publish","hentry"],"_links":{"self":[{"href":"https:\/\/azorflexwork.com\/ro\/wp-json\/wp\/v2\/pages\/607","targetHints":{"allow":["GET"]}}],"collection":[{"href":"https:\/\/azorflexwork.com\/ro\/wp-json\/wp\/v2\/pages"}],"about":[{"href":"https:\/\/azorflexwork.com\/ro\/wp-json\/wp\/v2\/types\/page"}],"author":[{"embeddable":true,"href":"https:\/\/azorflexwork.com\/ro\/wp-json\/wp\/v2\/users\/1"}],"replies":[{"embeddable":true,"href":"https:\/\/azorflexwork.com\/ro\/wp-json\/wp\/v2\/comments?post=607"}],"version-history":[{"count":24,"href":"https:\/\/azorflexwork.com\/ro\/wp-json\/wp\/v2\/pages\/607\/revisions"}],"predecessor-version":[{"id":720,"href":"https:\/\/azorflexwork.com\/ro\/wp-json\/wp\/v2\/pages\/607\/revisions\/720"}],"wp:attachment":[{"href":"https:\/\/azorflexwork.com\/ro\/wp-json\/wp\/v2\/media?parent=607"}],"curies":[{"name":"wp","href":"https:\/\/api.w.org\/{rel}","templated":true}]}}