{"id":622,"date":"2026-02-18T08:54:41","date_gmt":"2026-02-18T08:54:41","guid":{"rendered":"https:\/\/azorflexwork.com\/?page_id=622"},"modified":"2026-02-18T08:54:41","modified_gmt":"2026-02-18T08:54:41","slug":"productiemedewerker","status":"publish","type":"page","link":"https:\/\/azorflexwork.com\/ro\/productiemedewerker\/","title":{"rendered":"Productiemedewerker"},"content":{"rendered":"<section class=\"bde-section-622-229 bde-section\">\n  \n  \n\t\n\n\n\n<div class=\"section-container\"><h2 class=\"bde-heading-622-230 bde-heading\">\nangajat de produc\u021bie\n<\/h2><\/div>\n<\/section><section class=\"bde-section-622-102 bde-section\">\n  \n  \n\t\n\n\n\n<div class=\"section-container\"><div class=\"bde-columns-622-103 bde-columns\"><div class=\"bde-column-622-104 bde-column\">\n  \n  \n\t\n\n\n\n<h1 class=\"bde-dual-heading-622-224 bde-dual-heading\">\n\n\n            <span data-style=\"secondary\" class=\"dual-heading--secondary\">Berkel \u0219i Rodenrijs<\/span>\n\n            <span data-style=\"primary\" class=\"dual-heading--primary\">- Cu norm\u0103 \u00eentreag\u0103<\/span>\n\n\n\n<\/h1><div class=\"bde-text-622-106 bde-text\">\nPentru clientul nostru din Berkel en Rodenrijs, o companie activ\u0103 \u00een industria alimentar\u0103, c\u0103ut\u0103m un angajat de produc\u021bie motivat. Ve\u021bi lucra \u00eentr-un mediu de produc\u021bie dinamic \u00een care calitatea, igiena \u0219i cooperarea sunt esen\u021biale. V\u0103 ve\u021bi asigura c\u0103 produc\u021bia se desf\u0103\u0219oar\u0103 f\u0103r\u0103 probleme \u0219i \u00een conformitate cu liniile directoare.\n<\/div>\n<\/div><div class=\"bde-column-622-136 bde-column\">\n  \n  \n\t\n\n\n\n<div class=\"bde-div-622-137 bde-div\">\n  \n  \n\t\n\n\n\n<h1 class=\"bde-dual-heading-622-228 bde-dual-heading\">\n\n\n            <span data-style=\"secondary\" class=\"dual-heading--secondary\">Ce ve\u021bi<\/span>\n\n            <span data-style=\"primary\" class=\"dual-heading--primary\">face\u021bi<\/span>\n\n\n\n<\/h1><ul class=\"bde-basic-list-622-139 bde-basic-list\">\n  <li  >    \n          Efectua\u021bi lucr\u0103ri de produc\u021bie \u00een industria alimentar\u0103.\n      <\/li>\n  <li  >    \n          Verificarea calit\u0103\u021bii \u0219i igienei produselor.\n      <\/li>\n  <li  >    \n          Ambalarea \u0219i prelucrarea produselor alimentare.\n      <\/li>\n  <li  >    \n          Men\u021binerea cur\u0103\u021beniei \u0219i a ordinii la locul de munc\u0103.\n      <\/li>\n  <li  >    \n          Colabora\u021bi cu colegii pentru a realiza planificarea produc\u021biei.\n      <\/li>\n<\/ul>\n<\/div>\n<\/div><\/div><\/div>\n<\/section><section class=\"bde-section-622-126 bde-section\">\n              \n  \n  \n\t\n\n\n\n<div class=\"section-container\"><div class=\"bde-columns-622-127 bde-columns\"><div class=\"bde-column-622-132 bde-column\">\n  \n  \n\t\n\n\n\n<div class=\"bde-div-622-133 bde-div\">\n  \n  \n\t\n\n\n\n<h1 class=\"bde-dual-heading-622-227 bde-dual-heading\">\n\n\n            <span data-style=\"secondary\" class=\"dual-heading--secondary\">Ce ne<\/span>\n\n            <span data-style=\"primary\" class=\"dual-heading--primary\">\u00centreb\u0103ri<\/span>\n\n\n\n<\/h1><ul class=\"bde-basic-list-622-135 bde-basic-list\">\n  <li  >    \n          Vorbi\u021bi olandez\u0103 sau englez\u0103.\n      <\/li>\n  <li  >    \n          Experien\u021ba \u00een produc\u021bie nu este obligatorie, dar este util\u0103.\n      <\/li>\n  <li  >    \n          Lucra\u021bi cu acurate\u021be \u0219i igien\u0103.\n      <\/li>\n  <li  >    \n          Sunte\u021bi de \u00eencredere \u0219i pute\u021bi lucra bine \u00een echip\u0103.\n      <\/li>\n  <li  >    \n          Disponibil de luni p\u00e2n\u0103 vineri de la 06:00 - 14:30.\n      <\/li>\n  <li  >    \n          V\u0103 sim\u021bi\u021bi confortabil \u00eentr-o echip\u0103 care \u00een prezent este format\u0103 \u00een mare parte din personal feminin.\n      <\/li>\n<\/ul>\n<\/div>\n<\/div><div class=\"bde-column-622-140 bde-column\">\n  \n  \n\t\n\n\n\n<div class=\"bde-div-622-141 bde-div\">\n  \n  \n\t\n\n\n\n<h1 class=\"bde-dual-heading-622-226 bde-dual-heading\">\n\n\n            <span data-style=\"secondary\" class=\"dual-heading--secondary\">Ce ne<\/span>\n\n            <span data-style=\"primary\" class=\"dual-heading--primary\">Ofert\u0103<\/span>\n\n\n\n<\/h1><ul class=\"bde-basic-list-622-143 bde-basic-list\">\n  <li  >    \n          Post cu norm\u0103 \u00eentreag\u0103 \u00een cadrul unei companii stabile.\n      <\/li>\n  <li  >    \n          Salariu bazat pe pia\u021b\u0103 de 15,09 EUR pe or\u0103.\n      <\/li>\n  <li  >    \n          Program de lucru fix (8 ore pe zi).\n      <\/li>\n  <li  >    \n          Atmosfer\u0103 de lucru pl\u0103cut\u0103 cu personal colegial.\n      <\/li>\n  <li  >    \n          Oportunitatea de a dob\u00e2ndi experien\u021b\u0103 \u00een industria alimentar\u0103.\n      <\/li>\n<\/ul>\n<\/div>\n<\/div><\/div><\/div>\n<\/section><section class=\"bde-section-622-123 bde-section\">\n  \n  \n\t\n\n\n\n<div class=\"section-container\"><div class=\"bde-text-622-124 bde-text\">\nSunte\u021bi muncitorul de produc\u021bie entuziast pe care \u00eel c\u0103ut\u0103m? Trimite\u021bi CV-ul \u0219i motiva\u021bia dvs. la agen\u021bia de ocupare a for\u021bei de munc\u0103 sau contacta\u021bi-ne pentru mai multe informa\u021bii.\n<\/div><div class=\"bde-button-622-125 bde-button\">\n    \n                        \n                        \n    \n    \n    \n    \n            \n                    \n            \n            \n\n    \n    \n    \n    \n    \n    <a class=\"breakdance-link button-atom button-atom--secondary bde-button__button\" href=\"https:\/\/azorflexwork.com\/ro\/werknemers\/\" target=\"_blank\" data-type=\"url\"  >\n\n    \n        <span class=\"button-atom__text\">Aplica\u021bi direct<\/span>\n\n        \n        \n                <\/a>\n\n    \n\n\n<\/div><\/div>\n<\/section>","protected":false},"excerpt":{"rendered":"<p>productie medewerker Berkel en Rodenrijs &#8211; Fulltime Voor onze klant in Berkel en Rodenrijs, een bedrijf actief in de voedselindustrie, zijn wij op zoek naar een gemotiveerde productiemedewerker. Je werkt in een dynamische productieomgeving waar kwaliteit, hygi\u00ebne en samenwerking centraal staan. Je zorgt ervoor dat de productie soepel en volgens de richtlijnen verloopt. Wat ga [&hellip;]<\/p>\n","protected":false},"author":1,"featured_media":0,"parent":0,"menu_order":0,"comment_status":"closed","ping_status":"closed","template":"","meta":{"_breakdance_hide_in_design_set":false,"_breakdance_tags":"","footnotes":""},"class_list":["post-622","page","type-page","status-publish","hentry"],"_links":{"self":[{"href":"https:\/\/azorflexwork.com\/ro\/wp-json\/wp\/v2\/pages\/622","targetHints":{"allow":["GET"]}}],"collection":[{"href":"https:\/\/azorflexwork.com\/ro\/wp-json\/wp\/v2\/pages"}],"about":[{"href":"https:\/\/azorflexwork.com\/ro\/wp-json\/wp\/v2\/types\/page"}],"author":[{"embeddable":true,"href":"https:\/\/azorflexwork.com\/ro\/wp-json\/wp\/v2\/users\/1"}],"replies":[{"embeddable":true,"href":"https:\/\/azorflexwork.com\/ro\/wp-json\/wp\/v2\/comments?post=622"}],"version-history":[{"count":13,"href":"https:\/\/azorflexwork.com\/ro\/wp-json\/wp\/v2\/pages\/622\/revisions"}],"predecessor-version":[{"id":658,"href":"https:\/\/azorflexwork.com\/ro\/wp-json\/wp\/v2\/pages\/622\/revisions\/658"}],"wp:attachment":[{"href":"https:\/\/azorflexwork.com\/ro\/wp-json\/wp\/v2\/media?parent=622"}],"curies":[{"name":"wp","href":"https:\/\/api.w.org\/{rel}","templated":true}]}}