{"id":634,"date":"2026-02-18T08:54:13","date_gmt":"2026-02-18T08:54:13","guid":{"rendered":"https:\/\/azorflexwork.com\/?page_id=634"},"modified":"2026-02-18T08:54:13","modified_gmt":"2026-02-18T08:54:13","slug":"cnc-frezer-draaier","status":"publish","type":"page","link":"https:\/\/azorflexwork.com\/ro\/cnc-frezer-draaier\/","title":{"rendered":"frezor \/ strungar CNC\u00a0"},"content":{"rendered":"<section class=\"bde-section-634-100 bde-section\">\n  \n  \n\t\n\n\n\n<div class=\"section-container\"><h2 class=\"bde-heading-634-101 bde-heading\">\nfrezor \/ strungar CNC\n<\/h2><\/div>\n<\/section><section class=\"bde-section-634-102 bde-section\">\n  \n  \n\t\n\n\n\n<div class=\"section-container\"><div class=\"bde-columns-634-103 bde-columns\"><div class=\"bde-column-634-104 bde-column\">\n  \n  \n\t\n\n\n\n<h1 class=\"bde-dual-heading-634-105 bde-dual-heading\">\n\n\n            <span data-style=\"secondary\" class=\"dual-heading--secondary\">Krimpen aan de Lek<\/span>\n\n            <span data-style=\"primary\" class=\"dual-heading--primary\">- Cu norm\u0103 \u00eentreag\u0103<\/span>\n\n\n\n<\/h1><div class=\"bde-text-634-106 bde-text\">\nPentru clientul nostru din Krimpen aan de Lek, c\u0103ut\u0103m un frezor\/ strungar CNC cu experien\u021b\u0103. \u00cen acest post, ve\u021bi lucra cu ma\u0219ini CNC moderne \u0219i ve\u021bi fi responsabil pentru prelucrarea precis\u0103 a pieselor metalice \u00een conformitate cu desenele \u0219i specifica\u021biile. Calitatea \u0219i precizia sunt esen\u021biale pentru munca dumneavoastr\u0103.\n<\/div>\n<\/div><div class=\"bde-column-634-107 bde-column\">\n  \n  \n\t\n\n\n\n<div class=\"bde-div-634-108 bde-div\">\n  \n  \n\t\n\n\n\n<h1 class=\"bde-dual-heading-634-109 bde-dual-heading\">\n\n\n            <span data-style=\"secondary\" class=\"dual-heading--secondary\">Ce ve\u021bi<\/span>\n\n            <span data-style=\"primary\" class=\"dual-heading--primary\">face\u021bi<\/span>\n\n\n\n<\/h1><ul class=\"bde-basic-list-634-110 bde-basic-list\">\n  <li  >    \n          Configurarea \u0219i operarea ma\u0219inilor CNC de frezat \u0219i strunjit.\n      <\/li>\n  <li  >    \n          Citirea \u0219i interpretarea desenelor tehnice.\n      <\/li>\n  <li  >    \n          Verificarea dimensiunii \u0219i calit\u0103\u021bii produselor.\n      <\/li>\n  <li  >    \n          Efectua\u021bi lucr\u0103ri minore de \u00eentre\u021binere a utilajelor.\n      <\/li>\n  <li  >    \n          Asigurarea unui loc de munc\u0103 \u00eengrijit \u0219i sigur.\n      <\/li>\n<\/ul>\n<\/div>\n<\/div><\/div><\/div>\n<\/section><section class=\"bde-section-634-111 bde-section\">\n              \n  \n  \n\t\n\n\n\n<div class=\"section-container\"><div class=\"bde-columns-634-112 bde-columns\"><div class=\"bde-column-634-113 bde-column\">\n  \n  \n\t\n\n\n\n<div class=\"bde-div-634-114 bde-div\">\n  \n  \n\t\n\n\n\n<h1 class=\"bde-dual-heading-634-115 bde-dual-heading\">\n\n\n            <span data-style=\"secondary\" class=\"dual-heading--secondary\">Ce ne<\/span>\n\n            <span data-style=\"primary\" class=\"dual-heading--primary\">\u00centreb\u0103ri<\/span>\n\n\n\n<\/h1><ul class=\"bde-basic-list-634-116 bde-basic-list\">\n  <li  >    \n          Vorbi\u021bi olandez\u0103.\n      <\/li>\n  <li  >    \n          Experien\u021b\u0103 demonstrabil\u0103 ca frezor \u0219i\/sau strungar CNC.\n      <\/li>\n  <li  >    \n          Pute\u021bi citi desene tehnice.\n      <\/li>\n  <li  >    \n          Lucra\u021bi cu acurate\u021be \u0219i sunte\u021bi orientat c\u0103tre calitate.\n      <\/li>\n  <li  >    \n          Disponibil de luni p\u00e2n\u0103 vineri de la 07:00 la 16:00.\n      <\/li>\n  <li  >    \n          V\u0103 ve\u021bi trimite CV-ul \u00eempreun\u0103 cu candidatura.\n      <\/li>\n<\/ul>\n<\/div>\n<\/div><div class=\"bde-column-634-117 bde-column\">\n  \n  \n\t\n\n\n\n<div class=\"bde-div-634-118 bde-div\">\n  \n  \n\t\n\n\n\n<h1 class=\"bde-dual-heading-634-119 bde-dual-heading\">\n\n\n            <span data-style=\"secondary\" class=\"dual-heading--secondary\">Ce ne<\/span>\n\n            <span data-style=\"primary\" class=\"dual-heading--primary\">Ofert\u0103<\/span>\n\n\n\n<\/h1><ul class=\"bde-basic-list-634-120 bde-basic-list\">\n  <li  >    \n          Post cu norm\u0103 \u00eentreag\u0103 \u00een cadrul unei companii profesionale.\n      <\/li>\n  <li  >    \n          Salariu negociabil \u00een func\u021bie de experien\u021b\u0103.\n      <\/li>\n  <li  >    \n          Program de lucru fix (8 ore pe zi).\n      <\/li>\n  <li  >    \n          Atmosfer\u0103 pl\u0103cut\u0103 de lucru \u00eentr-o echip\u0103 tehnic\u0103.\n      <\/li>\n  <li  >    \n          Oportunit\u0103\u021bi de dezvoltare ulterioar\u0103.\n      <\/li>\n<\/ul>\n<\/div>\n<\/div><\/div><\/div>\n<\/section><section class=\"bde-section-634-121 bde-section\">\n  \n  \n\t\n\n\n\n<div class=\"section-container\"><div class=\"bde-text-634-122 bde-text\">\nSunte\u021bi frezorul\/ strungarul CNC cu experien\u021b\u0103 pe care \u00eel c\u0103ut\u0103m? Trimite\u021bi CV-ul dvs. la agen\u021bia de ocupare a for\u021bei de munc\u0103 sau contacta\u021bi-ne pentru mai multe informa\u021bii.\n<\/div><div class=\"bde-button-634-123 bde-button\">\n    \n                        \n                        \n    \n    \n    \n    \n            \n                    \n            \n            \n\n    \n    \n    \n    \n    \n    <a class=\"breakdance-link button-atom button-atom--secondary bde-button__button\" href=\"https:\/\/azorflexwork.com\/ro\/werknemers\/\" target=\"_blank\" data-type=\"url\"  >\n\n    \n        <span class=\"button-atom__text\">Aplica\u021bi direct<\/span>\n\n        \n        \n                <\/a>\n\n    \n\n\n<\/div><\/div>\n<\/section>","protected":false},"excerpt":{"rendered":"<p>CNC Frezer\/Draaier Krimpen aan de Lek &#8211; Fulltime Voor onze klant in Krimpen aan de Lek zijn wij op zoek naar een ervaren CNC frezer\/draaier. In deze functie werk je met moderne CNC-machines en ben je verantwoordelijk voor het nauwkeurig bewerken van metalen onderdelen volgens tekening en specificaties. Kwaliteit en precisie staan centraal in jouw [&hellip;]<\/p>\n","protected":false},"author":1,"featured_media":0,"parent":0,"menu_order":0,"comment_status":"closed","ping_status":"closed","template":"","meta":{"_breakdance_hide_in_design_set":false,"_breakdance_tags":"","footnotes":""},"class_list":["post-634","page","type-page","status-publish","hentry"],"_links":{"self":[{"href":"https:\/\/azorflexwork.com\/ro\/wp-json\/wp\/v2\/pages\/634","targetHints":{"allow":["GET"]}}],"collection":[{"href":"https:\/\/azorflexwork.com\/ro\/wp-json\/wp\/v2\/pages"}],"about":[{"href":"https:\/\/azorflexwork.com\/ro\/wp-json\/wp\/v2\/types\/page"}],"author":[{"embeddable":true,"href":"https:\/\/azorflexwork.com\/ro\/wp-json\/wp\/v2\/users\/1"}],"replies":[{"embeddable":true,"href":"https:\/\/azorflexwork.com\/ro\/wp-json\/wp\/v2\/comments?post=634"}],"version-history":[{"count":9,"href":"https:\/\/azorflexwork.com\/ro\/wp-json\/wp\/v2\/pages\/634\/revisions"}],"predecessor-version":[{"id":664,"href":"https:\/\/azorflexwork.com\/ro\/wp-json\/wp\/v2\/pages\/634\/revisions\/664"}],"wp:attachment":[{"href":"https:\/\/azorflexwork.com\/ro\/wp-json\/wp\/v2\/media?parent=634"}],"curies":[{"name":"wp","href":"https:\/\/api.w.org\/{rel}","templated":true}]}}