{"id":647,"date":"2026-02-18T08:54:02","date_gmt":"2026-02-18T08:54:02","guid":{"rendered":"https:\/\/azorflexwork.com\/?page_id=647"},"modified":"2026-02-18T08:54:02","modified_gmt":"2026-02-18T08:54:02","slug":"carrosseriebouwer","status":"publish","type":"page","link":"https:\/\/azorflexwork.com\/ro\/carrosseriebouwer\/","title":{"rendered":"Carrosseriebouwer"},"content":{"rendered":"<section class=\"bde-section-647-126 bde-section\">\n  \n  \n\t\n\n\n\n<div class=\"section-container\"><h2 class=\"bde-heading-647-127 bde-heading\">\nCulturist\n<\/h2><\/div>\n<\/section><section class=\"bde-section-647-102 bde-section\">\n  \n  \n\t\n\n\n\n<div class=\"section-container\"><div class=\"bde-columns-647-103 bde-columns\"><div class=\"bde-column-647-104 bde-column\">\n  \n  \n\t\n\n\n\n<h1 class=\"bde-dual-heading-647-105 bde-dual-heading\">\n\n\n            <span data-style=\"secondary\" class=\"dual-heading--secondary\">Koudekerk<\/span>\n\n            <span data-style=\"primary\" class=\"dual-heading--primary\">- Cu norm\u0103 \u00eentreag\u0103<\/span>\n\n\n\n<\/h1><div class=\"bde-text-647-106 bde-text\">\nPentru clientul nostru din Koudekerk, c\u0103ut\u0103m un constructor de caroserii motivat. \u00cen acest post, ve\u021bi lucra la construirea, asamblarea \u0219i finisarea caroseriilor. Perspicacitatea tehnic\u0103 \u0219i atitudinea practic\u0103 sunt mai importante dec\u00e2t experien\u021ba - vi se va oferi posibilitatea de a \u00eenv\u0103\u021ba meseria \u00een practic\u0103.\n<\/div>\n<\/div><div class=\"bde-column-647-107 bde-column\">\n  \n  \n\t\n\n\n\n<div class=\"bde-div-647-108 bde-div\">\n  \n  \n\t\n\n\n\n<h1 class=\"bde-dual-heading-647-109 bde-dual-heading\">\n\n\n            <span data-style=\"secondary\" class=\"dual-heading--secondary\">Ce ve\u021bi<\/span>\n\n            <span data-style=\"primary\" class=\"dual-heading--primary\">face\u021bi<\/span>\n\n\n\n<\/h1><ul class=\"bde-basic-list-647-110 bde-basic-list\">\n  <li  >    \n          Construc\u021bia \u0219i asamblarea caroseriilor.\n      <\/li>\n  <li  >    \n          Prelucrarea \u0219i asamblarea pieselor.\n      <\/li>\n  <li  >    \n          Lucrul cu unelte manuale \u0219i utilaje.\n      <\/li>\n  <li  >    \n          Verificarea calit\u0103\u021bii produsului finit.\n      <\/li>\n  <li  >    \n          Asigurarea unui loc de munc\u0103 \u00eengrijit \u0219i sigur.\n      <\/li>\n<\/ul>\n<\/div>\n<\/div><\/div><\/div>\n<\/section><section class=\"bde-section-647-111 bde-section\">\n              \n  \n  \n\t\n\n\n\n<div class=\"section-container\"><div class=\"bde-columns-647-112 bde-columns\"><div class=\"bde-column-647-113 bde-column\">\n  \n  \n\t\n\n\n\n<div class=\"bde-div-647-114 bde-div\">\n  \n  \n\t\n\n\n\n<h1 class=\"bde-dual-heading-647-115 bde-dual-heading\">\n\n\n            <span data-style=\"secondary\" class=\"dual-heading--secondary\">Ce ne<\/span>\n\n            <span data-style=\"primary\" class=\"dual-heading--primary\">\u00centreb\u0103ri<\/span>\n\n\n\n<\/h1><ul class=\"bde-basic-list-647-116 bde-basic-list\">\n  <li  >    \n          Vorbi\u021bi olandez\u0103 sau englez\u0103.\n      <\/li>\n  <li  >    \n          Atitudine tehnic\u0103 \u0219i dorin\u021ba de a \u00eenv\u0103\u021ba.\n      <\/li>\n  <li  >    \n          Experien\u021ba nu este necesar\u0103.\n      <\/li>\n  <li  >    \n          Lucra\u021bi cu acurate\u021be \u0219i motiva\u021bi.\n      <\/li>\n  <li  >    \n          Sunte\u021bi disponibil de luni p\u00e2n\u0103 vineri.\n      <\/li>\n<\/ul>\n<\/div>\n<\/div><div class=\"bde-column-647-117 bde-column\">\n  \n  \n\t\n\n\n\n<div class=\"bde-div-647-118 bde-div\">\n  \n  \n\t\n\n\n\n<h1 class=\"bde-dual-heading-647-119 bde-dual-heading\">\n\n\n            <span data-style=\"secondary\" class=\"dual-heading--secondary\">Ce ne<\/span>\n\n            <span data-style=\"primary\" class=\"dual-heading--primary\">Ofert\u0103<\/span>\n\n\n\n<\/h1><ul class=\"bde-basic-list-647-120 bde-basic-list\">\n  <li  >    \n          Post cu norm\u0103 \u00eentreag\u0103, cu posibilit\u0103\u021bi de avansare.\n      <\/li>\n  <li  >    \n          Salariu de 14,71 EUR pe or\u0103.\n      <\/li>\n  <li  >    \n          Oportunitatea de a \u00eenv\u0103\u021ba o meserie tehnic\u0103 la locul de munc\u0103.\n      <\/li>\n  <li  >    \n          Atmosfer\u0103 de lucru pl\u0103cut\u0103 \u00een cadrul unei echipe colegiale.\n      <\/li>\n  <li  >    \n          Orele de lucru vor fi stabilite de comun acord.\n      <\/li>\n<\/ul>\n<\/div>\n<\/div><\/div><\/div>\n<\/section><section class=\"bde-section-647-121 bde-section\">\n  \n  \n\t\n\n\n\n<div class=\"section-container\"><div class=\"bde-text-647-122 bde-text\">\nSunte\u021bi culturistul pe care \u00eel c\u0103ut\u0103m? Trimite CV-ul \u0219i motiva\u021bia ta la agen\u021bia de ocupare a for\u021bei de munc\u0103 sau contacteaz\u0103-ne pentru mai multe informa\u021bii.\n<\/div><div class=\"bde-button-647-123 bde-button\">\n    \n                        \n                        \n    \n    \n    \n    \n            \n                    \n            \n            \n\n    \n    \n    \n    \n    \n    <a class=\"breakdance-link button-atom button-atom--secondary bde-button__button\" href=\"https:\/\/azorflexwork.com\/ro\/werknemers\/\" target=\"_blank\" data-type=\"url\"  >\n\n    \n        <span class=\"button-atom__text\">Aplica\u021bi direct<\/span>\n\n        \n        \n                <\/a>\n\n    \n\n\n<\/div><\/div>\n<\/section>","protected":false},"excerpt":{"rendered":"<p>Carrosserie bouwer Koudekerk &#8211; Fulltime Voor onze klant in Koudekerk zijn wij op zoek naar een gemotiveerde carrosseriebouwer. In deze functie werk je aan het opbouwen, monteren en afwerken van carrosserie\u00ebn. Technisch inzicht en een praktische instelling zijn belangrijker dan ervaring \u2014 je krijgt de kans om het vak in de praktijk te leren. Wat [&hellip;]<\/p>\n","protected":false},"author":1,"featured_media":0,"parent":0,"menu_order":0,"comment_status":"closed","ping_status":"closed","template":"","meta":{"_breakdance_hide_in_design_set":false,"_breakdance_tags":"","footnotes":""},"class_list":["post-647","page","type-page","status-publish","hentry"],"_links":{"self":[{"href":"https:\/\/azorflexwork.com\/ro\/wp-json\/wp\/v2\/pages\/647","targetHints":{"allow":["GET"]}}],"collection":[{"href":"https:\/\/azorflexwork.com\/ro\/wp-json\/wp\/v2\/pages"}],"about":[{"href":"https:\/\/azorflexwork.com\/ro\/wp-json\/wp\/v2\/types\/page"}],"author":[{"embeddable":true,"href":"https:\/\/azorflexwork.com\/ro\/wp-json\/wp\/v2\/users\/1"}],"replies":[{"embeddable":true,"href":"https:\/\/azorflexwork.com\/ro\/wp-json\/wp\/v2\/comments?post=647"}],"version-history":[{"count":5,"href":"https:\/\/azorflexwork.com\/ro\/wp-json\/wp\/v2\/pages\/647\/revisions"}],"predecessor-version":[{"id":660,"href":"https:\/\/azorflexwork.com\/ro\/wp-json\/wp\/v2\/pages\/647\/revisions\/660"}],"wp:attachment":[{"href":"https:\/\/azorflexwork.com\/ro\/wp-json\/wp\/v2\/media?parent=647"}],"curies":[{"name":"wp","href":"https:\/\/api.w.org\/{rel}","templated":true}]}}