{"id":661,"date":"2026-02-18T08:54:56","date_gmt":"2026-02-18T08:54:56","guid":{"rendered":"https:\/\/azorflexwork.com\/?page_id=661"},"modified":"2026-02-18T08:54:56","modified_gmt":"2026-02-18T08:54:56","slug":"schilder","status":"publish","type":"page","link":"https:\/\/azorflexwork.com\/ro\/schilder\/","title":{"rendered":"Pictor"},"content":{"rendered":"<section class=\"bde-section-661-100 bde-section\">\n  \n  \n\t\n\n\n\n<div class=\"section-container\"><h2 class=\"bde-heading-661-101 bde-heading\">\nPictor\n<\/h2><\/div>\n<\/section><section class=\"bde-section-661-102 bde-section\">\n  \n  \n\t\n\n\n\n<div class=\"section-container\"><div class=\"bde-columns-661-103 bde-columns\"><div class=\"bde-column-661-104 bde-column\">\n  \n  \n\t\n\n\n\n<h1 class=\"bde-dual-heading-661-105 bde-dual-heading\">\n\n\n            <span data-style=\"secondary\" class=\"dual-heading--secondary\">\u2019s-Gravenzande<\/span>\n\n            <span data-style=\"primary\" class=\"dual-heading--primary\">- Cu norm\u0103 \u00eentreag\u0103<\/span>\n\n\n\n<\/h1><div class=\"bde-text-661-106 bde-text\">\nPentru clientul nostru din \u2019s-Gravenzande, c\u0103ut\u0103m vopsitori cu experien\u021b\u0103. Ve\u021bi efectua lucr\u0103ri de vopsitorie \u00een cadrul proiectelor de construc\u021bii noi \u0219i de renovare. Ve\u021bi lucra independent sau \u00een echip\u0103 \u0219i ve\u021bi asigura un rezultat final de \u00eenalt\u0103 calitate.\n<\/div>\n<\/div><div class=\"bde-column-661-107 bde-column\">\n  \n  \n\t\n\n\n\n<div class=\"bde-div-661-108 bde-div\">\n  \n  \n\t\n\n\n\n<h1 class=\"bde-dual-heading-661-109 bde-dual-heading\">\n\n\n            <span data-style=\"secondary\" class=\"dual-heading--secondary\">Ce ve\u021bi<\/span>\n\n            <span data-style=\"primary\" class=\"dual-heading--primary\">face\u021bi<\/span>\n\n\n\n<\/h1><ul class=\"bde-basic-list-661-110 bde-basic-list\">\n  <li  >    \n          Vopsire interioar\u0103 \u0219i exterioar\u0103.\n      <\/li>\n  <li  >    \n          Preg\u0103tirea suprafe\u021belor, cum ar fi \u0219lefuirea \u0219i cur\u0103\u021barea.\n      <\/li>\n  <li  >    \n          Aplicarea vopselei, a lacului sau a colorantului \u00een conformitate cu instruc\u021biunile.\n      <\/li>\n  <li  >    \n          Verificarea calit\u0103\u021bii \u0219i cur\u0103\u021beniei lucr\u0103rilor.\n      <\/li>\n  <li  >    \n          Colabora\u021bi cu colegii pentru a finaliza proiectele la timp.\n      <\/li>\n<\/ul>\n<\/div>\n<\/div><\/div><\/div>\n<\/section><section class=\"bde-section-661-111 bde-section\">\n              \n  \n  \n\t\n\n\n\n<div class=\"section-container\"><div class=\"bde-columns-661-112 bde-columns\"><div class=\"bde-column-661-113 bde-column\">\n  \n  \n\t\n\n\n\n<div class=\"bde-div-661-114 bde-div\">\n  \n  \n\t\n\n\n\n<h1 class=\"bde-dual-heading-661-115 bde-dual-heading\">\n\n\n            <span data-style=\"secondary\" class=\"dual-heading--secondary\">Ce ne<\/span>\n\n            <span data-style=\"primary\" class=\"dual-heading--primary\">\u00centreb\u0103ri<\/span>\n\n\n\n<\/h1><ul class=\"bde-basic-list-661-116 bde-basic-list\">\n  <li  >    \n          Vorbi\u021bi olandez\u0103.\n      <\/li>\n  <li  >    \n          Experien\u021b\u0103 demonstrabil\u0103 ca pictor.\n      <\/li>\n  <li  >    \n          Lucra\u021bi cu acurate\u021be \u0219i sunte\u021bi orientat c\u0103tre calitate.\n      <\/li>\n  <li  >    \n          Sunte\u021bi disponibil pentru diferite proiecte \u0219i ore de lucru.\n      <\/li>\n  <li  >    \n          Pute\u021bi lucra independent \u0219i ave\u021bi o atitudine proactiv\u0103.\n      <\/li>\n<\/ul>\n<\/div>\n<\/div><div class=\"bde-column-661-117 bde-column\">\n  \n  \n\t\n\n\n\n<div class=\"bde-div-661-118 bde-div\">\n  \n  \n\t\n\n\n\n<h1 class=\"bde-dual-heading-661-119 bde-dual-heading\">\n\n\n            <span data-style=\"secondary\" class=\"dual-heading--secondary\">Ce ne<\/span>\n\n            <span data-style=\"primary\" class=\"dual-heading--primary\">Ofert\u0103<\/span>\n\n\n\n<\/h1><ul class=\"bde-basic-list-661-120 bde-basic-list\">\n  <li  >    \n          Posibilitatea de a lucra la diverse proiecte de pictur\u0103.\n      <\/li>\n  <li  >    \n          Salariu bazat pe pia\u021b\u0103 (negociabil).\n      <\/li>\n  <li  >    \n          Atmosfer\u0103 de lucru pl\u0103cut\u0103 cu colegi colegiali.\n      <\/li>\n  <li  >    \n          Flexibilitate \u00een ceea ce prive\u0219te orele de lucru \u0219i proiectele.\n      <\/li>\n<\/ul>\n<\/div>\n<\/div><\/div><\/div>\n<\/section><section class=\"bde-section-661-121 bde-section\">\n  \n  \n\t\n\n\n\n<div class=\"section-container\"><div class=\"bde-text-661-122 bde-text\">\nSunte\u021bi zugravul cu experien\u021b\u0103 pe care \u00eel c\u0103ut\u0103m? Trimite\u021bi CV-ul \u0219i motiva\u021bia dvs. la agen\u021bia de ocupare a for\u021bei de munc\u0103 sau contacta\u021bi-ne pentru mai multe informa\u021bii.\n<\/div><div class=\"bde-button-661-123 bde-button\">\n    \n                        \n                        \n    \n    \n    \n    \n            \n                    \n            \n            \n\n    \n    \n    \n    \n    \n    <a class=\"breakdance-link button-atom button-atom--secondary bde-button__button\" href=\"https:\/\/azorflexwork.com\/ro\/werknemers\/\" target=\"_blank\" data-type=\"url\"  >\n\n    \n        <span class=\"button-atom__text\">Aplica\u021bi direct<\/span>\n\n        \n        \n                <\/a>\n\n    \n\n\n<\/div><\/div>\n<\/section>","protected":false},"excerpt":{"rendered":"<p>Schilder \u2019s-Gravenzande &#8211; Fulltime Voor onze klant in \u2019s-Gravenzande zijn wij op zoek naar ervaren schilders. Je voert schilderwerkzaamheden uit bij zowel nieuwbouw- als renovatieprojecten. Je werkt zelfstandig of in teamverband en zorgt voor een kwalitatief hoogwaardig eindresultaat. Wat ga je doen Schilderen van binnen- en buitenschilderwerk. Voorbereiden van oppervlakken zoals schuren en reinigen. Aanbrengen [&hellip;]<\/p>\n","protected":false},"author":1,"featured_media":0,"parent":0,"menu_order":0,"comment_status":"closed","ping_status":"closed","template":"","meta":{"_breakdance_hide_in_design_set":false,"_breakdance_tags":"","footnotes":""},"class_list":["post-661","page","type-page","status-publish","hentry"],"_links":{"self":[{"href":"https:\/\/azorflexwork.com\/ro\/wp-json\/wp\/v2\/pages\/661","targetHints":{"allow":["GET"]}}],"collection":[{"href":"https:\/\/azorflexwork.com\/ro\/wp-json\/wp\/v2\/pages"}],"about":[{"href":"https:\/\/azorflexwork.com\/ro\/wp-json\/wp\/v2\/types\/page"}],"author":[{"embeddable":true,"href":"https:\/\/azorflexwork.com\/ro\/wp-json\/wp\/v2\/users\/1"}],"replies":[{"embeddable":true,"href":"https:\/\/azorflexwork.com\/ro\/wp-json\/wp\/v2\/comments?post=661"}],"version-history":[{"count":4,"href":"https:\/\/azorflexwork.com\/ro\/wp-json\/wp\/v2\/pages\/661\/revisions"}],"predecessor-version":[{"id":666,"href":"https:\/\/azorflexwork.com\/ro\/wp-json\/wp\/v2\/pages\/661\/revisions\/666"}],"wp:attachment":[{"href":"https:\/\/azorflexwork.com\/ro\/wp-json\/wp\/v2\/media?parent=661"}],"curies":[{"name":"wp","href":"https:\/\/api.w.org\/{rel}","templated":true}]}}