{"id":667,"date":"2026-02-18T08:55:20","date_gmt":"2026-02-18T08:55:20","guid":{"rendered":"https:\/\/azorflexwork.com\/?page_id=667"},"modified":"2026-02-18T08:55:20","modified_gmt":"2026-02-18T08:55:20","slug":"truck-en-trailermonteur","status":"publish","type":"page","link":"https:\/\/azorflexwork.com\/ro\/truck-en-trailermonteur\/","title":{"rendered":"Mecanic de camioane \u0219i remorci"},"content":{"rendered":"<section class=\"bde-section-667-100 bde-section\">\n  \n  \n\t\n\n\n\n<div class=\"section-container\"><h2 class=\"bde-heading-667-101 bde-heading\">\nMecanic de camioane \u0219i remorci\n<\/h2><\/div>\n<\/section><section class=\"bde-section-667-102 bde-section\">\n  \n  \n\t\n\n\n\n<div class=\"section-container\"><div class=\"bde-columns-667-103 bde-columns\"><div class=\"bde-column-667-104 bde-column\">\n  \n  \n\t\n\n\n\n<h1 class=\"bde-dual-heading-667-105 bde-dual-heading\">\n\n\n            <span data-style=\"secondary\" class=\"dual-heading--secondary\">Heerhugowaard<\/span>\n\n            <span data-style=\"primary\" class=\"dual-heading--primary\">- Cu norm\u0103 \u00eentreag\u0103<\/span>\n\n\n\n<\/h1><div class=\"bde-text-667-106 bde-text\">\nC\u0103ut\u0103m mecanici de camioane \u0219i remorci motiva\u021bi pentru clientul nostru din Heerhugowaard. Ve\u021bi fi implicat \u00een \u00eentre\u021binerea, repararea \u0219i verificarea camioanelor \u0219i remorcilor. Perspicacitatea tehnic\u0103 \u0219i o mentalitate practic\u0103 sunt esen\u021biale aici.\n<\/div>\n<\/div><div class=\"bde-column-667-107 bde-column\">\n  \n  \n\t\n\n\n\n<div class=\"bde-div-667-108 bde-div\">\n  \n  \n\t\n\n\n\n<h1 class=\"bde-dual-heading-667-109 bde-dual-heading\">\n\n\n            <span data-style=\"secondary\" class=\"dual-heading--secondary\">Ce ve\u021bi<\/span>\n\n            <span data-style=\"primary\" class=\"dual-heading--primary\">face\u021bi<\/span>\n\n\n\n<\/h1><ul class=\"bde-basic-list-667-110 bde-basic-list\">\n  <li  >    \n          \u00centre\u021binerea \u0219i repararea camioanelor \u0219i remorcilor.\n      <\/li>\n  <li  >    \n          Efectua\u021bi diagnostice \u0219i repara\u021bii minore.\n      <\/li>\n  <li  >    \n          Verificarea vehiculelor pentru siguran\u021b\u0103 \u0219i calitate.\n      <\/li>\n  <li  >    \n          Lucreaz\u0103 \u00een conformitate cu ordinele de lucru \u0219i cu normele de siguran\u021b\u0103.\n      <\/li>\n  <li  >    \n          S\u0103 colaboreze cu colegii pentru a-\u0219i desf\u0103\u0219ura activitatea \u00een mod eficient.\n      <\/li>\n<\/ul>\n<\/div>\n<\/div><\/div><\/div>\n<\/section><section class=\"bde-section-667-111 bde-section\">\n              \n  \n  \n\t\n\n\n\n<div class=\"section-container\"><div class=\"bde-columns-667-112 bde-columns\"><div class=\"bde-column-667-113 bde-column\">\n  \n  \n\t\n\n\n\n<div class=\"bde-div-667-114 bde-div\">\n  \n  \n\t\n\n\n\n<h1 class=\"bde-dual-heading-667-115 bde-dual-heading\">\n\n\n            <span data-style=\"secondary\" class=\"dual-heading--secondary\">Ce ne<\/span>\n\n            <span data-style=\"primary\" class=\"dual-heading--primary\">\u00centreb\u0103ri<\/span>\n\n\n\n<\/h1><ul class=\"bde-basic-list-667-116 bde-basic-list\">\n  <li  >    \n          Vorbi\u021bi olandez\u0103.\n      <\/li>\n  <li  >    \n          \u00cen\u021belegere tehnic\u0103 \u0219i o atitudine practic\u0103.\n      <\/li>\n  <li  >    \n          Experien\u021ba constituie un avantaj, dar \u0219i candida\u021bii curio\u0219i sunt bineveni\u021bi.\n      <\/li>\n  <li  >    \n          Lucra\u021bi cu acurate\u021be \u0219i sunte\u021bi orientat c\u0103tre solu\u021bii.\n      <\/li>\n  <li  >    \n          Disponibil de luni p\u00e2n\u0103 vineri.\n      <\/li>\n<\/ul>\n<\/div>\n<\/div><div class=\"bde-column-667-117 bde-column\">\n  \n  \n\t\n\n\n\n<div class=\"bde-div-667-118 bde-div\">\n  \n  \n\t\n\n\n\n<h1 class=\"bde-dual-heading-667-119 bde-dual-heading\">\n\n\n            <span data-style=\"secondary\" class=\"dual-heading--secondary\">Ce ne<\/span>\n\n            <span data-style=\"primary\" class=\"dual-heading--primary\">Ofert\u0103<\/span>\n\n\n\n<\/h1><ul class=\"bde-basic-list-667-120 bde-basic-list\">\n  <li  >    \n          Post cu norm\u0103 \u00eentreag\u0103 \u00een cadrul unei echipe tehnice.\n      <\/li>\n  <li  >    \n          Salariu bazat pe pia\u021b\u0103 (negociabil).\n      <\/li>\n  <li  >    \n          Oportunitatea de a c\u00e2\u0219tiga experien\u021b\u0103 \u0219i de a \u00eembun\u0103t\u0103\u021bi cuno\u0219tin\u021bele tehnice.\n      <\/li>\n  <li  >    \n          Atmosfer\u0103 de lucru pl\u0103cut\u0103 cu colegi colegiali.\n      <\/li>\n<\/ul>\n<\/div>\n<\/div><\/div><\/div>\n<\/section><section class=\"bde-section-667-121 bde-section\">\n  \n  \n\t\n\n\n\n<div class=\"section-container\"><div class=\"bde-text-667-122 bde-text\">\nSunte\u021bi mecanicul de camioane \u0219i remorci pe care \u00eel c\u0103ut\u0103m? Trimite CV-ul \u0219i motiva\u021bia ta la agen\u021bia de ocupare a for\u021bei de munc\u0103 sau contacteaz\u0103-ne pentru mai multe informa\u021bii.\n<\/div><div class=\"bde-button-667-123 bde-button\">\n    \n                        \n                        \n    \n    \n    \n    \n            \n                    \n            \n            \n\n    \n    \n    \n    \n    \n    <a class=\"breakdance-link button-atom button-atom--secondary bde-button__button\" href=\"https:\/\/azorflexwork.com\/ro\/werknemers\/\" target=\"_blank\" data-type=\"url\"  >\n\n    \n        <span class=\"button-atom__text\">Aplica\u021bi direct<\/span>\n\n        \n        \n                <\/a>\n\n    \n\n\n<\/div><\/div>\n<\/section>","protected":false},"excerpt":{"rendered":"<p>Truck- en trailermonteur Heerhugowaard &#8211; Fulltime Voor onze klant in Heerhugowaard zijn wij op zoek naar gemotiveerde truck- en trailermonteurs. Je houdt je bezig met het onderhouden, repareren en controleren van trucks en trailers. Technisch inzicht en een hands-on mentaliteit zijn hierbij essentieel. Wat ga je doen Onderhouden en repareren van trucks en trailers. Uitvoeren [&hellip;]<\/p>\n","protected":false},"author":1,"featured_media":0,"parent":0,"menu_order":0,"comment_status":"closed","ping_status":"closed","template":"","meta":{"_breakdance_hide_in_design_set":false,"_breakdance_tags":"","footnotes":""},"class_list":["post-667","page","type-page","status-publish","hentry"],"_links":{"self":[{"href":"https:\/\/azorflexwork.com\/ro\/wp-json\/wp\/v2\/pages\/667","targetHints":{"allow":["GET"]}}],"collection":[{"href":"https:\/\/azorflexwork.com\/ro\/wp-json\/wp\/v2\/pages"}],"about":[{"href":"https:\/\/azorflexwork.com\/ro\/wp-json\/wp\/v2\/types\/page"}],"author":[{"embeddable":true,"href":"https:\/\/azorflexwork.com\/ro\/wp-json\/wp\/v2\/users\/1"}],"replies":[{"embeddable":true,"href":"https:\/\/azorflexwork.com\/ro\/wp-json\/wp\/v2\/comments?post=667"}],"version-history":[{"count":2,"href":"https:\/\/azorflexwork.com\/ro\/wp-json\/wp\/v2\/pages\/667\/revisions"}],"predecessor-version":[{"id":669,"href":"https:\/\/azorflexwork.com\/ro\/wp-json\/wp\/v2\/pages\/667\/revisions\/669"}],"wp:attachment":[{"href":"https:\/\/azorflexwork.com\/ro\/wp-json\/wp\/v2\/media?parent=667"}],"curies":[{"name":"wp","href":"https:\/\/api.w.org\/{rel}","templated":true}]}}