{"id":670,"date":"2026-02-18T08:54:30","date_gmt":"2026-02-18T08:54:30","guid":{"rendered":"https:\/\/azorflexwork.com\/?page_id=670"},"modified":"2026-02-18T08:54:30","modified_gmt":"2026-02-18T08:54:30","slug":"magazijnmedewerker-sorteerder","status":"publish","type":"page","link":"https:\/\/azorflexwork.com\/ro\/magazijnmedewerker-sorteerder\/","title":{"rendered":"Magazijnmedewerker \/ Sorteerder"},"content":{"rendered":"<section class=\"bde-section-670-100 bde-section\">\n  \n  \n\t\n\n\n\n<div class=\"section-container\"><h2 class=\"bde-heading-670-101 bde-heading\">\nAsistent depozit \/ sortator\n<\/h2><\/div>\n<\/section><section class=\"bde-section-670-102 bde-section\">\n  \n  \n\t\n\n\n\n<div class=\"section-container\"><div class=\"bde-columns-670-103 bde-columns\"><div class=\"bde-column-670-104 bde-column\">\n  \n  \n\t\n\n\n\n<h1 class=\"bde-dual-heading-670-105 bde-dual-heading\">\n\n\n            <span data-style=\"secondary\" class=\"dual-heading--secondary\">Waddinxveen<\/span>\n\n            <span data-style=\"primary\" class=\"dual-heading--primary\">- Part-time<\/span>\n\n\n\n<\/h1><div class=\"bde-text-670-106 bde-text\">\nPentru clientul nostru din Waddinxveen, c\u0103ut\u0103m un angajat entuziast pentru depozit\/sortare. Ve\u021bi sprijini echipa depozitului \u00een primirea, sortarea \u0219i preg\u0103tirea m\u0103rfurilor pentru expediere. Experien\u021ba nu este necesar\u0103; motiva\u021bia \u0219i precizia sunt importante.\n<\/div>\n<\/div><div class=\"bde-column-670-107 bde-column\">\n  \n  \n\t\n\n\n\n<div class=\"bde-div-670-108 bde-div\">\n  \n  \n\t\n\n\n\n<h1 class=\"bde-dual-heading-670-109 bde-dual-heading\">\n\n\n            <span data-style=\"secondary\" class=\"dual-heading--secondary\">Ce ve\u021bi<\/span>\n\n            <span data-style=\"primary\" class=\"dual-heading--primary\">face\u021bi<\/span>\n\n\n\n<\/h1><ul class=\"bde-basic-list-670-110 bde-basic-list\">\n  <li  >    \n          Primirea, verificarea \u0219i sortarea m\u0103rfurilor primite.\n      <\/li>\n  <li  >    \n          Preg\u0103tirea comenzilor pentru expediere.\n      <\/li>\n  <li  >    \n          Asigurarea unui loc de munc\u0103 \u00eengrijit \u0219i organizat.\n      <\/li>\n  <li  >    \n          Colabora\u021bi cu colegii pentru a asigura buna desf\u0103\u0219urare a opera\u021biunilor zilnice.\n      <\/li>\n  <li  >    \n          Eventual munc\u0103 administrativ\u0103 u\u0219oar\u0103.\n      <\/li>\n<\/ul>\n<\/div>\n<\/div><\/div><\/div>\n<\/section><section class=\"bde-section-670-111 bde-section\">\n              \n  \n  \n\t\n\n\n\n<div class=\"section-container\"><div class=\"bde-columns-670-112 bde-columns\"><div class=\"bde-column-670-113 bde-column\">\n  \n  \n\t\n\n\n\n<div class=\"bde-div-670-114 bde-div\">\n  \n  \n\t\n\n\n\n<h1 class=\"bde-dual-heading-670-115 bde-dual-heading\">\n\n\n            <span data-style=\"secondary\" class=\"dual-heading--secondary\">Ce ne<\/span>\n\n            <span data-style=\"primary\" class=\"dual-heading--primary\">\u00centreb\u0103ri<\/span>\n\n\n\n<\/h1><ul class=\"bde-basic-list-670-116 bde-basic-list\">\n  <li  >    \n          Vorbi\u021bi olandez\u0103 sau englez\u0103.\n      <\/li>\n  <li  >    \n          Sunte\u021bi disponibil 3 zile pe s\u0103pt\u0103m\u00e2n\u0103.\n      <\/li>\n  <li  >    \n          Nu este necesar\u0103 experien\u021ba \u00een munca de depozit.\n      <\/li>\n  <li  >    \n          Precizie, fiabilitate \u0219i capacitate de a lucra independent.\n      <\/li>\n  <li  >    \n          Spirit de echip\u0103 cu o atitudine proactiv\u0103.\n      <\/li>\n<\/ul>\n<\/div>\n<\/div><div class=\"bde-column-670-117 bde-column\">\n  \n  \n\t\n\n\n\n<div class=\"bde-div-670-118 bde-div\">\n  \n  \n\t\n\n\n\n<h1 class=\"bde-dual-heading-670-119 bde-dual-heading\">\n\n\n            <span data-style=\"secondary\" class=\"dual-heading--secondary\">Ce ne<\/span>\n\n            <span data-style=\"primary\" class=\"dual-heading--primary\">Ofert\u0103<\/span>\n\n\n\n<\/h1><ul class=\"bde-basic-list-670-120 bde-basic-list\">\n  <li  >    \n          Post cu jum\u0103tate de norm\u0103, cu program de lucru fix \u00eentre 08:30 - 17:00.\n      <\/li>\n  <li  >    \n          Oportunitatea de a dob\u00e2ndi experien\u021b\u0103 de lucru \u00eentr-un mediu de depozitare.\n      <\/li>\n  <li  >    \n          Atmosfer\u0103 de lucru pl\u0103cut\u0103 \u0219i echip\u0103 colegial\u0103.\n      <\/li>\n  <li  >    \n          Salariu bazat pe pia\u021b\u0103 (negociabil).\n      <\/li>\n<\/ul>\n<\/div>\n<\/div><\/div><\/div>\n<\/section><section class=\"bde-section-670-121 bde-section\">\n  \n  \n\t\n\n\n\n<div class=\"section-container\"><div class=\"bde-text-670-122 bde-text\">\nSunte\u021bi lucr\u0103torul de depozit\/sorter pe care \u00eel c\u0103ut\u0103m? Trimite CV-ul \u0219i motiva\u021bia ta la agen\u021bia de ocupare a for\u021bei de munc\u0103 sau contacteaz\u0103-ne pentru mai multe informa\u021bii.\n<\/div><div class=\"bde-button-670-123 bde-button\">\n    \n                        \n                        \n    \n    \n    \n    \n            \n                    \n            \n            \n\n    \n    \n    \n    \n    \n    <a class=\"breakdance-link button-atom button-atom--secondary bde-button__button\" href=\"https:\/\/azorflexwork.com\/ro\/werknemers\/\" target=\"_blank\" data-type=\"url\"  >\n\n    \n        <span class=\"button-atom__text\">Aplica\u021bi direct<\/span>\n\n        \n        \n                <\/a>\n\n    \n\n\n<\/div><\/div>\n<\/section>","protected":false},"excerpt":{"rendered":"<p>Magazijn medewerker \/ Sorteerder Waddinxveen &#8211; Parttime Voor onze klant in Waddinxveen zijn wij op zoek naar een enthousiaste magazijnmedewerker\/sorteerder. Je ondersteunt het magazijnteam bij het ontvangen, sorteren en verzendklaar maken van goederen. Ervaring is niet vereist; motivatie en nauwkeurigheid zijn belangrijk. Wat ga je doen Ontvangen, controleren en sorteren van inkomende goederen. Klaarzetten van [&hellip;]<\/p>\n","protected":false},"author":1,"featured_media":0,"parent":0,"menu_order":0,"comment_status":"closed","ping_status":"closed","template":"","meta":{"_breakdance_hide_in_design_set":false,"_breakdance_tags":"","footnotes":""},"class_list":["post-670","page","type-page","status-publish","hentry"],"_links":{"self":[{"href":"https:\/\/azorflexwork.com\/ro\/wp-json\/wp\/v2\/pages\/670","targetHints":{"allow":["GET"]}}],"collection":[{"href":"https:\/\/azorflexwork.com\/ro\/wp-json\/wp\/v2\/pages"}],"about":[{"href":"https:\/\/azorflexwork.com\/ro\/wp-json\/wp\/v2\/types\/page"}],"author":[{"embeddable":true,"href":"https:\/\/azorflexwork.com\/ro\/wp-json\/wp\/v2\/users\/1"}],"replies":[{"embeddable":true,"href":"https:\/\/azorflexwork.com\/ro\/wp-json\/wp\/v2\/comments?post=670"}],"version-history":[{"count":2,"href":"https:\/\/azorflexwork.com\/ro\/wp-json\/wp\/v2\/pages\/670\/revisions"}],"predecessor-version":[{"id":672,"href":"https:\/\/azorflexwork.com\/ro\/wp-json\/wp\/v2\/pages\/670\/revisions\/672"}],"wp:attachment":[{"href":"https:\/\/azorflexwork.com\/ro\/wp-json\/wp\/v2\/media?parent=670"}],"curies":[{"name":"wp","href":"https:\/\/api.w.org\/{rel}","templated":true}]}}