{"id":673,"date":"2026-02-18T08:55:09","date_gmt":"2026-02-18T08:55:09","guid":{"rendered":"https:\/\/azorflexwork.com\/?page_id=673"},"modified":"2026-02-18T08:55:09","modified_gmt":"2026-02-18T08:55:09","slug":"sleutelaar","status":"publish","type":"page","link":"https:\/\/azorflexwork.com\/ro\/sleutelaar\/","title":{"rendered":"Tinker"},"content":{"rendered":"<section class=\"bde-section-673-100 bde-section\">\n  \n  \n\t\n\n\n\n<div class=\"section-container\"><h2 class=\"bde-heading-673-101 bde-heading\">\nTinker\n<\/h2><\/div>\n<\/section><section class=\"bde-section-673-102 bde-section\">\n  \n  \n\t\n\n\n\n<div class=\"section-container\"><div class=\"bde-columns-673-103 bde-columns\"><div class=\"bde-column-673-104 bde-column\">\n  \n  \n\t\n\n\n\n<h1 class=\"bde-dual-heading-673-105 bde-dual-heading\">\n\n\n            <span data-style=\"secondary\" class=\"dual-heading--secondary\">Heerhugowaard<\/span>\n\n            <span data-style=\"primary\" class=\"dual-heading--primary\">- Cu norm\u0103 \u00eentreag\u0103<\/span>\n\n\n\n<\/h1><div class=\"bde-text-673-106 bde-text\">\nC\u0103ut\u0103m strungari motiva\u021bi pentru clientul nostru din Rotterdam Botlek. \u00cen aceast\u0103 pozi\u021bie, ve\u021bi fi implicat \u00een \u00eentre\u021binerea, repararea \u0219i asamblarea pieselor \u0219i ma\u0219inilor. Perspicacitatea tehnic\u0103 \u0219i atitudinea practic\u0103 sunt mai importante dec\u00e2t experien\u021ba, ceea ce face ca acest post s\u0103 fie potrivit pentru \u00eencep\u0103tori cu interes tehnic.\n<\/div>\n<\/div><div class=\"bde-column-673-107 bde-column\">\n  \n  \n\t\n\n\n\n<div class=\"bde-div-673-108 bde-div\">\n  \n  \n\t\n\n\n\n<h1 class=\"bde-dual-heading-673-109 bde-dual-heading\">\n\n\n            <span data-style=\"secondary\" class=\"dual-heading--secondary\">Ce ve\u021bi<\/span>\n\n            <span data-style=\"primary\" class=\"dual-heading--primary\">face\u021bi<\/span>\n\n\n\n<\/h1><ul class=\"bde-basic-list-673-110 bde-basic-list\">\n  <li  >    \n          \u00centre\u021binerea, repararea \u0219i asamblarea pieselor \u0219i utilajelor.\n      <\/li>\n  <li  >    \n          Efectuarea de lucr\u0103ri tehnice u\u0219oare \u00een conformitate cu instruc\u021biunile.\n      <\/li>\n  <li  >    \n          Verificarea calit\u0103\u021bii \u0219i func\u021bion\u0103rii pieselor.\n      <\/li>\n  <li  >    \n          Asigurarea unui loc de munc\u0103 \u00eengrijit \u0219i sigur.\n      <\/li>\n  <li  >    \n          S\u0103 colaboreze cu colegii pentru a-\u0219i desf\u0103\u0219ura activitatea \u00een mod eficient.\n      <\/li>\n<\/ul>\n<\/div>\n<\/div><\/div><\/div>\n<\/section><section class=\"bde-section-673-111 bde-section\">\n              \n  \n  \n\t\n\n\n\n<div class=\"section-container\"><div class=\"bde-columns-673-112 bde-columns\"><div class=\"bde-column-673-113 bde-column\">\n  \n  \n\t\n\n\n\n<div class=\"bde-div-673-114 bde-div\">\n  \n  \n\t\n\n\n\n<h1 class=\"bde-dual-heading-673-115 bde-dual-heading\">\n\n\n            <span data-style=\"secondary\" class=\"dual-heading--secondary\">Ce ne<\/span>\n\n            <span data-style=\"primary\" class=\"dual-heading--primary\">\u00centreb\u0103ri<\/span>\n\n\n\n<\/h1><ul class=\"bde-basic-list-673-116 bde-basic-list\">\n  <li  >    \n          Vorbi\u021bi olandez\u0103 sau englez\u0103.\n      <\/li>\n  <li  >    \n          \u00cen\u021belegere tehnic\u0103 \u0219i atitudine practic\u0103.\n      <\/li>\n  <li  >    \n          Experien\u021ba nu este necesar\u0103, candida\u021bii dornici s\u0103 \u00eenve\u021be sunt bineveni\u021bi.\n      <\/li>\n  <li  >    \n          Precis, de \u00eencredere \u0219i motivat.\n      <\/li>\n  <li  >    \n          Disponibil de luni p\u00e2n\u0103 vineri, cu program de lucru flexibil.\n      <\/li>\n<\/ul>\n<\/div>\n<\/div><div class=\"bde-column-673-117 bde-column\">\n  \n  \n\t\n\n\n\n<div class=\"bde-div-673-118 bde-div\">\n  \n  \n\t\n\n\n\n<h1 class=\"bde-dual-heading-673-119 bde-dual-heading\">\n\n\n            <span data-style=\"secondary\" class=\"dual-heading--secondary\">Ce ne<\/span>\n\n            <span data-style=\"primary\" class=\"dual-heading--primary\">Ofert\u0103<\/span>\n\n\n\n<\/h1><ul class=\"bde-basic-list-673-120 bde-basic-list\">\n  <li  >    \n          Post cu norm\u0103 \u00eentreag\u0103 \u00een cadrul unei echipe tehnice.\n      <\/li>\n  <li  >    \n          Oportunitatea de a dezvolta competen\u021be tehnice.\n      <\/li>\n  <li  >    \n          Atmosfer\u0103 de lucru pl\u0103cut\u0103 \u0219i colegi colegiali.\n      <\/li>\n  <li  >    \n          Salariu bazat pe pia\u021b\u0103 (negociabil).\n      <\/li>\n<\/ul>\n<\/div>\n<\/div><\/div><\/div>\n<\/section><section class=\"bde-section-673-121 bde-section\">\n  \n  \n\t\n\n\n\n<div class=\"section-container\"><div class=\"bde-text-673-122 bde-text\">\nSunte\u021bi tinkerer-ul pe care \u00eel c\u0103ut\u0103m? Trimite\u021bi CV-ul \u0219i motiva\u021bia la agen\u021bia de ocupare a for\u021bei de munc\u0103 sau contacta\u021bi-ne pentru mai multe informa\u021bii.\n<\/div><div class=\"bde-button-673-123 bde-button\">\n    \n                        \n                        \n    \n    \n    \n    \n            \n                    \n            \n            \n\n    \n    \n    \n    \n    \n    <a class=\"breakdance-link button-atom button-atom--secondary bde-button__button\" href=\"https:\/\/azorflexwork.com\/ro\/werknemers\/\" target=\"_blank\" data-type=\"url\"  >\n\n    \n        <span class=\"button-atom__text\">Aplica\u021bi direct<\/span>\n\n        \n        \n                <\/a>\n\n    \n\n\n<\/div><\/div>\n<\/section>","protected":false},"excerpt":{"rendered":"<p>Sleutelaar Heerhugowaard &#8211; Fulltime Voor onze klant in Rotterdam Botlek zijn wij op zoek naar gemotiveerde sleutelaars. In deze functie houd je je bezig met het onderhouden, repareren en assembleren van onderdelen en machines. Technisch inzicht en een praktische instelling zijn belangrijker dan ervaring, waardoor deze functie geschikt is voor starters met technische interesse. Wat [&hellip;]<\/p>\n","protected":false},"author":1,"featured_media":0,"parent":0,"menu_order":0,"comment_status":"closed","ping_status":"closed","template":"","meta":{"_breakdance_hide_in_design_set":false,"_breakdance_tags":"","footnotes":""},"class_list":["post-673","page","type-page","status-publish","hentry"],"_links":{"self":[{"href":"https:\/\/azorflexwork.com\/ro\/wp-json\/wp\/v2\/pages\/673","targetHints":{"allow":["GET"]}}],"collection":[{"href":"https:\/\/azorflexwork.com\/ro\/wp-json\/wp\/v2\/pages"}],"about":[{"href":"https:\/\/azorflexwork.com\/ro\/wp-json\/wp\/v2\/types\/page"}],"author":[{"embeddable":true,"href":"https:\/\/azorflexwork.com\/ro\/wp-json\/wp\/v2\/users\/1"}],"replies":[{"embeddable":true,"href":"https:\/\/azorflexwork.com\/ro\/wp-json\/wp\/v2\/comments?post=673"}],"version-history":[{"count":2,"href":"https:\/\/azorflexwork.com\/ro\/wp-json\/wp\/v2\/pages\/673\/revisions"}],"predecessor-version":[{"id":675,"href":"https:\/\/azorflexwork.com\/ro\/wp-json\/wp\/v2\/pages\/673\/revisions\/675"}],"wp:attachment":[{"href":"https:\/\/azorflexwork.com\/ro\/wp-json\/wp\/v2\/media?parent=673"}],"curies":[{"name":"wp","href":"https:\/\/api.w.org\/{rel}","templated":true}]}}