{"id":676,"date":"2026-02-18T08:55:02","date_gmt":"2026-02-18T08:55:02","guid":{"rendered":"https:\/\/azorflexwork.com\/?page_id=676"},"modified":"2026-02-18T08:55:02","modified_gmt":"2026-02-18T08:55:02","slug":"schoonmaker","status":"publish","type":"page","link":"https:\/\/azorflexwork.com\/ro\/schoonmaker\/","title":{"rendered":"Cur\u0103\u021b\u0103tor"},"content":{"rendered":"<section class=\"bde-section-676-100 bde-section\">\n  \n  \n\t\n\n\n\n<div class=\"section-container\"><h2 class=\"bde-heading-676-101 bde-heading\">\nCur\u0103\u021b\u0103tor\n<\/h2><\/div>\n<\/section><section class=\"bde-section-676-102 bde-section\">\n  \n  \n\t\n\n\n\n<div class=\"section-container\"><div class=\"bde-columns-676-103 bde-columns\"><div class=\"bde-column-676-104 bde-column\">\n  \n  \n\t\n\n\n\n<h1 class=\"bde-dual-heading-676-105 bde-dual-heading\">\n\n\n            <span data-style=\"secondary\" class=\"dual-heading--secondary\">Europoort, Rotterdam<\/span>\n\n            <span data-style=\"primary\" class=\"dual-heading--primary\">- Cu norm\u0103 \u00eentreag\u0103<\/span>\n\n\n\n<\/h1><div class=\"bde-text-676-106 bde-text\">\nSuntem \u00een c\u0103utarea unui \u00eengrijitor cu experien\u021b\u0103 pentru clientul nostru din Europoort Rotterdam. Ve\u021bi fi responsabil pentru men\u021binerea cur\u0103\u021beniei \u0219i a ordinii \u00een zonele de lucru \u0219i de produc\u021bie. Siguran\u021ba \u0219i calitatea sunt primordiale, motiv pentru care este necesar un certificat VCA.\n<\/div>\n<\/div><div class=\"bde-column-676-107 bde-column\">\n  \n  \n\t\n\n\n\n<div class=\"bde-div-676-108 bde-div\">\n  \n  \n\t\n\n\n\n<h1 class=\"bde-dual-heading-676-109 bde-dual-heading\">\n\n\n            <span data-style=\"secondary\" class=\"dual-heading--secondary\">Ce ve\u021bi<\/span>\n\n            <span data-style=\"primary\" class=\"dual-heading--primary\">face\u021bi<\/span>\n\n\n\n<\/h1><ul class=\"bde-basic-list-676-110 bde-basic-list\">\n  <li  >    \n          Cur\u0103\u021barea birourilor, atelierelor \u0219i a zonelor de produc\u021bie.\n      <\/li>\n  <li  >    \n          Verificarea materialelor \u0219i uneltelor de cur\u0103\u021bare.\n      <\/li>\n  <li  >    \n          Lucra\u021bi \u00een conformitate cu normele de siguran\u021b\u0103 \u0219i de cur\u0103\u021benie.\n      <\/li>\n  <li  >    \n          semnala\u021bi orice probleme de \u00eentre\u021binere sau de siguran\u021b\u0103.\n      <\/li>\n  <li  >    \n          Colaborarea cu colegii pentru a asigura un mediu de lucru curat \u0219i sigur.\n      <\/li>\n<\/ul>\n<\/div>\n<\/div><\/div><\/div>\n<\/section><section class=\"bde-section-676-111 bde-section\">\n              \n  \n  \n\t\n\n\n\n<div class=\"section-container\"><div class=\"bde-columns-676-112 bde-columns\"><div class=\"bde-column-676-113 bde-column\">\n  \n  \n\t\n\n\n\n<div class=\"bde-div-676-114 bde-div\">\n  \n  \n\t\n\n\n\n<h1 class=\"bde-dual-heading-676-115 bde-dual-heading\">\n\n\n            <span data-style=\"secondary\" class=\"dual-heading--secondary\">Ce ne<\/span>\n\n            <span data-style=\"primary\" class=\"dual-heading--primary\">\u00centreb\u0103ri<\/span>\n\n\n\n<\/h1><ul class=\"bde-basic-list-676-116 bde-basic-list\">\n  <li  >    \n          Vorbi\u021bi olandez\u0103 sau englez\u0103.\n      <\/li>\n  <li  >    \n          Experien\u021b\u0103 demonstrabil\u0103 \u00een activit\u0103\u021bi de cur\u0103\u021benie.\n      <\/li>\n  <li  >    \n          De\u021bine\u021bi un certificat VCA valabil.\n      <\/li>\n  <li  >    \n          Precizie, fiabilitate \u0219i orientare c\u0103tre calitate.\n      <\/li>\n  <li  >    \n          Disponibil de luni p\u00e2n\u0103 vineri de la 07:00 la 16:00.\n      <\/li>\n<\/ul>\n<\/div>\n<\/div><div class=\"bde-column-676-117 bde-column\">\n  \n  \n\t\n\n\n\n<div class=\"bde-div-676-118 bde-div\">\n  \n  \n\t\n\n\n\n<h1 class=\"bde-dual-heading-676-119 bde-dual-heading\">\n\n\n            <span data-style=\"secondary\" class=\"dual-heading--secondary\">Ce ne<\/span>\n\n            <span data-style=\"primary\" class=\"dual-heading--primary\">Ofert\u0103<\/span>\n\n\n\n<\/h1><ul class=\"bde-basic-list-676-120 bde-basic-list\">\n  <li  >    \n          Post cu norm\u0103 \u00eentreag\u0103 \u00een cadrul unei companii profesionale.\n      <\/li>\n  <li  >    \n          Salariu de 15,52 EUR pe or\u0103.\n      <\/li>\n  <li  >    \n          Atmosfer\u0103 de lucru pl\u0103cut\u0103 \u0219i colegi colegiali.\n      <\/li>\n  <li  >    \n          Abilitatea de a lucra \u00eentr-un mediu sigur \u0219i structurat.\n      <\/li>\n<\/ul>\n<\/div>\n<\/div><\/div><\/div>\n<\/section><section class=\"bde-section-676-121 bde-section\">\n  \n  \n\t\n\n\n\n<div class=\"section-container\"><div class=\"bde-text-676-122 bde-text\">\nSunte\u021bi femeia de serviciu pe care o c\u0103ut\u0103m? Trimite CV-ul \u0219i motiva\u021bia ta la agen\u021bia de ocupare a for\u021bei de munc\u0103 sau contacteaz\u0103-ne pentru mai multe informa\u021bii.\n<\/div><div class=\"bde-button-676-123 bde-button\">\n    \n                        \n                        \n    \n    \n    \n    \n            \n                    \n            \n            \n\n    \n    \n    \n    \n    \n    <a class=\"breakdance-link button-atom button-atom--secondary bde-button__button\" href=\"https:\/\/azorflexwork.com\/ro\/werknemers\/\" target=\"_blank\" data-type=\"url\"  >\n\n    \n        <span class=\"button-atom__text\">Aplica\u021bi direct<\/span>\n\n        \n        \n                <\/a>\n\n    \n\n\n<\/div><\/div>\n<\/section>","protected":false},"excerpt":{"rendered":"<p>Schoonmaker Europoort, Rotterdam &#8211; Fulltime Voor onze klant in de Europoort Rotterdam zijn wij op zoek naar een ervaren schoonmaker. Je bent verantwoordelijk voor het schoon en netjes houden van de werkruimtes en productieomgevingen. Veiligheid en kwaliteit staan hierbij voorop, daarom is een VCA-certificaat vereist. Wat ga je doen Schoonmaken van kantoren, werkplaatsen en productiegebieden. [&hellip;]<\/p>\n","protected":false},"author":1,"featured_media":0,"parent":0,"menu_order":0,"comment_status":"closed","ping_status":"closed","template":"","meta":{"_breakdance_hide_in_design_set":false,"_breakdance_tags":"","footnotes":""},"class_list":["post-676","page","type-page","status-publish","hentry"],"_links":{"self":[{"href":"https:\/\/azorflexwork.com\/ro\/wp-json\/wp\/v2\/pages\/676","targetHints":{"allow":["GET"]}}],"collection":[{"href":"https:\/\/azorflexwork.com\/ro\/wp-json\/wp\/v2\/pages"}],"about":[{"href":"https:\/\/azorflexwork.com\/ro\/wp-json\/wp\/v2\/types\/page"}],"author":[{"embeddable":true,"href":"https:\/\/azorflexwork.com\/ro\/wp-json\/wp\/v2\/users\/1"}],"replies":[{"embeddable":true,"href":"https:\/\/azorflexwork.com\/ro\/wp-json\/wp\/v2\/comments?post=676"}],"version-history":[{"count":2,"href":"https:\/\/azorflexwork.com\/ro\/wp-json\/wp\/v2\/pages\/676\/revisions"}],"predecessor-version":[{"id":678,"href":"https:\/\/azorflexwork.com\/ro\/wp-json\/wp\/v2\/pages\/676\/revisions\/678"}],"wp:attachment":[{"href":"https:\/\/azorflexwork.com\/ro\/wp-json\/wp\/v2\/media?parent=676"}],"curies":[{"name":"wp","href":"https:\/\/api.w.org\/{rel}","templated":true}]}}