{"id":679,"date":"2026-02-18T08:55:14","date_gmt":"2026-02-18T08:55:14","guid":{"rendered":"https:\/\/azorflexwork.com\/?page_id=679"},"modified":"2026-02-18T08:55:14","modified_gmt":"2026-02-18T08:55:14","slug":"timmerman","status":"publish","type":"page","link":"https:\/\/azorflexwork.com\/ro\/timmerman\/","title":{"rendered":"T\u00e2mplar"},"content":{"rendered":"<section class=\"bde-section-679-100 bde-section\">\n  \n  \n\t\n\n\n\n<div class=\"section-container\"><h2 class=\"bde-heading-679-101 bde-heading\">\nT\u00e2mplar\n<\/h2><\/div>\n<\/section><section class=\"bde-section-679-102 bde-section\">\n  \n  \n\t\n\n\n\n<div class=\"section-container\"><div class=\"bde-columns-679-103 bde-columns\"><div class=\"bde-column-679-104 bde-column\">\n  \n  \n\t\n\n\n\n<h1 class=\"bde-dual-heading-679-105 bde-dual-heading\">\n\n\n            <span data-style=\"secondary\" class=\"dual-heading--secondary\">Zoeterwoude<\/span>\n\n            <span data-style=\"primary\" class=\"dual-heading--primary\">- Cu norm\u0103 \u00eentreag\u0103<\/span>\n\n\n\n<\/h1><div class=\"bde-text-679-106 bde-text\">\nPentru clientul nostru din Zoeterwoude, c\u0103ut\u0103m t\u00e2mplari cu experien\u021b\u0103. \u00cen aceast\u0103 pozi\u021bie, ve\u021bi lucra la diverse proiecte de construc\u021bie \u0219i renovare. Ve\u021bi efectua lucr\u0103ri de t\u00e2mpl\u0103rie, ve\u021bi asambla construc\u021bii \u0219i ve\u021bi asigura un rezultat final de \u00eenalt\u0103 calitate.\n<\/div>\n<\/div><div class=\"bde-column-679-107 bde-column\">\n  \n  \n\t\n\n\n\n<div class=\"bde-div-679-108 bde-div\">\n  \n  \n\t\n\n\n\n<h1 class=\"bde-dual-heading-679-109 bde-dual-heading\">\n\n\n            <span data-style=\"secondary\" class=\"dual-heading--secondary\">Ce ve\u021bi<\/span>\n\n            <span data-style=\"primary\" class=\"dual-heading--primary\">face\u021bi<\/span>\n\n\n\n<\/h1><ul class=\"bde-basic-list-679-110 bde-basic-list\">\n  <li  >    \n          Efectua\u021bi lucr\u0103ri de t\u00e2mpl\u0103rie \u00een cadrul proiectelor de construc\u021bii noi \u0219i de renovare.\n      <\/li>\n  <li  >    \n          Asamblarea de structuri \u0219i componente din lemn.\n      <\/li>\n  <li  >    \n          Citirea \u0219i interpretarea desenelor tehnice.\n      <\/li>\n  <li  >    \n          Verificarea calit\u0103\u021bii \u0219i preciziei propriei lucr\u0103ri.\n      <\/li>\n  <li  >    \n          Colabora\u021bi cu colegii pentru a finaliza proiectele la timp \u0219i corect.\n      <\/li>\n<\/ul>\n<\/div>\n<\/div><\/div><\/div>\n<\/section><section class=\"bde-section-679-111 bde-section\">\n              \n  \n  \n\t\n\n\n\n<div class=\"section-container\"><div class=\"bde-columns-679-112 bde-columns\"><div class=\"bde-column-679-113 bde-column\">\n  \n  \n\t\n\n\n\n<div class=\"bde-div-679-114 bde-div\">\n  \n  \n\t\n\n\n\n<h1 class=\"bde-dual-heading-679-115 bde-dual-heading\">\n\n\n            <span data-style=\"secondary\" class=\"dual-heading--secondary\">Ce ne<\/span>\n\n            <span data-style=\"primary\" class=\"dual-heading--primary\">\u00centreb\u0103ri<\/span>\n\n\n\n<\/h1><ul class=\"bde-basic-list-679-116 bde-basic-list\">\n  <li  >    \n          Vorbi\u021bi olandez\u0103.\n      <\/li>\n  <li  >    \n          Experien\u021b\u0103 demonstrabil\u0103 ca t\u00e2mplar.\n      <\/li>\n  <li  >    \n          S\u0103 fie capabil s\u0103 lucreze cu acurate\u021be \u0219i orientat c\u0103tre calitate.\n      <\/li>\n  <li  >    \n          S\u0103 fie capabil s\u0103 lucreze independent \u0219i ca parte a unei echipe.\n      <\/li>\n  <li  >    \n          Disponibil de luni p\u00e2n\u0103 vineri.\n      <\/li>\n<\/ul>\n<\/div>\n<\/div><div class=\"bde-column-679-117 bde-column\">\n  \n  \n\t\n\n\n\n<div class=\"bde-div-679-118 bde-div\">\n  \n  \n\t\n\n\n\n<h1 class=\"bde-dual-heading-679-119 bde-dual-heading\">\n\n\n            <span data-style=\"secondary\" class=\"dual-heading--secondary\">Ce ne<\/span>\n\n            <span data-style=\"primary\" class=\"dual-heading--primary\">Ofert\u0103<\/span>\n\n\n\n<\/h1><ul class=\"bde-basic-list-679-120 bde-basic-list\">\n  <li  >    \n          Post cu norm\u0103 \u00eentreag\u0103, cu program de lucru fix (de comun acord).\n      <\/li>\n  <li  >    \n          Salariu de la 15,56 EUR pe or\u0103, \u00een func\u021bie de experien\u021b\u0103 \u0219i competen\u021be.\n      <\/li>\n  <li  >    \n          Lucrul la proiecte de t\u00e2mpl\u0103rie diverse \u0219i provocatoare.\n      <\/li>\n  <li  >    \n          Atmosfer\u0103 de lucru pl\u0103cut\u0103 \u00een cadrul unei echipe colegiale.\n      <\/li>\n<\/ul>\n<\/div>\n<\/div><\/div><\/div>\n<\/section><section class=\"bde-section-679-121 bde-section\">\n  \n  \n\t\n\n\n\n<div class=\"section-container\"><div class=\"bde-text-679-122 bde-text\">\nSunte\u021bi t\u00e2mplarul pe care \u00eel c\u0103ut\u0103m? Trimite CV-ul \u0219i motiva\u021bia ta la agen\u021bia de ocupare a for\u021bei de munc\u0103 sau contacteaz\u0103-ne pentru mai multe informa\u021bii.\n<\/div><div class=\"bde-button-679-123 bde-button\">\n    \n                        \n                        \n    \n    \n    \n    \n            \n                    \n            \n            \n\n    \n    \n    \n    \n    \n    <a class=\"breakdance-link button-atom button-atom--secondary bde-button__button\" href=\"https:\/\/azorflexwork.com\/ro\/werknemers\/\" target=\"_blank\" data-type=\"url\"  >\n\n    \n        <span class=\"button-atom__text\">Aplica\u021bi direct<\/span>\n\n        \n        \n                <\/a>\n\n    \n\n\n<\/div><\/div>\n<\/section>","protected":false},"excerpt":{"rendered":"<p>Timmerman Zoeterwoude &#8211; Fulltime Voor onze klant in Zoeterwoude zijn wij op zoek naar ervaren timmermannen. In deze functie werk je aan diverse bouw- en renovatieprojecten. Je voert houtbewerkingen uit, monteert constructies en zorgt voor een kwalitatief hoogwaardig eindresultaat. Wat ga je doen Uitvoeren van timmerwerkzaamheden op nieuwbouw- en renovatieprojecten. Monteren van houten constructies en [&hellip;]<\/p>\n","protected":false},"author":1,"featured_media":0,"parent":0,"menu_order":0,"comment_status":"closed","ping_status":"closed","template":"","meta":{"_breakdance_hide_in_design_set":false,"_breakdance_tags":"","footnotes":""},"class_list":["post-679","page","type-page","status-publish","hentry"],"_links":{"self":[{"href":"https:\/\/azorflexwork.com\/ro\/wp-json\/wp\/v2\/pages\/679","targetHints":{"allow":["GET"]}}],"collection":[{"href":"https:\/\/azorflexwork.com\/ro\/wp-json\/wp\/v2\/pages"}],"about":[{"href":"https:\/\/azorflexwork.com\/ro\/wp-json\/wp\/v2\/types\/page"}],"author":[{"embeddable":true,"href":"https:\/\/azorflexwork.com\/ro\/wp-json\/wp\/v2\/users\/1"}],"replies":[{"embeddable":true,"href":"https:\/\/azorflexwork.com\/ro\/wp-json\/wp\/v2\/comments?post=679"}],"version-history":[{"count":2,"href":"https:\/\/azorflexwork.com\/ro\/wp-json\/wp\/v2\/pages\/679\/revisions"}],"predecessor-version":[{"id":681,"href":"https:\/\/azorflexwork.com\/ro\/wp-json\/wp\/v2\/pages\/679\/revisions\/681"}],"wp:attachment":[{"href":"https:\/\/azorflexwork.com\/ro\/wp-json\/wp\/v2\/media?parent=679"}],"curies":[{"name":"wp","href":"https:\/\/api.w.org\/{rel}","templated":true}]}}