{"id":682,"date":"2026-02-18T08:54:24","date_gmt":"2026-02-18T08:54:24","guid":{"rendered":"https:\/\/azorflexwork.com\/?page_id=682"},"modified":"2026-02-18T08:54:24","modified_gmt":"2026-02-18T08:54:24","slug":"kabeltrekker","status":"publish","type":"page","link":"https:\/\/azorflexwork.com\/ro\/kabeltrekker\/","title":{"rendered":"Extractor de cablu"},"content":{"rendered":"<section class=\"bde-section-682-100 bde-section\">\n  \n  \n\t\n\n\n\n<div class=\"section-container\"><h2 class=\"bde-heading-682-101 bde-heading\">\nExtractor de cablu\n<\/h2><\/div>\n<\/section><section class=\"bde-section-682-102 bde-section\">\n  \n  \n\t\n\n\n\n<div class=\"section-container\"><div class=\"bde-columns-682-103 bde-columns\"><div class=\"bde-column-682-104 bde-column\">\n  \n  \n\t\n\n\n\n<h1 class=\"bde-dual-heading-682-105 bde-dual-heading\">\n\n\n            <span data-style=\"secondary\" class=\"dual-heading--secondary\">Zoeterwoude<\/span>\n\n            <span data-style=\"primary\" class=\"dual-heading--primary\">- Cu norm\u0103 \u00eentreag\u0103<\/span>\n\n\n\n<\/h1><div class=\"bde-text-682-106 bde-text\">\nPentru clientul nostru din Hardinxveld-Giessendam, c\u0103ut\u0103m tr\u0103g\u0103tori de cabluri entuzia\u0219ti. \u00cen acest post, ve\u021bi \u00eenv\u0103\u021ba practic meseria de tras de cabluri. Ve\u021bi fi responsabil de a\u0219ezarea \u0219i tragerea cablurilor la diverse proiecte, sub supravegherea colegilor cu experien\u021b\u0103.\n<\/div>\n<\/div><div class=\"bde-column-682-107 bde-column\">\n  \n  \n\t\n\n\n\n<div class=\"bde-div-682-108 bde-div\">\n  \n  \n\t\n\n\n\n<h1 class=\"bde-dual-heading-682-109 bde-dual-heading\">\n\n\n            <span data-style=\"secondary\" class=\"dual-heading--secondary\">Ce ve\u021bi<\/span>\n\n            <span data-style=\"primary\" class=\"dual-heading--primary\">face\u021bi<\/span>\n\n\n\n<\/h1><ul class=\"bde-basic-list-682-110 bde-basic-list\">\n  <li  >    \n          Instalarea \u0219i tragerea cablurilor \u00een conformitate cu instruc\u021biunile.\n      <\/li>\n  <li  >    \n          Colabora\u021bi cu colegii la diverse proiecte.\n      <\/li>\n  <li  >    \n          Lucra\u021bi \u00een conformitate cu normele \u0219i orient\u0103rile de siguran\u021b\u0103.\n      <\/li>\n  <li  >    \n          Verificarea calit\u0103\u021bii \u0219i cur\u0103\u021beniei cablurilor \u0219i instala\u021biilor.\n      <\/li>\n  <li  >    \n          \u00centre\u021binerea uneltelor \u0219i a materialelor.\n      <\/li>\n<\/ul>\n<\/div>\n<\/div><\/div><\/div>\n<\/section><section class=\"bde-section-682-111 bde-section\">\n              \n  \n  \n\t\n\n\n\n<div class=\"section-container\"><div class=\"bde-columns-682-112 bde-columns\"><div class=\"bde-column-682-113 bde-column\">\n  \n  \n\t\n\n\n\n<div class=\"bde-div-682-114 bde-div\">\n  \n  \n\t\n\n\n\n<h1 class=\"bde-dual-heading-682-115 bde-dual-heading\">\n\n\n            <span data-style=\"secondary\" class=\"dual-heading--secondary\">Ce ne<\/span>\n\n            <span data-style=\"primary\" class=\"dual-heading--primary\">\u00centreb\u0103ri<\/span>\n\n\n\n<\/h1><ul class=\"bde-basic-list-682-120 bde-basic-list\">\n  <li  >    \n          Vorbi\u021bi olandez\u0103.\n      <\/li>\n  <li  >    \n          Experien\u021ba nu este necesar\u0103; vi se va preda meseria.\n      <\/li>\n  <li  >    \n          Precis, de \u00eencredere \u0219i dornic s\u0103 \u00eenve\u021be.\n      <\/li>\n  <li  >    \n          Spirit de echip\u0103 care poate fi mobilizat \u00een mod flexibil.\n      <\/li>\n  <li  >    \n          Disponibil de luni p\u00e2n\u0103 vineri.\n      <\/li>\n<\/ul>\n<\/div>\n<\/div><div class=\"bde-column-682-117 bde-column\">\n  \n  \n\t\n\n\n\n<div class=\"bde-div-682-118 bde-div\">\n  \n  \n\t\n\n\n\n<h1 class=\"bde-dual-heading-682-119 bde-dual-heading\">\n\n\n            <span data-style=\"secondary\" class=\"dual-heading--secondary\">Ce ne<\/span>\n\n            <span data-style=\"primary\" class=\"dual-heading--primary\">Ofert\u0103<\/span>\n\n\n\n<\/h1><ul class=\"bde-basic-list-682-116 bde-basic-list\">\n  <li  >    \n          Post cu norm\u0103 \u00eentreag\u0103 \u00een cadrul unei echipe profesioniste.\n      <\/li>\n  <li  >    \n          Salariu de la 14,71 \u20ac pe or\u0103.\n      <\/li>\n  <li  >    \n          Oportunitate de a \u00eenv\u0103\u021ba meseria de tras de cabluri \u0219i de a c\u00e2\u0219tiga experien\u021b\u0103.\n      <\/li>\n  <li  >    \n          Atmosfer\u0103 de lucru pl\u0103cut\u0103 cu colegi colegiali.\n      <\/li>\n<\/ul>\n<\/div>\n<\/div><\/div><\/div>\n<\/section><section class=\"bde-section-682-121 bde-section\">\n  \n  \n\t\n\n\n\n<div class=\"section-container\"><div class=\"bde-text-682-122 bde-text\">\nSunte\u021bi tr\u0103g\u0103torul de cabluri pe care \u00eel c\u0103ut\u0103m? Trimite CV-ul \u0219i motiva\u021bia ta la agen\u021bia de ocupare a for\u021bei de munc\u0103 sau contacteaz\u0103-ne pentru mai multe informa\u021bii.\n<\/div><div class=\"bde-button-682-123 bde-button\">\n    \n                        \n                        \n    \n    \n    \n    \n            \n                    \n            \n            \n\n    \n    \n    \n    \n    \n    <a class=\"breakdance-link button-atom button-atom--secondary bde-button__button\" href=\"https:\/\/azorflexwork.com\/ro\/werknemers\/\" target=\"_blank\" data-type=\"url\"  >\n\n    \n        <span class=\"button-atom__text\">Aplica\u021bi direct<\/span>\n\n        \n        \n                <\/a>\n\n    \n\n\n<\/div><\/div>\n<\/section>","protected":false},"excerpt":{"rendered":"<p>Kabeltrekker Zoeterwoude &#8211; Fulltime Voor onze klant in Hardinxveld-Giessendam zijn wij op zoek naar enthousiaste kabeltrekkers. In deze functie leer je het vak van kabeltrekker in de praktijk. Je bent verantwoordelijk voor het leggen en trekken van kabels bij verschillende projecten, onder begeleiding van ervaren collega\u2019s. Wat ga je doen Kabels leggen en trekken volgens [&hellip;]<\/p>\n","protected":false},"author":1,"featured_media":0,"parent":0,"menu_order":0,"comment_status":"closed","ping_status":"closed","template":"","meta":{"_breakdance_hide_in_design_set":false,"_breakdance_tags":"","footnotes":""},"class_list":["post-682","page","type-page","status-publish","hentry"],"_links":{"self":[{"href":"https:\/\/azorflexwork.com\/ro\/wp-json\/wp\/v2\/pages\/682","targetHints":{"allow":["GET"]}}],"collection":[{"href":"https:\/\/azorflexwork.com\/ro\/wp-json\/wp\/v2\/pages"}],"about":[{"href":"https:\/\/azorflexwork.com\/ro\/wp-json\/wp\/v2\/types\/page"}],"author":[{"embeddable":true,"href":"https:\/\/azorflexwork.com\/ro\/wp-json\/wp\/v2\/users\/1"}],"replies":[{"embeddable":true,"href":"https:\/\/azorflexwork.com\/ro\/wp-json\/wp\/v2\/comments?post=682"}],"version-history":[{"count":3,"href":"https:\/\/azorflexwork.com\/ro\/wp-json\/wp\/v2\/pages\/682\/revisions"}],"predecessor-version":[{"id":685,"href":"https:\/\/azorflexwork.com\/ro\/wp-json\/wp\/v2\/pages\/682\/revisions\/685"}],"wp:attachment":[{"href":"https:\/\/azorflexwork.com\/ro\/wp-json\/wp\/v2\/media?parent=682"}],"curies":[{"name":"wp","href":"https:\/\/api.w.org\/{rel}","templated":true}]}}