{"id":686,"date":"2026-02-18T08:54:07","date_gmt":"2026-02-18T08:54:07","guid":{"rendered":"https:\/\/azorflexwork.com\/?page_id=686"},"modified":"2026-02-18T08:54:07","modified_gmt":"2026-02-18T08:54:07","slug":"cnc-draaier-zwijndrecht","status":"publish","type":"page","link":"https:\/\/azorflexwork.com\/ro\/cnc-draaier-zwijndrecht\/","title":{"rendered":"CNC Draaier zwijndrecht\u00a0"},"content":{"rendered":"<section class=\"bde-section-686-100 bde-section\">\n  \n  \n\t\n\n\n\n<div class=\"section-container\"><h2 class=\"bde-heading-686-101 bde-heading\">\nfrezor \/ strungar CNC\n<\/h2><\/div>\n<\/section><section class=\"bde-section-686-102 bde-section\">\n  \n  \n\t\n\n\n\n<div class=\"section-container\"><div class=\"bde-columns-686-103 bde-columns\"><div class=\"bde-column-686-104 bde-column\">\n  \n  \n\t\n\n\n\n<h1 class=\"bde-dual-heading-686-105 bde-dual-heading\">\n\n\n            <span data-style=\"secondary\" class=\"dual-heading--secondary\">Zwijndrecht<\/span>\n\n            <span data-style=\"primary\" class=\"dual-heading--primary\">- Cu norm\u0103 \u00eentreag\u0103<\/span>\n\n\n\n<\/h1><div class=\"bde-text-686-106 bde-text\">\nPentru clientul nostru din Zwijndrecht, c\u0103ut\u0103m un strungar\/frezor CNC cu experien\u021b\u0103. Ve\u021bi lucra cu ma\u0219ini CNC moderne \u0219i ve\u021bi fi responsabil de prelucrarea precis\u0103 a pieselor metalice \u00een conformitate cu specifica\u021biile \u0219i desenele.\n<\/div>\n<\/div><div class=\"bde-column-686-107 bde-column\">\n  \n  \n\t\n\n\n\n<div class=\"bde-div-686-108 bde-div\">\n  \n  \n\t\n\n\n\n<h1 class=\"bde-dual-heading-686-109 bde-dual-heading\">\n\n\n            <span data-style=\"secondary\" class=\"dual-heading--secondary\">Ce ve\u021bi<\/span>\n\n            <span data-style=\"primary\" class=\"dual-heading--primary\">face\u021bi<\/span>\n\n\n\n<\/h1><ul class=\"bde-basic-list-686-110 bde-basic-list\">\n  <li  >    \n          Configurarea \u0219i operarea ma\u0219inilor CNC de frezat \u0219i strunjit.\n      <\/li>\n  <li  >    \n          Citirea \u0219i interpretarea desenelor tehnice.\n      <\/li>\n  <li  >    \n          Verificarea dimensiunii \u0219i calit\u0103\u021bii produselor.\n      <\/li>\n  <li  >    \n          Efectua\u021bi lucr\u0103ri minore de \u00eentre\u021binere a utilajelor.\n      <\/li>\n  <li  >    \n          Asigurarea unui loc de munc\u0103 \u00eengrijit \u0219i sigur.\n      <\/li>\n<\/ul>\n<\/div>\n<\/div><\/div><\/div>\n<\/section><section class=\"bde-section-686-111 bde-section\">\n              \n  \n  \n\t\n\n\n\n<div class=\"section-container\"><div class=\"bde-columns-686-112 bde-columns\"><div class=\"bde-column-686-113 bde-column\">\n  \n  \n\t\n\n\n\n<div class=\"bde-div-686-114 bde-div\">\n  \n  \n\t\n\n\n\n<h1 class=\"bde-dual-heading-686-115 bde-dual-heading\">\n\n\n            <span data-style=\"secondary\" class=\"dual-heading--secondary\">Ce ne<\/span>\n\n            <span data-style=\"primary\" class=\"dual-heading--primary\">\u00centreb\u0103ri<\/span>\n\n\n\n<\/h1><ul class=\"bde-basic-list-686-116 bde-basic-list\">\n  <li  >    \n          Vorbi\u021bi polonez\u0103 sau olandez\u0103.\n      <\/li>\n  <li  >    \n          Experien\u021b\u0103 demonstrabil\u0103 ca strungar \u0219i\/sau frezor CNC.\n      <\/li>\n  <li  >    \n          S\u0103 fie capabil s\u0103 lucreze cu acurate\u021be \u0219i orientat c\u0103tre calitate.\n      <\/li>\n  <li  >    \n          S\u0103 fie capabil s\u0103 lucreze independent \u0219i ca parte a unei echipe.\n      <\/li>\n  <li  >    \n          Disponibil de luni p\u00e2n\u0103 vineri.\n      <\/li>\n<\/ul>\n<\/div>\n<\/div><div class=\"bde-column-686-117 bde-column\">\n  \n  \n\t\n\n\n\n<div class=\"bde-div-686-118 bde-div\">\n  \n  \n\t\n\n\n\n<h1 class=\"bde-dual-heading-686-119 bde-dual-heading\">\n\n\n            <span data-style=\"secondary\" class=\"dual-heading--secondary\">Ce ne<\/span>\n\n            <span data-style=\"primary\" class=\"dual-heading--primary\">Ofert\u0103<\/span>\n\n\n\n<\/h1><ul class=\"bde-basic-list-686-120 bde-basic-list\">\n  <li  >    \n          Post cu norm\u0103 \u00eentreag\u0103 \u00een cadrul unei echipe profesioniste.\n      <\/li>\n  <li  >    \n          Salariu de la 14,71 EUR pe or\u0103, \u00een func\u021bie de experien\u021b\u0103 \u0219i competen\u021be.\n      <\/li>\n  <li  >    \n          Lucrul cu utilaje \u0219i tehnici moderne.\n      <\/li>\n  <li  >    \n          Atmosfer\u0103 de lucru pl\u0103cut\u0103 \u0219i colegi colegiali.\n      <\/li>\n<\/ul>\n<\/div>\n<\/div><\/div><\/div>\n<\/section><section class=\"bde-section-686-121 bde-section\">\n  \n  \n\t\n\n\n\n<div class=\"section-container\"><div class=\"bde-text-686-122 bde-text\">\nSunte\u021bi strungarul\/frezorul CNC pe care \u00eel c\u0103ut\u0103m? Trimite\u021bi CV-ul \u0219i motiva\u021bia dvs. la agen\u021bia de ocupare a for\u021bei de munc\u0103 sau contacta\u021bi-ne pentru mai multe informa\u021bii.\n<\/div><div class=\"bde-button-686-123 bde-button\">\n    \n                        \n                        \n    \n    \n    \n    \n            \n                    \n            \n            \n\n    \n    \n    \n    \n    \n    <a class=\"breakdance-link button-atom button-atom--secondary bde-button__button\" href=\"https:\/\/azorflexwork.com\/ro\/werknemers\/\" target=\"_blank\" data-type=\"url\"  >\n\n    \n        <span class=\"button-atom__text\">Aplica\u021bi direct<\/span>\n\n        \n        \n                <\/a>\n\n    \n\n\n<\/div><\/div>\n<\/section>","protected":false},"excerpt":{"rendered":"<p>CNC Frezer\/Draaier Zwijndrecht &#8211; Fulltime Voor onze klant in Zwijndrecht zijn wij op zoek naar een ervaren CNC draaier\/frezer. Je werkt met moderne CNC-machines en bent verantwoordelijk voor het nauwkeurig bewerken van metalen onderdelen volgens specificaties en tekeningen. Wat ga je doen Instellen en bedienen van CNC frees- en draaibanken. Lezen en interpreteren van technische [&hellip;]<\/p>\n","protected":false},"author":1,"featured_media":0,"parent":0,"menu_order":0,"comment_status":"closed","ping_status":"closed","template":"","meta":{"_breakdance_hide_in_design_set":false,"_breakdance_tags":"","footnotes":""},"class_list":["post-686","page","type-page","status-publish","hentry"],"_links":{"self":[{"href":"https:\/\/azorflexwork.com\/ro\/wp-json\/wp\/v2\/pages\/686","targetHints":{"allow":["GET"]}}],"collection":[{"href":"https:\/\/azorflexwork.com\/ro\/wp-json\/wp\/v2\/pages"}],"about":[{"href":"https:\/\/azorflexwork.com\/ro\/wp-json\/wp\/v2\/types\/page"}],"author":[{"embeddable":true,"href":"https:\/\/azorflexwork.com\/ro\/wp-json\/wp\/v2\/users\/1"}],"replies":[{"embeddable":true,"href":"https:\/\/azorflexwork.com\/ro\/wp-json\/wp\/v2\/comments?post=686"}],"version-history":[{"count":3,"href":"https:\/\/azorflexwork.com\/ro\/wp-json\/wp\/v2\/pages\/686\/revisions"}],"predecessor-version":[{"id":692,"href":"https:\/\/azorflexwork.com\/ro\/wp-json\/wp\/v2\/pages\/686\/revisions\/692"}],"wp:attachment":[{"href":"https:\/\/azorflexwork.com\/ro\/wp-json\/wp\/v2\/media?parent=686"}],"curies":[{"name":"wp","href":"https:\/\/api.w.org\/{rel}","templated":true}]}}