{"id":689,"date":"2026-02-18T08:54:48","date_gmt":"2026-02-18T08:54:48","guid":{"rendered":"https:\/\/azorflexwork.com\/?page_id=689"},"modified":"2026-02-18T08:54:48","modified_gmt":"2026-02-18T08:54:48","slug":"productiemedewerker-albasserdam","status":"publish","type":"page","link":"https:\/\/azorflexwork.com\/ro\/productiemedewerker-albasserdam\/","title":{"rendered":"Productiemedewerker\u00a0Albasserdam"},"content":{"rendered":"<section class=\"bde-section-689-100 bde-section\">\n  \n  \n\t\n\n\n\n<div class=\"section-container\"><h2 class=\"bde-heading-689-101 bde-heading\">\nangajat de produc\u021bie (prelucrare)\n<\/h2><\/div>\n<\/section><section class=\"bde-section-689-102 bde-section\">\n  \n  \n\t\n\n\n\n<div class=\"section-container\"><div class=\"bde-columns-689-103 bde-columns\"><div class=\"bde-column-689-104 bde-column\">\n  \n  \n\t\n\n\n\n<h1 class=\"bde-dual-heading-689-105 bde-dual-heading\">\n\n\n            <span data-style=\"secondary\" class=\"dual-heading--secondary\">Alblasserdam<\/span>\n\n            <span data-style=\"primary\" class=\"dual-heading--primary\">- Cu norm\u0103 \u00eentreag\u0103<\/span>\n\n\n\n<\/h1><div class=\"bde-text-689-106 bde-text\">\nPentru clientul nostru din Alblasserdam, c\u0103ut\u0103m un angajat de produc\u021bie (ma\u0219ini). Ve\u021bi opera \u0219i monitoriza utilajele \u00een produc\u021bie \u0219i v\u0103 ve\u021bi asigura c\u0103 procesul de produc\u021bie se desf\u0103\u0219oar\u0103 f\u0103r\u0103 probleme \u0219i eficient. Perspicacitatea tehnic\u0103 este important\u0103, astfel \u00eenc\u00e2t s\u0103 pute\u021bi lucra \u00een siguran\u021b\u0103 \u0219i cu acurate\u021be.\n<\/div>\n<\/div><div class=\"bde-column-689-107 bde-column\">\n  \n  \n\t\n\n\n\n<div class=\"bde-div-689-108 bde-div\">\n  \n  \n\t\n\n\n\n<h1 class=\"bde-dual-heading-689-109 bde-dual-heading\">\n\n\n            <span data-style=\"secondary\" class=\"dual-heading--secondary\">Ce ve\u021bi<\/span>\n\n            <span data-style=\"primary\" class=\"dual-heading--primary\">face\u021bi<\/span>\n\n\n\n<\/h1><ul class=\"bde-basic-list-689-110 bde-basic-list\">\n  <li  >    \n          Operarea \u0219i controlul ma\u0219inilor de produc\u021bie \u0219i ambalare.\n      <\/li>\n  <li  >    \n          Verificarea calit\u0103\u021bii \u0219i a specifica\u021biilor produselor.\n      <\/li>\n  <li  >    \n          \u00centre\u021binerea utilajelor \u0219i men\u021binerea cur\u0103\u021beniei la locul de munc\u0103.\n      <\/li>\n  <li  >    \n          Colabora\u021bi cu colegii pentru a realiza planificarea produc\u021biei.\n      <\/li>\n  <li  >    \n          Identifica\u021bi anomaliile sau disfunc\u021bionalit\u0103\u021bile \u0219i raporta\u021bi-le.\n      <\/li>\n<\/ul>\n<\/div>\n<\/div><\/div><\/div>\n<\/section><section class=\"bde-section-689-111 bde-section\">\n              \n  \n  \n\t\n\n\n\n<div class=\"section-container\"><div class=\"bde-columns-689-112 bde-columns\"><div class=\"bde-column-689-113 bde-column\">\n  \n  \n\t\n\n\n\n<div class=\"bde-div-689-114 bde-div\">\n  \n  \n\t\n\n\n\n<h1 class=\"bde-dual-heading-689-115 bde-dual-heading\">\n\n\n            <span data-style=\"secondary\" class=\"dual-heading--secondary\">Ce ne<\/span>\n\n            <span data-style=\"primary\" class=\"dual-heading--primary\">\u00centreb\u0103ri<\/span>\n\n\n\n<\/h1><ul class=\"bde-basic-list-689-116 bde-basic-list\">\n  <li  >    \n          Vorbi\u021bi olandez\u0103 sau englez\u0103.\n      <\/li>\n  <li  >    \n          \u00cen\u021belegere tehnic\u0103 \u0219i atitudine practic\u0103.\n      <\/li>\n  <li  >    \n          Experien\u021ba este un avantaj, dar nu este obligatorie.\n      <\/li>\n  <li  >    \n          Precizie, fiabilitate \u0219i orientare c\u0103tre calitate.\n      <\/li>\n  <li  >    \n          Disponibil de luni p\u00e2n\u0103 vineri.\n      <\/li>\n<\/ul>\n<\/div>\n<\/div><div class=\"bde-column-689-117 bde-column\">\n  \n  \n\t\n\n\n\n<div class=\"bde-div-689-118 bde-div\">\n  \n  \n\t\n\n\n\n<h1 class=\"bde-dual-heading-689-119 bde-dual-heading\">\n\n\n            <span data-style=\"secondary\" class=\"dual-heading--secondary\">Ce ne<\/span>\n\n            <span data-style=\"primary\" class=\"dual-heading--primary\">Ofert\u0103<\/span>\n\n\n\n<\/h1><ul class=\"bde-basic-list-689-120 bde-basic-list\">\n  <li  >    \n          Post cu norm\u0103 \u00eentreag\u0103, cu zile de lucru fixe.\n      <\/li>\n  <li  >    \n          Salariu de la 14,71 \u20ac pe or\u0103.\n      <\/li>\n  <li  >    \n          Oportunitatea de a dob\u00e2ndi experien\u021b\u0103 tehnic\u0103 \u00een produc\u021bie.\n      <\/li>\n  <li  >    \n          Atmosfer\u0103 de lucru pl\u0103cut\u0103 \u00een cadrul unei echipe colegiale.\n      <\/li>\n  <li  >    \n          Oportunitatea de a dob\u00e2ndi experien\u021b\u0103 \u00een industria alimentar\u0103.\n      <\/li>\n<\/ul>\n<\/div>\n<\/div><\/div><\/div>\n<\/section><section class=\"bde-section-689-121 bde-section\">\n  \n  \n\t\n\n\n\n<div class=\"section-container\"><div class=\"bde-text-689-122 bde-text\">\nSunte\u021bi lucr\u0103torul \u00een produc\u021bie pe care \u00eel c\u0103ut\u0103m? Trimite\u021bi CV-ul \u0219i motiva\u021bia dvs. la agen\u021bia de ocupare a for\u021bei de munc\u0103 sau contacta\u021bi-ne pentru mai multe informa\u021bii.\n<\/div><div class=\"bde-button-689-123 bde-button\">\n    \n                        \n                        \n    \n    \n    \n    \n            \n                    \n            \n            \n\n    \n    \n    \n    \n    \n    <a class=\"breakdance-link button-atom button-atom--secondary bde-button__button\" href=\"https:\/\/azorflexwork.com\/ro\/werknemers\/\" target=\"_blank\" data-type=\"url\"  >\n\n    \n        <span class=\"button-atom__text\">Aplica\u021bi direct<\/span>\n\n        \n        \n                <\/a>\n\n    \n\n\n<\/div><\/div>\n<\/section>","protected":false},"excerpt":{"rendered":"<p>productie medewerker (machinaal) Alblasserdam &#8211; Fulltime Voor onze klant in Alblasserdam zijn wij op zoek naar een productiemedewerker (machinaal). Je bedient en controleert machines in de productie en zorgt dat het productieproces soepel en effici\u00ebnt verloopt. Technisch inzicht is belangrijk, zodat je veilig en nauwkeurig kunt werken. Wat ga je doen Bedienen en controleren van [&hellip;]<\/p>\n","protected":false},"author":1,"featured_media":0,"parent":0,"menu_order":0,"comment_status":"closed","ping_status":"closed","template":"","meta":{"_breakdance_hide_in_design_set":false,"_breakdance_tags":"","footnotes":""},"class_list":["post-689","page","type-page","status-publish","hentry"],"_links":{"self":[{"href":"https:\/\/azorflexwork.com\/ro\/wp-json\/wp\/v2\/pages\/689","targetHints":{"allow":["GET"]}}],"collection":[{"href":"https:\/\/azorflexwork.com\/ro\/wp-json\/wp\/v2\/pages"}],"about":[{"href":"https:\/\/azorflexwork.com\/ro\/wp-json\/wp\/v2\/types\/page"}],"author":[{"embeddable":true,"href":"https:\/\/azorflexwork.com\/ro\/wp-json\/wp\/v2\/users\/1"}],"replies":[{"embeddable":true,"href":"https:\/\/azorflexwork.com\/ro\/wp-json\/wp\/v2\/comments?post=689"}],"version-history":[{"count":3,"href":"https:\/\/azorflexwork.com\/ro\/wp-json\/wp\/v2\/pages\/689\/revisions"}],"predecessor-version":[{"id":693,"href":"https:\/\/azorflexwork.com\/ro\/wp-json\/wp\/v2\/pages\/689\/revisions\/693"}],"wp:attachment":[{"href":"https:\/\/azorflexwork.com\/ro\/wp-json\/wp\/v2\/media?parent=689"}],"curies":[{"name":"wp","href":"https:\/\/api.w.org\/{rel}","templated":true}]}}