{"id":694,"date":"2026-02-18T08:54:18","date_gmt":"2026-02-18T08:54:18","guid":{"rendered":"https:\/\/azorflexwork.com\/?page_id=694"},"modified":"2026-02-18T08:54:18","modified_gmt":"2026-02-18T08:54:18","slug":"constructie-en-schilder","status":"publish","type":"page","link":"https:\/\/azorflexwork.com\/ro\/constructie-en-schilder\/","title":{"rendered":"Constructie en schilder\u00a0"},"content":{"rendered":"<section class=\"bde-section-694-100 bde-section\">\n  \n  \n\t\n\n\n\n<div class=\"section-container\"><h2 class=\"bde-heading-694-101 bde-heading\">\nMaistru de lucru \u00een construc\u021bii \u0219i vopsitor pe lemn\n<\/h2><\/div>\n<\/section><section class=\"bde-section-694-102 bde-section\">\n  \n  \n\t\n\n\n\n<div class=\"section-container\"><div class=\"bde-columns-694-103 bde-columns\"><div class=\"bde-column-694-104 bde-column\">\n  \n  \n\t\n\n\n\n<h1 class=\"bde-dual-heading-694-105 bde-dual-heading\">\n\n\n            <span data-style=\"secondary\" class=\"dual-heading--secondary\">Diverse loca\u021bii<\/span>\n\n            <span data-style=\"primary\" class=\"dual-heading--primary\">- Cu norm\u0103 \u00eentreag\u0103<\/span>\n\n\n\n<\/h1><div class=\"bde-text-694-106 bde-text\">\nPentru clientul nostru, c\u0103ut\u0103m un maistru cooperant cu experien\u021b\u0103 \u00een construc\u021bii \u0219i vopsitor lemn. Ve\u021bi supraveghea echipa pe \u0219antier, ve\u021bi participa activ \u0219i v\u0103 ve\u021bi asigura c\u0103 proiectele sunt realizate \u00een conformitate cu cerin\u021bele de planificare \u0219i de calitate. Sunte\u021bi punctul de contact pentru colegi \u0219i clien\u021bi \u0219i combina\u021bi conducerea cu munca practic\u0103.<br><br>Diverse loca\u021bii - desf\u0103\u0219urare flexibil\u0103<br>(Den Helder, Rotterdam, Gouda, Botlek etc.) \n<\/div>\n<\/div><div class=\"bde-column-694-107 bde-column\">\n  \n  \n\t\n\n\n\n<div class=\"bde-div-694-108 bde-div\">\n  \n  \n\t\n\n\n\n<h1 class=\"bde-dual-heading-694-109 bde-dual-heading\">\n\n\n            <span data-style=\"secondary\" class=\"dual-heading--secondary\">Ce ve\u021bi<\/span>\n\n            <span data-style=\"primary\" class=\"dual-heading--primary\">face\u021bi<\/span>\n\n\n\n<\/h1><ul class=\"bde-basic-list-694-110 bde-basic-list\">\n  <li  >    \n          Conduce\u021bi \u0219i sprijini\u021bi echipa de vopsitori \u0219i constructori de pe \u0219antier.\n      <\/li>\n  <li  >    \n          Efectua\u021bi vopsirea lemnului \u0219i a structurilor.\n      <\/li>\n  <li  >    \n          Verifica\u021bi calitatea \u0219i siguran\u021ba lucr\u0103rilor.\n      <\/li>\n  <li  >    \n          Planificarea activit\u0103\u021bii \u0219i coordonarea cu clien\u021bii \u0219i colegii.\n      <\/li>\n  <li  >    \n          \u00centre\u021binerea materialelor \u0219i instrumentelor.\n      <\/li>\n<\/ul>\n<\/div>\n<\/div><\/div><\/div>\n<\/section><section class=\"bde-section-694-111 bde-section\">\n              \n  \n  \n\t\n\n\n\n<div class=\"section-container\"><div class=\"bde-columns-694-112 bde-columns\"><div class=\"bde-column-694-113 bde-column\">\n  \n  \n\t\n\n\n\n<div class=\"bde-div-694-114 bde-div\">\n  \n  \n\t\n\n\n\n<h1 class=\"bde-dual-heading-694-115 bde-dual-heading\">\n\n\n            <span data-style=\"secondary\" class=\"dual-heading--secondary\">Ce ne<\/span>\n\n            <span data-style=\"primary\" class=\"dual-heading--primary\">\u00centreb\u0103ri<\/span>\n\n\n\n<\/h1><ul class=\"bde-basic-list-694-116 bde-basic-list\">\n  <li  >    \n          Vorbi\u021bi olandez\u0103 sau englez\u0103.\n      <\/li>\n  <li  >    \n          Experien\u021b\u0103 demonstrat\u0103 \u00een vopsirea \u0219i construc\u021bia lemnului.\n      <\/li>\n  <li  >    \n          Abilit\u0103\u021bi de conducere \u0219i spirit de echip\u0103.\n      <\/li>\n  <li  >    \n          Precizie, orientare c\u0103tre calitate \u0219i solu\u021bii.\n      <\/li>\n  <li  >    \n          Desf\u0103\u0219urare flexibil\u0103 \u00een diverse loca\u021bii.\n      <\/li>\n  <li  >    \n          Disponibil de luni p\u00e2n\u0103 vineri.\n      <\/li>\n<\/ul>\n<\/div>\n<\/div><div class=\"bde-column-694-117 bde-column\">\n  \n  \n\t\n\n\n\n<div class=\"bde-div-694-118 bde-div\">\n  \n  \n\t\n\n\n\n<h1 class=\"bde-dual-heading-694-119 bde-dual-heading\">\n\n\n            <span data-style=\"secondary\" class=\"dual-heading--secondary\">Ce ne<\/span>\n\n            <span data-style=\"primary\" class=\"dual-heading--primary\">Ofert\u0103<\/span>\n\n\n\n<\/h1><ul class=\"bde-basic-list-694-120 bde-basic-list\">\n  <li  >    \n          Post cu norm\u0103 \u00eentreag\u0103, cu loca\u021bii \u0219i proiecte variate.\n      <\/li>\n  <li  >    \n          Salariu \u00een func\u021bie de experien\u021b\u0103 \u0219i competen\u021be.\n      <\/li>\n  <li  >    \n          Oportunitatea de a combina experien\u021ba managerial\u0103 cu munca practic\u0103.\n      <\/li>\n  <li  >    \n          Atmosfer\u0103 de lucru pl\u0103cut\u0103 \u0219i echip\u0103 colegial\u0103.\n      <\/li>\n<\/ul>\n<\/div>\n<\/div><\/div><\/div>\n<\/section><section class=\"bde-section-694-121 bde-section\">\n  \n  \n\t\n\n\n\n<div class=\"section-container\"><div class=\"bde-text-694-122 bde-text\">\nSunte\u021bi maistrul cooperant \u00een construc\u021bii \u0219i vopsitor pe lemn pe care \u00eel c\u0103ut\u0103m? Trimite CV-ul \u0219i motiva\u021bia ta la agen\u021bia de ocupare a for\u021bei de munc\u0103 sau contacteaz\u0103-ne pentru mai multe informa\u021bii.\n<\/div><div class=\"bde-button-694-123 bde-button\">\n    \n                        \n                        \n    \n    \n    \n    \n            \n                    \n            \n            \n\n    \n    \n    \n    \n    \n    <a class=\"breakdance-link button-atom button-atom--secondary bde-button__button\" href=\"https:\/\/azorflexwork.com\/ro\/werknemers\/\" target=\"_blank\" data-type=\"url\"  >\n\n    \n        <span class=\"button-atom__text\">Aplica\u021bi direct<\/span>\n\n        \n        \n                <\/a>\n\n    \n\n\n<\/div><\/div>\n<\/section>","protected":false},"excerpt":{"rendered":"<p>Meewerkend Voorman Constructie en Houtschilder Diverse locaties &#8211; Fulltime Voor onze klant zijn wij op zoek naar een ervaren meewerkend voorman constructie en houtschilder. Je begeleidt het team op locatie, werkt actief mee en zorgt dat projecten volgens planning en kwaliteitseisen worden uitgevoerd. Je bent het aanspreekpunt voor collega\u2019s en klanten en combineert leidinggeven met [&hellip;]<\/p>\n","protected":false},"author":1,"featured_media":0,"parent":0,"menu_order":0,"comment_status":"closed","ping_status":"closed","template":"","meta":{"_breakdance_hide_in_design_set":false,"_breakdance_tags":"","footnotes":""},"class_list":["post-694","page","type-page","status-publish","hentry"],"_links":{"self":[{"href":"https:\/\/azorflexwork.com\/ro\/wp-json\/wp\/v2\/pages\/694","targetHints":{"allow":["GET"]}}],"collection":[{"href":"https:\/\/azorflexwork.com\/ro\/wp-json\/wp\/v2\/pages"}],"about":[{"href":"https:\/\/azorflexwork.com\/ro\/wp-json\/wp\/v2\/types\/page"}],"author":[{"embeddable":true,"href":"https:\/\/azorflexwork.com\/ro\/wp-json\/wp\/v2\/users\/1"}],"replies":[{"embeddable":true,"href":"https:\/\/azorflexwork.com\/ro\/wp-json\/wp\/v2\/comments?post=694"}],"version-history":[{"count":2,"href":"https:\/\/azorflexwork.com\/ro\/wp-json\/wp\/v2\/pages\/694\/revisions"}],"predecessor-version":[{"id":699,"href":"https:\/\/azorflexwork.com\/ro\/wp-json\/wp\/v2\/pages\/694\/revisions\/699"}],"wp:attachment":[{"href":"https:\/\/azorflexwork.com\/ro\/wp-json\/wp\/v2\/media?parent=694"}],"curies":[{"name":"wp","href":"https:\/\/api.w.org\/{rel}","templated":true}]}}