{"id":696,"date":"2026-02-18T08:55:29","date_gmt":"2026-02-18T08:55:29","guid":{"rendered":"https:\/\/azorflexwork.com\/?page_id=696"},"modified":"2026-02-18T08:55:29","modified_gmt":"2026-02-18T08:55:29","slug":"verwarmingsmonteur","status":"publish","type":"page","link":"https:\/\/azorflexwork.com\/ro\/verwarmingsmonteur\/","title":{"rendered":"Inginer de \u00eenc\u0103lzire"},"content":{"rendered":"<section class=\"bde-section-696-100 bde-section\">\n  \n  \n\t\n\n\n\n<div class=\"section-container\"><h2 class=\"bde-heading-696-101 bde-heading\">\nInginer de \u00eenc\u0103lzire\n<\/h2><\/div>\n<\/section><section class=\"bde-section-696-102 bde-section\">\n  \n  \n\t\n\n\n\n<div class=\"section-container\"><div class=\"bde-columns-696-103 bde-columns\"><div class=\"bde-column-696-104 bde-column\">\n  \n  \n\t\n\n\n\n<h1 class=\"bde-dual-heading-696-105 bde-dual-heading\">\n\n\n            <span data-style=\"secondary\" class=\"dual-heading--secondary\">Naaldwijk<\/span>\n\n            <span data-style=\"primary\" class=\"dual-heading--primary\">- Cu norm\u0103 \u00eentreag\u0103<\/span>\n\n\n\n<\/h1><div class=\"bde-text-696-106 bde-text\">\nPentru clientul nostru din Naaldwijk, c\u0103ut\u0103m un inginer termic entuziast. Experien\u021ba nu este necesar\u0103; ceea ce este important este s\u0103 ave\u021bi cuno\u0219tin\u021be tehnice \u0219i s\u0103 pute\u021bi citi desene tehnice simple. Ve\u021bi ajuta la instalarea, \u00eentre\u021binerea \u0219i verificarea sistemelor de \u00eenc\u0103lzire.\n<\/div>\n<\/div><div class=\"bde-column-696-107 bde-column\">\n  \n  \n\t\n\n\n\n<div class=\"bde-div-696-108 bde-div\">\n  \n  \n\t\n\n\n\n<h1 class=\"bde-dual-heading-696-109 bde-dual-heading\">\n\n\n            <span data-style=\"secondary\" class=\"dual-heading--secondary\">Ce ve\u021bi<\/span>\n\n            <span data-style=\"primary\" class=\"dual-heading--primary\">face\u021bi<\/span>\n\n\n\n<\/h1><ul class=\"bde-basic-list-696-110 bde-basic-list\">\n  <li  >    \n          Instalarea \u0219i \u00eentre\u021binerea sistemelor de \u00eenc\u0103lzire.\n      <\/li>\n  <li  >    \n          Citirea \u0219i urm\u0103rirea desenelor tehnice simple.\n      <\/li>\n  <li  >    \n          Verificarea func\u021bion\u0103rii \u0219i siguran\u021bei instala\u021biilor.\n      <\/li>\n  <li  >    \n          S\u0103 colaboreze cu colegii pentru a-\u0219i desf\u0103\u0219ura activitatea \u00een mod eficient.\n      <\/li>\n  <li  >    \n          Asigurarea unui loc de munc\u0103 \u00eengrijit \u0219i sigur.\n      <\/li>\n<\/ul>\n<\/div>\n<\/div><\/div><\/div>\n<\/section><section class=\"bde-section-696-111 bde-section\">\n              \n  \n  \n\t\n\n\n\n<div class=\"section-container\"><div class=\"bde-columns-696-112 bde-columns\"><div class=\"bde-column-696-113 bde-column\">\n  \n  \n\t\n\n\n\n<div class=\"bde-div-696-114 bde-div\">\n  \n  \n\t\n\n\n\n<h1 class=\"bde-dual-heading-696-115 bde-dual-heading\">\n\n\n            <span data-style=\"secondary\" class=\"dual-heading--secondary\">Ce ne<\/span>\n\n            <span data-style=\"primary\" class=\"dual-heading--primary\">\u00centreb\u0103ri<\/span>\n\n\n\n<\/h1><ul class=\"bde-basic-list-696-116 bde-basic-list\">\n  <li  >    \n          Vorbi\u021bi olandez\u0103 sau englez\u0103.\n      <\/li>\n  <li  >    \n          \u00cen\u021belegere tehnic\u0103 \u0219i atitudine practic\u0103.\n      <\/li>\n  <li  >    \n          Experien\u021ba nu este necesar\u0103; candida\u021bii curio\u0219i sunt bineveni\u021bi.\n      <\/li>\n  <li  >    \n          Exact, de \u00eencredere \u0219i orientat c\u0103tre solu\u021bii.\n      <\/li>\n  <li  >    \n          Disponibil de luni p\u00e2n\u0103 vineri.\n      <\/li>\n<\/ul>\n<\/div>\n<\/div><div class=\"bde-column-696-117 bde-column\">\n  \n  \n\t\n\n\n\n<div class=\"bde-div-696-118 bde-div\">\n  \n  \n\t\n\n\n\n<h1 class=\"bde-dual-heading-696-119 bde-dual-heading\">\n\n\n            <span data-style=\"secondary\" class=\"dual-heading--secondary\">Ce ne<\/span>\n\n            <span data-style=\"primary\" class=\"dual-heading--primary\">Ofert\u0103<\/span>\n\n\n\n<\/h1><ul class=\"bde-basic-list-696-120 bde-basic-list\">\n  <li  >    \n          Post cu norm\u0103 \u00eentreag\u0103 \u00een cadrul unei echipe profesioniste.\n      <\/li>\n  <li  >    \n          Salariu de la 14,71 \u20ac pe or\u0103.\n      <\/li>\n  <li  >    \n          Oportunitatea de a \u00eenv\u0103\u021ba meseria de inginer termic.\n      <\/li>\n  <li  >    \n          Atmosfer\u0103 de lucru pl\u0103cut\u0103 cu colegi colegiali.\n      <\/li>\n<\/ul>\n<\/div>\n<\/div><\/div><\/div>\n<\/section><section class=\"bde-section-696-121 bde-section\">\n  \n  \n\t\n\n\n\n<div class=\"section-container\"><div class=\"bde-text-696-122 bde-text\">\nSunte\u021bi inginerul termic pe care \u00eel c\u0103ut\u0103m? Trimite\u021bi CV-ul \u0219i motiva\u021bia la agen\u021bia de ocupare a for\u021bei de munc\u0103 sau contacta\u021bi-ne pentru mai multe informa\u021bii.\n<\/div><div class=\"bde-button-696-123 bde-button\">\n    \n                        \n                        \n    \n    \n    \n    \n            \n                    \n            \n            \n\n    \n    \n    \n    \n    \n    <a class=\"breakdance-link button-atom button-atom--secondary bde-button__button\" href=\"https:\/\/azorflexwork.com\/ro\/werknemers\/\" target=\"_blank\" data-type=\"url\"  >\n\n    \n        <span class=\"button-atom__text\">Aplica\u021bi direct<\/span>\n\n        \n        \n                <\/a>\n\n    \n\n\n<\/div><\/div>\n<\/section>","protected":false},"excerpt":{"rendered":"<p>Verwarmingsmonteur Naaldwijk &#8211; Fulltime Voor onze klant in Naaldwijk zijn wij op zoek naar een enthousiaste verwarmingsmonteur. Ervaring is niet vereist; belangrijk is dat je technisch inzicht hebt en eenvoudige technische tekeningen kunt lezen. Je ondersteunt bij het installeren, onderhouden en controleren van verwarmingssystemen. Wat ga je doen Installeren en onderhouden van verwarmingssystemen. Lezen en [&hellip;]<\/p>\n","protected":false},"author":1,"featured_media":0,"parent":0,"menu_order":0,"comment_status":"closed","ping_status":"closed","template":"","meta":{"_breakdance_hide_in_design_set":false,"_breakdance_tags":"","footnotes":""},"class_list":["post-696","page","type-page","status-publish","hentry"],"_links":{"self":[{"href":"https:\/\/azorflexwork.com\/ro\/wp-json\/wp\/v2\/pages\/696","targetHints":{"allow":["GET"]}}],"collection":[{"href":"https:\/\/azorflexwork.com\/ro\/wp-json\/wp\/v2\/pages"}],"about":[{"href":"https:\/\/azorflexwork.com\/ro\/wp-json\/wp\/v2\/types\/page"}],"author":[{"embeddable":true,"href":"https:\/\/azorflexwork.com\/ro\/wp-json\/wp\/v2\/users\/1"}],"replies":[{"embeddable":true,"href":"https:\/\/azorflexwork.com\/ro\/wp-json\/wp\/v2\/comments?post=696"}],"version-history":[{"count":2,"href":"https:\/\/azorflexwork.com\/ro\/wp-json\/wp\/v2\/pages\/696\/revisions"}],"predecessor-version":[{"id":698,"href":"https:\/\/azorflexwork.com\/ro\/wp-json\/wp\/v2\/pages\/696\/revisions\/698"}],"wp:attachment":[{"href":"https:\/\/azorflexwork.com\/ro\/wp-json\/wp\/v2\/media?parent=696"}],"curies":[{"name":"wp","href":"https:\/\/api.w.org\/{rel}","templated":true}]}}